{"id":12,"date":"2025-09-18T11:38:50","date_gmt":"2025-09-18T08:38:50","guid":{"rendered":"https:\/\/snekpl.com\/?page_id=12"},"modified":"2026-04-01T00:52:32","modified_gmt":"2026-03-31T21:52:32","slug":"refund_returns","status":"publish","type":"page","link":"https:\/\/snekpl.com\/pl\/refund_returns\/","title":{"rendered":"Polityka zwrot\u00f3w"},"content":{"rendered":"<div data-elementor-type=\"wp-page\" data-elementor-id=\"12\" class=\"elementor elementor-12\" data-elementor-post-type=\"page\">\n\t\t\t\t<div class=\"wd-negative-gap elementor-element elementor-element-159dfeb1 e-flex e-con-boxed e-con e-parent\" data-id=\"159dfeb1\" data-element_type=\"container\">\n\t\t\t\t\t<div class=\"e-con-inner\">\n\t\t\t\t<div class=\"elementor-element elementor-element-3825dc3d color-scheme-inherit text-left elementor-widget elementor-widget-text-editor\" data-id=\"3825dc3d\" data-element_type=\"widget\" data-widget_type=\"text-editor.default\">\n\t\t\t\t\t\t\t\t\t\n<h3 class=\"p1\"><strong>Reklamacje i zwroty<\/strong><\/h3>\n<p class=\"p1\">ZWROT:<\/p>\n<p class=\"p1\">UWAGA: Masz prawo zwr\u00f3ci\u0107 produkt w ci\u0105gu 14 dni, je\u015bli opakowanie nie zosta\u0142o otwarte i nie uleg\u0142o uszkodzeniu.<\/p>\n<p class=\"p1\">Okres trwa\u0142o\u015bci naszych produkt\u00f3w, takich jak<\/p>\n<p class=\"p1\">Rybne przek\u0105ski do 6 miesi\u0119cy, przechowywa\u0107 w lod\u00f3wce<\/p>\n<p class=\"p1\">Mi\u0119sne zjesz co\u015b do 3 miesi\u0105ca przechowywa\u0107 w lod\u00f3wce<\/p>\n<p class=\"p1\">Suche przek\u0105ski do 12 miesi\u0119cy, przechowywa\u0107 w suchym miejscu<\/p>\n<p class=\"p1\">SKAR\u017b\u0104<\/p>\n<p class=\"p1\">Je\u017celi po otrzymaniu towaru oka\u017ce si\u0119, \u017ce towar jest niezgodny z zam\u00f3wieniem lub powoduje jakiekolwiek w\u0105tpliwo\u015bci co do jako\u015bci, nale\u017cy natychmiast powiadomi\u0107 o tym sprzedawc\u0119, aby szybko i efektywnie taktowa\u0107 reklamacj\u0119.<\/p>\n<p class=\"p1\">Reklamacje s\u0105 mo\u017cliwe, je\u015bli otrzymany towar nie spe\u0142nia zleconego towaru lub ma wady.\u00a0<\/p>\n<p class=\"p1\">Adres zwrotu: ul. Targowa 2, lok.2, 48-317 Korfant\u00f3w.<\/p>\n<p class=\"p1\">Reklamacji nie podlegaj\u0105 gwarancji roszcze\u0144, opartych na naturalnych cechach towaru lub indywidualnych upodoba\u0144 klienta, pod warunkiem, \u017ce towar jest zgodny z opisem i nie ma \u017cadnych oznak uszkodze\u0144 lub zniszczenia.<\/p>\n<p class=\"p1\">Kupuj\u0105cy zobowi\u0105zany jest wys\u0142a\u0107 wszystkie niezb\u0119dne dane na e-mail, takie jak: numer zam\u00f3wienia, dat\u0119 zakupu, a tak\u017ce, na \u017c\u0105danie sprzedaj\u0105cego, dodatkowe informacje.<\/p>\n<p class=\"p1\">Reklamacje b\u0119d\u0105 rozpatrywane w ci\u0105gu maksymalnie 14 dni \u2013 wszystkie odpowiedzi s\u0105 wysy\u0142ane do kupuj\u0105cego w formie elektronicznej.<\/p>\n<p class=\"p1\">Adres e-mail <span class=\"s1\">snekpl24@gmail.com<\/span><\/p>\n\t\t\t\t\t\t\t\t<\/div>\n\t\t\t\t\t<\/div>\n\t\t\t\t<\/div>\n\t\t\t\t<\/div>","protected":false},"excerpt":{"rendered":"<p>\u0421\u043a\u0430\u0440\u0433\u0438 \u0442\u0430 \u043f\u043e\u0432\u0435\u0440\u043d\u0435\u043d\u043d\u044f \u041f\u041e\u0412\u0415\u0420\u041d\u0415\u041d\u041d\u042f: \u041f\u0420\u0418\u041c\u0406\u0422\u041a\u0410: \u0412\u0438 \u043c\u0430\u0454\u0442\u0435 \u043f\u0440\u0430\u0432\u043e \u043f\u043e\u0432\u0435\u0440\u043d\u0443\u0442\u0438 \u0442\u043e\u0432\u0430\u0440 \u043f\u0440\u043e\u0442\u044f\u0433\u043e\u043c 14 \u0434\u043d\u0456\u0432, \u044f\u043a\u0449\u043e \u0443\u043f\u0430\u043a\u043e\u0432\u043a\u0430 \u043d\u0435 \u0431\u0443\u043b\u0430 \u0432\u0456\u0434\u043a\u0440\u0438\u0442\u0430 \u0430\u0431\u043e \u043f\u043e\u0448\u043a\u043e\u0434\u0436\u0435\u043d\u0430<\/p>","protected":false},"author":1,"featured_media":0,"parent":0,"menu_order":0,"comment_status":"closed","ping_status":"closed","template":"","meta":{"footnotes":""},"class_list":["post-12","page","type-page","status-publish","hentry"],"yoast_head":"<!-- This site is optimized with the Yoast SEO Premium plugin v25.6 (Yoast SEO v25.6) - https:\/\/yoast.com\/wordpress\/plugins\/seo\/ -->\n<title>\u041f\u043e\u043b\u0456\u0442\u0438\u043a\u0430 \u043f\u043e\u0432\u0435\u0440\u043d\u0435\u043d\u043d\u044f - SNEK.PL<\/title>\n<meta name=\"robots\" content=\"index, follow, max-snippet:-1, max-image-preview:large, max-video-preview:-1\" \/>\n<link rel=\"canonical\" href=\"https:\/\/snekpl.com\/pl\/refund_returns\/\" \/>\n<meta property=\"og:locale\" content=\"pl_PL\" \/>\n<meta property=\"og:type\" content=\"article\" \/>\n<meta property=\"og:title\" content=\"\u041f\u043e\u043b\u0456\u0442\u0438\u043a\u0430 \u043f\u043e\u0432\u0435\u0440\u043d\u0435\u043d\u043d\u044f\" \/>\n<meta property=\"og:description\" content=\"\u0421\u043a\u0430\u0440\u0433\u0438 \u0442\u0430 \u043f\u043e\u0432\u0435\u0440\u043d\u0435\u043d\u043d\u044f \u041f\u041e\u0412\u0415\u0420\u041d\u0415\u041d\u041d\u042f: \u041f\u0420\u0418\u041c\u0406\u0422\u041a\u0410: \u0412\u0438 \u043c\u0430\u0454\u0442\u0435 \u043f\u0440\u0430\u0432\u043e \u043f\u043e\u0432\u0435\u0440\u043d\u0443\u0442\u0438 \u0442\u043e\u0432\u0430\u0440 \u043f\u0440\u043e\u0442\u044f\u0433\u043e\u043c 14 \u0434\u043d\u0456\u0432, \u044f\u043a\u0449\u043e \u0443\u043f\u0430\u043a\u043e\u0432\u043a\u0430 \u043d\u0435 \u0431\u0443\u043b\u0430 \u0432\u0456\u0434\u043a\u0440\u0438\u0442\u0430 \u0430\u0431\u043e \u043f\u043e\u0448\u043a\u043e\u0434\u0436\u0435\u043d\u0430\" \/>\n<meta property=\"og:url\" content=\"https:\/\/snekpl.com\/pl\/refund_returns\/\" \/>\n<meta property=\"og:site_name\" content=\"SNEK.PL\" \/>\n<meta property=\"article:modified_time\" content=\"2026-03-31T21:52:32+00:00\" \/>\n<meta name=\"twitter:card\" content=\"summary_large_image\" \/>\n<meta name=\"twitter:label1\" content=\"Szacowany czas czytania\" \/>\n\t<meta name=\"twitter:data1\" content=\"1 minuta\" \/>\n<script type=\"application\/ld+json\" class=\"yoast-schema-graph\">{\"@context\":\"https:\/\/schema.org\",\"@graph\":[{\"@type\":\"WebPage\",\"@id\":\"https:\/\/snekpl.com\/pl\/refund_returns\/\",\"url\":\"https:\/\/snekpl.com\/pl\/refund_returns\/\",\"name\":\"\u041f\u043e\u043b\u0456\u0442\u0438\u043a\u0430 \u043f\u043e\u0432\u0435\u0440\u043d\u0435\u043d\u043d\u044f - SNEK.PL\",\"isPartOf\":{\"@id\":\"https:\/\/snekpl.com\/pl\/#website\"},\"datePublished\":\"2025-09-18T08:38:50+00:00\",\"dateModified\":\"2026-03-31T21:52:32+00:00\",\"breadcrumb\":{\"@id\":\"https:\/\/snekpl.com\/pl\/refund_returns\/#breadcrumb\"},\"inLanguage\":\"pl-PL\",\"potentialAction\":[{\"@type\":\"ReadAction\",\"target\":[\"https:\/\/snekpl.com\/pl\/refund_returns\/\"]}]},{\"@type\":\"BreadcrumbList\",\"@id\":\"https:\/\/snekpl.com\/pl\/refund_returns\/#breadcrumb\",\"itemListElement\":[{\"@type\":\"ListItem\",\"position\":1,\"name\":\"Home\",\"item\":\"https:\/\/snekpl.com\/pl\/\"},{\"@type\":\"ListItem\",\"position\":2,\"name\":\"\u041f\u043e\u043b\u0456\u0442\u0438\u043a\u0430 \u043f\u043e\u0432\u0435\u0440\u043d\u0435\u043d\u043d\u044f\"}]},{\"@type\":\"WebSite\",\"@id\":\"https:\/\/snekpl.com\/pl\/#website\",\"url\":\"https:\/\/snekpl.com\/pl\/\",\"name\":\"SNEK.PL\",\"description\":\"SNEK.PL - \u043a\u043e\u043b\u0438 \u0445\u043e\u0447\u0435\u0448 \u0441\u043c\u0430\u0447\u043d\u043e, \u043f\u0440\u043e\u0441\u0442\u043e \u0456 \u043f\u043e-\u0441\u043f\u0440\u0430\u0432\u0436\u043d\u044c\u043e\u043c\u0443\",\"potentialAction\":[{\"@type\":\"SearchAction\",\"target\":{\"@type\":\"EntryPoint\",\"urlTemplate\":\"https:\/\/snekpl.com\/pl\/?s={search_term_string}\"},\"query-input\":{\"@type\":\"PropertyValueSpecification\",\"valueRequired\":true,\"valueName\":\"search_term_string\"}}],\"inLanguage\":\"pl-PL\"}]}<\/script>\n<!-- \/ Yoast SEO Premium plugin. -->","yoast_head_json":{"title":"\u041f\u043e\u043b\u0456\u0442\u0438\u043a\u0430 \u043f\u043e\u0432\u0435\u0440\u043d\u0435\u043d\u043d\u044f - SNEK.PL","robots":{"index":"index","follow":"follow","max-snippet":"max-snippet:-1","max-image-preview":"max-image-preview:large","max-video-preview":"max-video-preview:-1"},"canonical":"https:\/\/snekpl.com\/pl\/refund_returns\/","og_locale":"pl_PL","og_type":"article","og_title":"\u041f\u043e\u043b\u0456\u0442\u0438\u043a\u0430 \u043f\u043e\u0432\u0435\u0440\u043d\u0435\u043d\u043d\u044f","og_description":"\u0421\u043a\u0430\u0440\u0433\u0438 \u0442\u0430 \u043f\u043e\u0432\u0435\u0440\u043d\u0435\u043d\u043d\u044f \u041f\u041e\u0412\u0415\u0420\u041d\u0415\u041d\u041d\u042f: \u041f\u0420\u0418\u041c\u0406\u0422\u041a\u0410: \u0412\u0438 \u043c\u0430\u0454\u0442\u0435 \u043f\u0440\u0430\u0432\u043e \u043f\u043e\u0432\u0435\u0440\u043d\u0443\u0442\u0438 \u0442\u043e\u0432\u0430\u0440 \u043f\u0440\u043e\u0442\u044f\u0433\u043e\u043c 14 \u0434\u043d\u0456\u0432, \u044f\u043a\u0449\u043e \u0443\u043f\u0430\u043a\u043e\u0432\u043a\u0430 \u043d\u0435 \u0431\u0443\u043b\u0430 \u0432\u0456\u0434\u043a\u0440\u0438\u0442\u0430 \u0430\u0431\u043e \u043f\u043e\u0448\u043a\u043e\u0434\u0436\u0435\u043d\u0430","og_url":"https:\/\/snekpl.com\/pl\/refund_returns\/","og_site_name":"SNEK.PL","article_modified_time":"2026-03-31T21:52:32+00:00","twitter_card":"summary_large_image","twitter_misc":{"Szacowany czas czytania":"1 minuta"},"schema":{"@context":"https:\/\/schema.org","@graph":[{"@type":"WebPage","@id":"https:\/\/snekpl.com\/pl\/refund_returns\/","url":"https:\/\/snekpl.com\/pl\/refund_returns\/","name":"\u041f\u043e\u043b\u0456\u0442\u0438\u043a\u0430 \u043f\u043e\u0432\u0435\u0440\u043d\u0435\u043d\u043d\u044f - SNEK.PL","isPartOf":{"@id":"https:\/\/snekpl.com\/pl\/#website"},"datePublished":"2025-09-18T08:38:50+00:00","dateModified":"2026-03-31T21:52:32+00:00","breadcrumb":{"@id":"https:\/\/snekpl.com\/pl\/refund_returns\/#breadcrumb"},"inLanguage":"pl-PL","potentialAction":[{"@type":"ReadAction","target":["https:\/\/snekpl.com\/pl\/refund_returns\/"]}]},{"@type":"BreadcrumbList","@id":"https:\/\/snekpl.com\/pl\/refund_returns\/#breadcrumb","itemListElement":[{"@type":"ListItem","position":1,"name":"Home","item":"https:\/\/snekpl.com\/pl\/"},{"@type":"ListItem","position":2,"name":"\u041f\u043e\u043b\u0456\u0442\u0438\u043a\u0430 \u043f\u043e\u0432\u0435\u0440\u043d\u0435\u043d\u043d\u044f"}]},{"@type":"WebSite","@id":"https:\/\/snekpl.com\/pl\/#website","url":"https:\/\/snekpl.com\/pl\/","name":"SNEK.PL","description":"SNEK.PL - \u043a\u043e\u043b\u0438 \u0445\u043e\u0447\u0435\u0448 \u0441\u043c\u0430\u0447\u043d\u043e, \u043f\u0440\u043e\u0441\u0442\u043e \u0456 \u043f\u043e-\u0441\u043f\u0440\u0430\u0432\u0436\u043d\u044c\u043e\u043c\u0443","potentialAction":[{"@type":"SearchAction","target":{"@type":"EntryPoint","urlTemplate":"https:\/\/snekpl.com\/pl\/?s={search_term_string}"},"query-input":{"@type":"PropertyValueSpecification","valueRequired":true,"valueName":"search_term_string"}}],"inLanguage":"pl-PL"}]}},"_links":{"self":[{"href":"https:\/\/snekpl.com\/pl\/wp-json\/wp\/v2\/pages\/12","targetHints":{"allow":["GET"]}}],"collection":[{"href":"https:\/\/snekpl.com\/pl\/wp-json\/wp\/v2\/pages"}],"about":[{"href":"https:\/\/snekpl.com\/pl\/wp-json\/wp\/v2\/types\/page"}],"author":[{"embeddable":true,"href":"https:\/\/snekpl.com\/pl\/wp-json\/wp\/v2\/users\/1"}],"replies":[{"embeddable":true,"href":"https:\/\/snekpl.com\/pl\/wp-json\/wp\/v2\/comments?post=12"}],"version-history":[{"count":9,"href":"https:\/\/snekpl.com\/pl\/wp-json\/wp\/v2\/pages\/12\/revisions"}],"predecessor-version":[{"id":3408,"href":"https:\/\/snekpl.com\/pl\/wp-json\/wp\/v2\/pages\/12\/revisions\/3408"}],"wp:attachment":[{"href":"https:\/\/snekpl.com\/pl\/wp-json\/wp\/v2\/media?parent=12"}],"curies":[{"name":"wp","href":"https:\/\/api.w.org\/{rel}","templated":true}]}}