{"id":3,"date":"2025-09-18T11:03:51","date_gmt":"2025-09-18T11:03:51","guid":{"rendered":"https:\/\/snekpl.com\/?page_id=3"},"modified":"2026-02-19T15:24:59","modified_gmt":"2026-02-19T12:24:59","slug":"privacy-policy","status":"publish","type":"page","link":"https:\/\/snekpl.com\/pl\/privacy-policy\/","title":{"rendered":"Polityka prywatno\u015bci"},"content":{"rendered":"<div data-elementor-type=\"wp-page\" data-elementor-id=\"3\" class=\"elementor elementor-3\" data-elementor-post-type=\"page\">\n\t\t\t\t<div class=\"wd-negative-gap elementor-element elementor-element-2d942eba e-flex e-con-boxed e-con e-parent\" data-id=\"2d942eba\" data-element_type=\"container\">\n\t\t\t\t\t<div class=\"e-con-inner\">\n\t\t\t\t<div class=\"elementor-element elementor-element-2a3ae688 color-scheme-inherit text-left elementor-widget elementor-widget-text-editor\" data-id=\"2a3ae688\" data-element_type=\"widget\" data-widget_type=\"text-editor.default\">\n\t\t\t\t\t\t\t\t\t\n<h2 class=\"wp-block-heading\"><strong>Polityka prywatno\u015bci<br \/><\/strong><\/h2>\n<p class=\"p1\"><b>Arina Herman Snek.pl<br \/>Sklep:<span style=\"text-decoration: underline;\"> <a href=\"https:\/\/snekpl.com\/pl\/\">snek.pl<\/a>, <a href=\"https:\/\/snekpl.com\/pl\/\">https:\/\/snekpl.com<\/a><br \/><br \/>NIP\u00a0 7532482440 <br \/>REGON\u00a0 <span class=\"s1\">543496934<br \/><\/span>\u00a0Korfant\u00f3w, ul. Targowa, nr 2, lok. 2, 48-317<\/span><\/b><\/p>\n<p class=\"p2\"><a href=\"https:\/\/snekpl.com\/pl\/\"><span class=\"s2\"><b>https:\/\/snekpl.com<\/b><\/span><\/a><\/p>\n<p class=\"p1\">Szanowny u\u017cytkowniku!<\/p>\n<p class=\"p1\">Dbamy o twoj\u0105 prywatno\u015b\u0107 i chcemy, aby czu\u0107 si\u0119 komfortowo, korzystaj\u0105c z naszych us\u0142ug. Dlatego poni\u017cej przedstawiamy najwa\u017cniejsze informacje o tym, jak przetwarzamy twoje dane osobowe i pliki cookie u\u017cywane w naszym sklepie. Informacja ta zosta\u0142a przygotowana zgodnie z GDPR (Og\u00f3lnym rozporz\u0105dzeniem O ochronie danych osobowych).<\/p>\n<p class=\"p1\">KONTROLER DANYCH OSOBOWYCH<\/p>\n<p class=\"p1\">HERMAN Arina, przedsi\u0119biorca, zajmuj\u0105cy si\u0119 dzia\u0142alno\u015bci\u0105 gospodarcz\u0105 pod nazw\u0105 Arina Herman, wpisany do Centralnego rejestru i biznes-informacje przekazane przez ministra, odpowiedzialna za gospodark\u0119 i prowadzenie Centralnego rejestru i informacji biznesowych, NIP 7532482440, REGON <span class=\"s1\">543496934<\/span>, ul. Targowa 2, lok.2, 48-317 Korfant\u00f3w.<\/p>\n<p class=\"p1\">Je\u015bli chcesz skontaktowa\u0107 si\u0119 z nami w sprawie przetwarzania danych osobowych, prosimy napisz do nas na poni\u017cszy adres e-mail: <span class=\"s1\">snekpl24@gmail.com<\/span><\/p>\n<p class=\"p1\">TWOJE PRAWA<\/p>\n<p class=\"p1\">Masz prawo domaga\u0107 si\u0119:<\/p>\n<p class=\"p1\">dost\u0119p do twoich danych osobowych, w tym otrzymanie kopii danych(Artyku\u0142 15 GDPR lub \u2013 je\u015bli dotyczy \u2013 artyku\u0142 13(1) (f) GDPR),<\/p>\n<p class=\"p1\">ich poprawka (artyku\u0142 16 GDPR),<\/p>\n<p class=\"p1\">usuwanie (artyku\u0142 17 GDPR),<\/p>\n<p class=\"p1\">ograniczenia przetwarzania (artyku\u0142 18 GDPR),<\/p>\n<p class=\"p1\">wysy\u0142anie danych do innego kontrolera (artyku\u0142 20 GDPR).<\/p>\n<p class=\"p1\">A tak\u017ce prawo:<\/p>\n<p class=\"p1\">sprzeciwu wobec przetwarzania swoich danych w dowolnym momencie:<\/p>\n<p class=\"p1\">z przyczyn zwi\u0105zanych z konkretnej sytuacji \u2013 w odniesieniu do przetwarzania danych osobowych na podstawie artyku\u0142u 6(1)(f) GDPR (tj. na podstawie naszych interes\u00f3w prawnych), w tym profilowanie (artyku\u0142 21(1) GDPR);<\/p>\n<p class=\"p1\">je\u015bli dane osobowe przetwarzane s\u0105 do cel\u00f3w marketingu bezpo\u015bredniego, w tym profilowanie, to w tej mierze, w kt\u00f3rej przetwarzanie wi\u0105\u017ce si\u0119 z takim marketingiem bezpo\u015brednim (artyku\u0142 21(2) GDPR).<\/p>\n<p class=\"p1\">Prosz\u0119, skontaktuj si\u0119 z nami, je\u015bli chcesz dochodzi\u0107 swoich praw. Mo\u017cna argumentowa\u0107 przeciwko korzystania przez nas z plik\u00f3w cookie (o czym mo\u017cna przeczyta\u0107 poni\u017cej), zmieniaj\u0105c ustawienia przegl\u0105darki.<\/p>\n<p class=\"p1\">Je\u015bli uwa\u017casz, \u017ce twoje dane s\u0105 przetwarzane niezgodnie z prawem, mo\u017cesz z\u0142o\u017cy\u0107 skarg\u0119 prezesa urz\u0119du ochrony danych osobowych.<\/p>\n<p class=\"p1\">DANE OSOBOWE I POLITYKA PRYWATNO\u015aCI<\/p>\n<p class=\"p1\">Poni\u017cej znajdziesz szczeg\u00f3\u0142owe informacje na temat przetwarzania swoich danych, w zale\u017cno\u015bci od czynno\u015bci, kt\u00f3re wykonujesz.<\/p>\n<p class=\"p1\">DANE OSOBOWE I POLITYKA PRYWATNO\u015aCI<\/p>\n<p class=\"p1\">Poni\u017cej znajdziesz szczeg\u00f3\u0142owe informacje na temat przetwarzania swoich danych, w zale\u017cno\u015bci od czynno\u015bci, kt\u00f3re wykonujesz.<\/p>\n<p class=\"p1\">1. Sk\u0142adanie zam\u00f3wie\u0144 w sklepie<\/p>\n<p class=\"p1\">W jakim celu?<\/p>\n<p class=\"p1\">wykonanie zam\u00f3wienia<\/p>\n<p class=\"p1\">Na jakiej podstawie?<\/p>\n<p class=\"p1\">umowa kupna-sprzeda\u017cy (artyku\u0142 6, ust\u0119p 1, litera B GDPR) prawny obowi\u0105zek, zwi\u0105zany z rachunkowo\u015bci, kt\u00f3ra zobowi\u0105zuje nas przetwarza\u0107 dane osobowe u\u017cytkownika (artyku\u0142 6 ust\u0119p 1 litera c GDPR)<\/p>\n<p class=\"p1\">Jak d\u0142ugo?<\/p>\n<p class=\"p1\">w okresie obowi\u0105zywania wspomnianej umowy przed up\u0142ywem okresu wa\u017cno\u015bci naszego obowi\u0105zku prawnego, zwi\u0105zanego z rachunkowo\u015bci<\/p>\n<p class=\"p1\">ponadto, twoje dane b\u0119d\u0105 przetwarzane przed up\u0142ywem terminu, w ci\u0105gu kt\u00f3rego mog\u0105 by\u0107 zg\u0142oszone roszczenia-tob\u0105 lub z nami<\/p>\n<p class=\"p1\">(bardziej szczeg\u00f3\u0142owe informacje na ten temat mo\u017cna znale\u017a\u0107 w ostatniej tabeli tej sekcji).<\/p>\n<p class=\"p1\">Co si\u0119 stanie, je\u015bli nie podasz swoje dane?<\/p>\n<p class=\"p1\">nie mo\u017cesz zrobi\u0107 zam\u00f3wienie<\/p>\n<p class=\"p1\">2. Tworzenie konta w sklepie<\/p>\n<p class=\"p1\">W jakim celu?<\/p>\n<p class=\"p1\">wykonanie umowy o \u015bwiadczenie us\u0142ug zarz\u0105dzania kontami w sklepie<\/p>\n<p class=\"p1\">Na jakiej podstawie?<\/p>\n<p class=\"p1\">umowa o \u015bwiadczenie us\u0142ug (artyku\u0142 6(1)(b) GDPR)<\/p>\n<p class=\"p1\">Jak d\u0142ugo?<\/p>\n<p class=\"p1\">dop\u00f3ki konto nie zostanie usuni\u0119te przez u\u017cytkownika lub przez nas na pa\u0144stwa \u017cyczenie<\/p>\n<p class=\"p1\">ponadto, twoje dane b\u0119d\u0105 przetwarzane przed up\u0142ywem terminu, w ci\u0105gu kt\u00f3rego mog\u0105 by\u0107 zg\u0142oszone roszczenia-tob\u0105 lub z nami<\/p>\n<p class=\"p1\">(bardziej szczeg\u00f3\u0142owe informacje na ten temat mo\u017cna znale\u017a\u0107 w ostatniej tabeli tej sekcji).<\/p>\n<p class=\"p1\">Co si\u0119 stanie, je\u015bli nie podasz swoje dane?<\/p>\n<p class=\"p1\">nie mo\u017cna za\u0142o\u017cy\u0107 konto i korzysta\u0107 z jej funkcji, takich jak przegl\u0105danie historii zam\u00f3wie\u0144 i sprawdzanie statusu zam\u00f3wienia<\/p>\n<p class=\"p1\">3. skontaktuj si\u0119 z nami (na przyk\u0142ad, aby zada\u0107 pytanie)<\/p>\n<p class=\"p1\">W jakim celu?<\/p>\n<p class=\"p1\">przetwarzanie zapyta\u0144 i raport\u00f3w<\/p>\n<p class=\"p1\">Na jakiej podstawie?<\/p>\n<p class=\"p1\">umowy lub dzia\u0142ania podj\u0119te na \u017c\u0105danie, skierowane na jego wniosek (artyku\u0142 6(1)(b) GDPR) \u2013 je\u015bli tw\u00f3j wniosek lub zg\u0142oszenie dotyczy umowy, skierowan\u0105 do kt\u00f3rego jeste\u015bmy lub mo\u017cemy by\u0107 nasz interes prawny w traktowaniu swoich danych w celu komunikacji z u\u017cytkownikiem (artyku\u0142 6 ust\u0119p 1 litera F GDPR) - je\u015bli tw\u00f3j wniosek lub zg\u0142oszenie nie wi\u0105\u017ce si\u0119 z umow\u0105<\/p>\n<p class=\"p1\">Jak d\u0142ugo?<\/p>\n<p class=\"p1\">w okresie obowi\u0105zywania umowy, kt\u00f3ry zobowi\u0105zuje nas, lub-je\u017celi umowa nie zosta\u0142a zawarta - przed up\u0142ywem terminu sk\u0142adania roszcze\u0144<span class=\"Apple-converted-space\">\u00a0 <\/span>lub dop\u00f3ki nie we\u017amiemy pod uwag\u0119 sw\u00f3j sprzeciw wobec przetwarzania*<\/p>\n<p class=\"p1\">ponadto, twoje dane b\u0119d\u0105 przetwarzane przed up\u0142ywem terminu, w ci\u0105gu kt\u00f3rego mog\u0105 by\u0107 zg\u0142oszone roszczenia-tob\u0105 lub z nami<\/p>\n<p class=\"p1\">(bardziej szczeg\u00f3\u0142owe informacje na ten temat mo\u017cna znale\u017a\u0107 w ostatniej tabeli tej sekcji).<\/p>\n<p class=\"p1\">Co si\u0119 stanie, je\u015bli nie podasz swoje dane?<\/p>\n<p class=\"p1\">nie b\u0119dziemy mogli odpowiedzie\u0107 na twoje zapytanie lub wiadomo\u015b\u0107<\/p>\n<p class=\"p1\">* w zale\u017cno\u015bci od tego, co stosuje si\u0119 w tym przypadku i co nast\u0105pi wcze\u015bniej<\/p>\n<p class=\"p1\">4. ustawienia przegl\u0105darki lub inne podobne dzia\u0142ania, pozwalaj\u0105ce na dzia\u0142alno\u015b\u0107 marketingow\u0105<\/p>\n<p class=\"p1\">W jakim celu?<\/p>\n<p class=\"p1\">marketing bezpo\u015bredni, s\u0142u\u017c\u0105ca do wy\u015bwietlania spersonalizowanych reklam<\/p>\n<p class=\"p1\">(wi\u0119cej informacji znajdziesz w sekcji &#034;profil&#034; i &#034;pliki cookie&#034; Polityki prywatno\u015bci).<\/p>\n<p class=\"p1\">Na jakiej podstawie?<\/p>\n<p class=\"p1\">nasz interes prawny do przetwarzania danych do wy\u017cej wymienionych cel\u00f3w (artyku\u0142 6 ust\u0119p 1 litera F GDPR)<\/p>\n<p class=\"p1\">Jak d\u0142ugo?<\/p>\n<p class=\"p1\">dop\u00f3ki nie up\u0142ynie termin wa\u017cno\u015bci plik\u00f3w cookie u\u017cywanych w celach marketingowych, lub nie zostan\u0105 usuni\u0119te przez was*<\/p>\n<p class=\"p1\">Co si\u0119 stanie, je\u015bli nie podasz swoje dane?<\/p>\n<p class=\"p1\">nie b\u0119dziesz otrzymywa\u0107 oferty o produktach lub us\u0142ugach, kt\u00f3re mog\u0105 ci\u0119 zainteresowa\u0107<\/p>\n<p class=\"p1\">* w zale\u017cno\u015bci od tego, co stosuje si\u0119 w tym przypadku i co nast\u0105pi wcze\u015bniej<\/p>\n<p class=\"p1\">5. podj\u0119cie dzia\u0142ania lub zaniechania, kt\u00f3re mog\u0105 prowadzi\u0107 do roszcze\u0144 zwi\u0105zanych ze Sklepem lub naszych us\u0142ug<\/p>\n<p class=\"p1\">W jakim celu?<\/p>\n<p class=\"p1\">nawi\u0105zywanie, utrzymanie lub zabezpieczenie ewentualnych roszcze\u0144, zwi\u0105zanych z zawart\u0105 umow\u0105 lub dostarczonych us\u0142ug<\/p>\n<p class=\"p1\">Na jakiej podstawie?<\/p>\n<p class=\"p1\">nasz interes prawny w zakresie przetwarzania danych osobowych do wy\u017cej wymienionych cel\u00f3w (artyku\u0142 6 ust\u0119p 1 litera F GDPR)<\/p>\n<p class=\"p1\">Jak d\u0142ugo?<\/p>\n<p class=\"p1\">przed up\u0142ywem terminu przedawnienia dla roszcze\u0144 lub, dop\u00f3ki nie we\u017amiemy pod uwag\u0119 sw\u00f3j sprzeciw wobec przetwarzania*<\/p>\n<p class=\"p1\">Co si\u0119 stanie, je\u015bli nie podasz swoje dane?<\/p>\n<p class=\"p1\">niezdolno\u015b\u0107 okazywa\u0107, prowadzi\u0107 lub ochrony roszcze\u0144<\/p>\n<p class=\"p1\">* w zale\u017cno\u015bci od tego, co stosuje si\u0119 w tym przypadku i co nast\u0105pi wcze\u015bniej<\/p>\n<h2 class=\"p1\">PROFILOWANIE<\/h2>\n<p class=\"p1\">W ramach sklepu prowadzimy profilowanie-to b\u0119dzie si\u0119 odbywa\u0107 tylko przy swoim zezwolenie na tak\u0105 dzia\u0142alno\u015b\u0107. Profilowanie umo\u017cliwia automatyczn\u0105 ocen\u0119 tego, jakie produkty lub us\u0142ugi mog\u0105 ci\u0119 zainteresowa\u0107, wykorzystuj\u0105c informacje na temat tre\u015bci, kt\u00f3re przegl\u0105dasz. To gwarantuje, \u017ce reklama produkt\u00f3w lub us\u0142ug, kt\u00f3re s\u0105 wy\u015bwietlane w us\u0142ugach internetowych, kt\u00f3re u\u017cywasz, b\u0119dzie bardziej dostosowane do ciebie i twoich potrzeb.<\/p>\n<p class=\"p1\">Profilowanie, kt\u00f3re wykonujemy, nie prowadzi do podejmowania decyzji, kt\u00f3re maj\u0105 dla ciebie konsekwencje prawne lub wp\u0142ywaj\u0105 na ciebie w ten sam spos\u00f3b znacz\u0105cy.<\/p>\n<h2 class=\"p1\">PLIKI COOKIE<\/h2>\n<p class=\"p1\">Nasz sklep, jak i wi\u0119kszo\u015b\u0107 stron internetowych, wykorzystuje pliki cookie. Te pliki:<\/p>\n<p class=\"p1\">przechowywane s\u0105 w pami\u0119ci urz\u0105dzenia (komputera, telefonu itp.);<\/p>\n<p class=\"p1\">oni nie zmieniaj\u0105 konfiguracji urz\u0105dzenia.<\/p>\n<p class=\"p1\">W tym sklepie pliki cookies wykorzystywane s\u0105 w nast\u0119puj\u0105cych celach:<\/p>\n<p class=\"p1\">marketing<\/p>\n<p class=\"p1\">Aby dowiedzie\u0107 si\u0119, jak zarz\u0105dza\u0107 plikami cookie, w tym jak je wy\u0142\u0105czy\u0107 w przegl\u0105darce, mo\u017cna odwo\u0142a\u0107 si\u0119 do pomocy Twojej przegl\u0105darki internetowej. Mo\u017cesz uzyska\u0107 dost\u0119p do tej informacji, naciskaj\u0105c klawisz F1 w przegl\u0105darce. Mo\u017cna r\u00f3wnie\u017c znale\u017a\u0107 odpowiednie instrukcje na takich \u043f\u043e\u0434\u0441\u0442\u0440\u0430\u043d\u0438\u0446\u0430\u0445, w zale\u017cno\u015bci od u\u017cywanej przegl\u0105darki:<\/p>\n<p class=\"p1\">\u0424\u0430\u0439\u0435\u0440\u0444\u043e\u043a\u0441<\/p>\n<p class=\"p1\">Chrom<\/p>\n<p class=\"p1\">Safari<\/p>\n<p class=\"p1\">Internet Explorer\/Microsoft Edge<\/p>\n<p class=\"p1\">Pliki cookie nie b\u0119d\u0105 przetwarzane nami d\u0142u\u017cej ni\u017c 15 minut po ostatniej wizyty w sklepie.<\/p>\n<p class=\"p1\">Stosuj\u0105c odpowiednie ustawienia w swojej przegl\u0105darce, mo\u017cesz w ka\u017cdej chwili:<\/p>\n<p class=\"p1\">usu\u0144 pliki cookie<\/p>\n<p class=\"p1\">zablokowa\u0107 korzystanie z plik\u00f3w cookie w przysz\u0142o\u015bci.<\/p>\n<p class=\"p1\">W takich przypadkach nie b\u0119dziemy go obs\u0142ugiwa\u0107.<\/p>\n<p class=\"p1\">ZEWN\u0118TRZNE US\u0141UGI \/ ODBIORCY DANYCH<\/p>\n<p class=\"p1\">Korzystamy z us\u0142ug zewn\u0119trznych organizacji do wsparcia naszej dzia\u0142alno\u015bci. Ufamy im przetwarzanie Swoich danych - podmioty te przetwarzaj\u0105 dane wy\u0142\u0105cznie za pomoc\u0105 naszych udokumentowanych instrukcji.<\/p>\n<p class=\"p1\">Poni\u017cej znajdziesz list\u0119 adresat\u00f3w swoich danych:<\/p>\n<p class=\"p1\">- ka\u017cda dzia\u0142alno\u015b\u0107 zwi\u0105zana ze Sklepem<\/p>\n<p class=\"p1\">- dostawca oprogramowania dla sprzeda\u017cy sk\u0142adanie zam\u00f3wie\u0144 w sklepie<\/p>\n<p class=\"p1\">- sk\u0142adanie zam\u00f3wie\u0144 w sklepie-organizacja, kt\u00f3ra dostarcza towar<\/p>\n<p class=\"p1\">- je\u015bli nie wybrano opcji osobistego odbioru<\/p>\n<p class=\"p1\">TRANSMISJA danych poza granice Unii europejskiej - nie ma miejsca<\/p>\n<p class=\"p1\">Sposoby p\u0142atno\u015bci<\/p>\n<p class=\"p1\">Przelew na konto bankowe<\/p>\n<p class=\"p1\">Ten spos\u00f3b p\u0142atno\u015bci jest przeznaczony dla klient\u00f3w, kt\u00f3rzy preferuj\u0105 wchodzi\u0107 w sw\u00f3j online-bank, odwiedzi\u0107 oddzia\u0142 banku lub na poczcie. Po rezerwacji zam\u00f3wionych towar\u00f3w, klient otrzymuje wiadomo\u015b\u0107 e-mail z numerem rachunku bankowego, na kt\u00f3ry nale\u017cy przela\u0107 w\u0142a\u015bciw\u0105 kwot\u0119. Po zaksi\u0119gowaniu wp\u0142aty na konto zam\u00f3wienie jest przekazywane do magazynu w celu przygotowania do wysy\u0142ki.<\/p>\n<p class=\"p1\">P\u0142atno\u015b\u0107 przy odbiorze<\/p>\n<p class=\"p1\">P\u0142atno\u015b\u0107 got\u00f3wk\u0105 kurierowi przy odbiorze zam\u00f3wienia.<\/p>\n<p class=\"p1\">T\u0142umaczenia online<\/p>\n<p class=\"p1\">Obs\u0142ugiwany elektroniczny spos\u00f3b p\u0142atno\u015bci:<\/p>\n<p class=\"p1\">P\u0142atno\u015bci klient\u00f3w<\/p>\n<p>\u00a0<\/p>\n\t\t\t\t\t\t\t\t<\/div>\n\t\t\t\t\t<\/div>\n\t\t\t\t<\/div>\n\t\t\t\t<\/div>","protected":false},"excerpt":{"rendered":"<p>\u041f\u043e\u043b\u0456\u0442\u0438\u043a\u0430 \u043a\u043e\u043d\u0444\u0456\u0434\u0435\u043d\u0446\u0456\u0439\u043d\u043e\u0441\u0442\u0456 Arina Herman Snek.plSklep: snek.pl, https:\/\/snekpl.com NIP\u00a0 7532482440 REGON\u00a0 543496934\u00a0Korfant\u00f3w, ul. Targowa, nr 2, lok. 2, 48-317 https:\/\/snekpl.com \u0428\u0430\u043d\u043e\u0432\u043d\u0438\u0439<\/p>","protected":false},"author":1,"featured_media":0,"parent":0,"menu_order":0,"comment_status":"closed","ping_status":"open","template":"","meta":{"footnotes":""},"class_list":["post-3","page","type-page","status-publish","hentry"],"yoast_head":"<!-- This site is optimized with the Yoast SEO Premium plugin v25.6 (Yoast SEO v25.6) - https:\/\/yoast.com\/wordpress\/plugins\/seo\/ -->\n<title>\u041f\u043e\u043b\u0456\u0442\u0438\u043a\u0430 \u043a\u043e\u043d\u0444\u0456\u0434\u0435\u043d\u0446\u0456\u0439\u043d\u043e\u0441\u0442\u0456 - SNEK.PL<\/title>\n<meta name=\"robots\" content=\"index, follow, max-snippet:-1, max-image-preview:large, max-video-preview:-1\" \/>\n<link rel=\"canonical\" href=\"https:\/\/snekpl.com\/pl\/privacy-policy\/\" \/>\n<meta property=\"og:locale\" content=\"pl_PL\" \/>\n<meta property=\"og:type\" content=\"article\" \/>\n<meta property=\"og:title\" content=\"\u041f\u043e\u043b\u0456\u0442\u0438\u043a\u0430 \u043a\u043e\u043d\u0444\u0456\u0434\u0435\u043d\u0446\u0456\u0439\u043d\u043e\u0441\u0442\u0456\" \/>\n<meta property=\"og:description\" content=\"\u041f\u043e\u043b\u0456\u0442\u0438\u043a\u0430 \u043a\u043e\u043d\u0444\u0456\u0434\u0435\u043d\u0446\u0456\u0439\u043d\u043e\u0441\u0442\u0456 Arina Herman Snek.plSklep: snek.pl, https:\/\/snekpl.com NIP\u00a0 7532482440 REGON\u00a0 543496934\u00a0Korfant\u00f3w, ul. Targowa, nr 2, lok. 2, 48-317 https:\/\/snekpl.com \u0428\u0430\u043d\u043e\u0432\u043d\u0438\u0439\" \/>\n<meta property=\"og:url\" content=\"https:\/\/snekpl.com\/pl\/privacy-policy\/\" \/>\n<meta property=\"og:site_name\" content=\"SNEK.PL\" \/>\n<meta property=\"article:modified_time\" content=\"2026-02-19T12:24:59+00:00\" \/>\n<meta name=\"twitter:card\" content=\"summary_large_image\" \/>\n<meta name=\"twitter:label1\" content=\"Szacowany czas czytania\" \/>\n\t<meta name=\"twitter:data1\" content=\"7 minut\" \/>\n<script type=\"application\/ld+json\" class=\"yoast-schema-graph\">{\"@context\":\"https:\/\/schema.org\",\"@graph\":[{\"@type\":\"WebPage\",\"@id\":\"https:\/\/snekpl.com\/pl\/privacy-policy\/\",\"url\":\"https:\/\/snekpl.com\/pl\/privacy-policy\/\",\"name\":\"\u041f\u043e\u043b\u0456\u0442\u0438\u043a\u0430 \u043a\u043e\u043d\u0444\u0456\u0434\u0435\u043d\u0446\u0456\u0439\u043d\u043e\u0441\u0442\u0456 - SNEK.PL\",\"isPartOf\":{\"@id\":\"https:\/\/snekpl.com\/pl\/#website\"},\"datePublished\":\"2025-09-18T11:03:51+00:00\",\"dateModified\":\"2026-02-19T12:24:59+00:00\",\"breadcrumb\":{\"@id\":\"https:\/\/snekpl.com\/pl\/privacy-policy\/#breadcrumb\"},\"inLanguage\":\"pl-PL\",\"potentialAction\":[{\"@type\":\"ReadAction\",\"target\":[\"https:\/\/snekpl.com\/pl\/privacy-policy\/\"]}]},{\"@type\":\"BreadcrumbList\",\"@id\":\"https:\/\/snekpl.com\/pl\/privacy-policy\/#breadcrumb\",\"itemListElement\":[{\"@type\":\"ListItem\",\"position\":1,\"name\":\"Home\",\"item\":\"https:\/\/snekpl.com\/pl\/\"},{\"@type\":\"ListItem\",\"position\":2,\"name\":\"\u041f\u043e\u043b\u0456\u0442\u0438\u043a\u0430 \u043a\u043e\u043d\u0444\u0456\u0434\u0435\u043d\u0446\u0456\u0439\u043d\u043e\u0441\u0442\u0456\"}]},{\"@type\":\"WebSite\",\"@id\":\"https:\/\/snekpl.com\/pl\/#website\",\"url\":\"https:\/\/snekpl.com\/pl\/\",\"name\":\"SNEK.PL\",\"description\":\"SNEK.PL - \u043a\u043e\u043b\u0438 \u0445\u043e\u0447\u0435\u0448 \u0441\u043c\u0430\u0447\u043d\u043e, \u043f\u0440\u043e\u0441\u0442\u043e \u0456 \u043f\u043e-\u0441\u043f\u0440\u0430\u0432\u0436\u043d\u044c\u043e\u043c\u0443\",\"potentialAction\":[{\"@type\":\"SearchAction\",\"target\":{\"@type\":\"EntryPoint\",\"urlTemplate\":\"https:\/\/snekpl.com\/pl\/?s={search_term_string}\"},\"query-input\":{\"@type\":\"PropertyValueSpecification\",\"valueRequired\":true,\"valueName\":\"search_term_string\"}}],\"inLanguage\":\"pl-PL\"}]}<\/script>\n<!-- \/ Yoast SEO Premium plugin. -->","yoast_head_json":{"title":"\u041f\u043e\u043b\u0456\u0442\u0438\u043a\u0430 \u043a\u043e\u043d\u0444\u0456\u0434\u0435\u043d\u0446\u0456\u0439\u043d\u043e\u0441\u0442\u0456 - SNEK.PL","robots":{"index":"index","follow":"follow","max-snippet":"max-snippet:-1","max-image-preview":"max-image-preview:large","max-video-preview":"max-video-preview:-1"},"canonical":"https:\/\/snekpl.com\/pl\/privacy-policy\/","og_locale":"pl_PL","og_type":"article","og_title":"\u041f\u043e\u043b\u0456\u0442\u0438\u043a\u0430 \u043a\u043e\u043d\u0444\u0456\u0434\u0435\u043d\u0446\u0456\u0439\u043d\u043e\u0441\u0442\u0456","og_description":"\u041f\u043e\u043b\u0456\u0442\u0438\u043a\u0430 \u043a\u043e\u043d\u0444\u0456\u0434\u0435\u043d\u0446\u0456\u0439\u043d\u043e\u0441\u0442\u0456 Arina Herman Snek.plSklep: snek.pl, https:\/\/snekpl.com NIP\u00a0 7532482440 REGON\u00a0 543496934\u00a0Korfant\u00f3w, ul. Targowa, nr 2, lok. 2, 48-317 https:\/\/snekpl.com \u0428\u0430\u043d\u043e\u0432\u043d\u0438\u0439","og_url":"https:\/\/snekpl.com\/pl\/privacy-policy\/","og_site_name":"SNEK.PL","article_modified_time":"2026-02-19T12:24:59+00:00","twitter_card":"summary_large_image","twitter_misc":{"Szacowany czas czytania":"7 minut"},"schema":{"@context":"https:\/\/schema.org","@graph":[{"@type":"WebPage","@id":"https:\/\/snekpl.com\/pl\/privacy-policy\/","url":"https:\/\/snekpl.com\/pl\/privacy-policy\/","name":"\u041f\u043e\u043b\u0456\u0442\u0438\u043a\u0430 \u043a\u043e\u043d\u0444\u0456\u0434\u0435\u043d\u0446\u0456\u0439\u043d\u043e\u0441\u0442\u0456 - SNEK.PL","isPartOf":{"@id":"https:\/\/snekpl.com\/pl\/#website"},"datePublished":"2025-09-18T11:03:51+00:00","dateModified":"2026-02-19T12:24:59+00:00","breadcrumb":{"@id":"https:\/\/snekpl.com\/pl\/privacy-policy\/#breadcrumb"},"inLanguage":"pl-PL","potentialAction":[{"@type":"ReadAction","target":["https:\/\/snekpl.com\/pl\/privacy-policy\/"]}]},{"@type":"BreadcrumbList","@id":"https:\/\/snekpl.com\/pl\/privacy-policy\/#breadcrumb","itemListElement":[{"@type":"ListItem","position":1,"name":"Home","item":"https:\/\/snekpl.com\/pl\/"},{"@type":"ListItem","position":2,"name":"\u041f\u043e\u043b\u0456\u0442\u0438\u043a\u0430 \u043a\u043e\u043d\u0444\u0456\u0434\u0435\u043d\u0446\u0456\u0439\u043d\u043e\u0441\u0442\u0456"}]},{"@type":"WebSite","@id":"https:\/\/snekpl.com\/pl\/#website","url":"https:\/\/snekpl.com\/pl\/","name":"SNEK.PL","description":"SNEK.PL - \u043a\u043e\u043b\u0438 \u0445\u043e\u0447\u0435\u0448 \u0441\u043c\u0430\u0447\u043d\u043e, \u043f\u0440\u043e\u0441\u0442\u043e \u0456 \u043f\u043e-\u0441\u043f\u0440\u0430\u0432\u0436\u043d\u044c\u043e\u043c\u0443","potentialAction":[{"@type":"SearchAction","target":{"@type":"EntryPoint","urlTemplate":"https:\/\/snekpl.com\/pl\/?s={search_term_string}"},"query-input":{"@type":"PropertyValueSpecification","valueRequired":true,"valueName":"search_term_string"}}],"inLanguage":"pl-PL"}]}},"_links":{"self":[{"href":"https:\/\/snekpl.com\/pl\/wp-json\/wp\/v2\/pages\/3","targetHints":{"allow":["GET"]}}],"collection":[{"href":"https:\/\/snekpl.com\/pl\/wp-json\/wp\/v2\/pages"}],"about":[{"href":"https:\/\/snekpl.com\/pl\/wp-json\/wp\/v2\/types\/page"}],"author":[{"embeddable":true,"href":"https:\/\/snekpl.com\/pl\/wp-json\/wp\/v2\/users\/1"}],"replies":[{"embeddable":true,"href":"https:\/\/snekpl.com\/pl\/wp-json\/wp\/v2\/comments?post=3"}],"version-history":[{"count":17,"href":"https:\/\/snekpl.com\/pl\/wp-json\/wp\/v2\/pages\/3\/revisions"}],"predecessor-version":[{"id":3118,"href":"https:\/\/snekpl.com\/pl\/wp-json\/wp\/v2\/pages\/3\/revisions\/3118"}],"wp:attachment":[{"href":"https:\/\/snekpl.com\/pl\/wp-json\/wp\/v2\/media?parent=3"}],"curies":[{"name":"wp","href":"https:\/\/api.w.org\/{rel}","templated":true}]}}