{"id":2369,"date":"2025-11-17T12:57:50","date_gmt":"2025-11-17T09:57:50","guid":{"rendered":"https:\/\/snekpl.com\/product\/%d0%b6%d0%be%d0%b2%d1%82%d0%b8%d0%b9-%d1%81%d0%bc%d1%83%d0%b3%d0%b0%d1%81%d1%82%d0%b8%d0%ba\/"},"modified":"2025-11-21T21:31:55","modified_gmt":"2025-11-21T18:31:55","slug":"%d0%b6%d0%be%d0%b2%d1%82%d0%b8%d0%b9-%d1%81%d0%bc%d1%83%d0%b3%d0%b0%d1%81%d1%82%d0%b8%d0%ba","status":"publish","type":"product","link":"https:\/\/snekpl.com\/pl\/produkt\/%d0%b6%d0%be%d0%b2%d1%82%d0%b8%d0%b9-%d1%81%d0%bc%d1%83%d0%b3%d0%b0%d1%81%d1%82%d0%b8%d0%ba\/","title":{"rendered":"\u017b\u00f3\u0142ty pasiak"},"content":{"rendered":"","protected":false},"excerpt":{"rendered":"<p>Popularna, solona i suszona ryba morska z rodziny makrelowatych, idealna jako przek\u0105ska do piwa.\nCharakteryzuje si\u0119 zwartym mi\u0119sem, lekko s\u0142onym smakiem oraz typowymi \u017c\u00f3\u0142tymi paskami po bokach. Najcz\u0119\u015bciej pochodzi z w\u00f3d Pacyfiku i jest przygotowywana jako przek\u0105ska, zachowuj\u0105c pe\u0142ni\u0119 bia\u0142ka i aromatu.<\/p>","protected":false},"featured_media":2699,"comment_status":"closed","ping_status":"closed","template":"","meta":[],"product_brand":[],"product_cat":[264],"product_tag":[],"class_list":{"0":"post-2369","1":"product","2":"type-product","3":"status-publish","4":"has-post-thumbnail","6":"product_cat-rybni-sneky","7":"pa_-271","8":"pa_-272","10":"first","11":"instock","12":"purchasable","13":"product-type-variable"},"yoast_head":"<!-- This site is optimized with the Yoast SEO Premium plugin v25.6 (Yoast SEO v25.6) - https:\/\/yoast.com\/wordpress\/plugins\/seo\/ -->\n<title>\u0416\u043e\u0432\u0442\u0438\u0439 \u0441\u043c\u0443\u0433\u0430\u0441\u0442\u0438\u043a - SNEK.PL<\/title>\n<meta name=\"robots\" content=\"index, follow, max-snippet:-1, max-image-preview:large, max-video-preview:-1\" \/>\n<link rel=\"canonical\" href=\"https:\/\/snekpl.com\/pl\/produkt\/\u0436\u043e\u0432\u0442\u0438\u0439-\u0441\u043c\u0443\u0433\u0430\u0441\u0442\u0438\u043a\/\" \/>\n<meta property=\"og:locale\" content=\"pl_PL\" \/>\n<meta property=\"og:type\" content=\"article\" \/>\n<meta property=\"og:title\" content=\"\u0416\u043e\u0432\u0442\u0438\u0439 \u0441\u043c\u0443\u0433\u0430\u0441\u0442\u0438\u043a\" \/>\n<meta property=\"og:description\" content=\"\u041f\u043e\u043f\u0443\u043b\u044f\u0440\u043d\u0430 \u0441\u043e\u043b\u043e\u043d\u043e-\u0441\u0443\u0448\u0435\u043d\u0430 \u043c\u043e\u0440\u0441\u044c\u043a\u0430 \u0440\u0438\u0431\u0430 \u0440\u043e\u0434\u0438\u043d\u0438 \u0441\u0442\u0430\u0432\u0440\u0438\u0434\u043e\u0432\u0438\u0445, \u044f\u043a\u0430 \u0454 \u0447\u0443\u0434\u043e\u0432\u043e\u044e \u0437\u0430\u043a\u0443\u0441\u043a\u043e\u044e \u0434\u043e \u043f\u0438\u0432\u0430, \u043c\u0430\u0454 \u0449\u0456\u043b\u044c\u043d\u0435 \u043c&#039;\u044f\u0441\u043e, \u0441\u043e\u043b\u043e\u043d\u0443\u0432\u0430\u0442\u0438\u0439 \u0441\u043c\u0430\u043a \u0442\u0430 \u0445\u0430\u0440\u0430\u043a\u0442\u0435\u0440\u043d\u0456 \u0436\u043e\u0432\u0442\u0456 \u0441\u043c\u0443\u0433\u0438 \u043f\u043e \u0431\u043e\u043a\u0430\u0445, \u0430 \u043f\u043e\u0445\u043e\u0434\u0438\u0442\u044c \u043d\u0430\u0439\u0447\u0430\u0441\u0442\u0456\u0448\u0435 \u0437 \u0432\u043e\u0434 \u0422\u0438\u0445\u043e\u0433\u043e \u043e\u043a\u0435\u0430\u043d\u0443, \u043e\u0431\u0440\u043e\u0431\u043b\u044f\u0454\u0442\u044c\u0441\u044f \u044f\u043a \u0441\u043d\u0435\u043a, \u0449\u043e \u0437\u0431\u0435\u0440\u0456\u0433\u0430\u0454 \u0431\u0456\u043b\u043e\u043a \u0442\u0430 \u0430\u0440\u043e\u043c\u0430\u0442.\" \/>\n<meta property=\"og:url\" content=\"https:\/\/snekpl.com\/pl\/produkt\/\u0436\u043e\u0432\u0442\u0438\u0439-\u0441\u043c\u0443\u0433\u0430\u0441\u0442\u0438\u043a\/\" \/>\n<meta property=\"og:site_name\" content=\"SNEK.PL\" \/>\n<meta property=\"article:modified_time\" content=\"2025-11-21T18:31:55+00:00\" \/>\n<meta property=\"og:image\" content=\"https:\/\/snekpl.com\/wp-content\/uploads\/2025\/11\/IMG_3797-scaled.jpeg\" \/>\n\t<meta property=\"og:image:width\" content=\"2560\" \/>\n\t<meta property=\"og:image:height\" content=\"1682\" \/>\n\t<meta property=\"og:image:type\" content=\"image\/jpeg\" \/>\n<meta name=\"twitter:card\" content=\"summary_large_image\" \/>\n<meta name=\"twitter:label1\" content=\"Szacowany czas czytania\" \/>\n\t<meta name=\"twitter:data1\" content=\"1 minuta\" \/>\n<script type=\"application\/ld+json\" class=\"yoast-schema-graph\">{\"@context\":\"https:\/\/schema.org\",\"@graph\":[{\"@type\":\"WebPage\",\"@id\":\"https:\/\/snekpl.com\/pl\/produkt\/%d0%b6%d0%be%d0%b2%d1%82%d0%b8%d0%b9-%d1%81%d0%bc%d1%83%d0%b3%d0%b0%d1%81%d1%82%d0%b8%d0%ba\/\",\"url\":\"https:\/\/snekpl.com\/pl\/produkt\/%d0%b6%d0%be%d0%b2%d1%82%d0%b8%d0%b9-%d1%81%d0%bc%d1%83%d0%b3%d0%b0%d1%81%d1%82%d0%b8%d0%ba\/\",\"name\":\"\u0416\u043e\u0432\u0442\u0438\u0439 \u0441\u043c\u0443\u0433\u0430\u0441\u0442\u0438\u043a - SNEK.PL\",\"isPartOf\":{\"@id\":\"https:\/\/snekpl.com\/pl\/#website\"},\"primaryImageOfPage\":{\"@id\":\"https:\/\/snekpl.com\/pl\/produkt\/%d0%b6%d0%be%d0%b2%d1%82%d0%b8%d0%b9-%d1%81%d0%bc%d1%83%d0%b3%d0%b0%d1%81%d1%82%d0%b8%d0%ba\/#primaryimage\"},\"image\":{\"@id\":\"https:\/\/snekpl.com\/pl\/produkt\/%d0%b6%d0%be%d0%b2%d1%82%d0%b8%d0%b9-%d1%81%d0%bc%d1%83%d0%b3%d0%b0%d1%81%d1%82%d0%b8%d0%ba\/#primaryimage\"},\"thumbnailUrl\":\"https:\/\/snekpl.com\/wp-content\/uploads\/2025\/11\/IMG_3797-scaled.jpeg\",\"datePublished\":\"2025-11-17T09:57:50+00:00\",\"dateModified\":\"2025-11-21T18:31:55+00:00\",\"breadcrumb\":{\"@id\":\"https:\/\/snekpl.com\/pl\/produkt\/%d0%b6%d0%be%d0%b2%d1%82%d0%b8%d0%b9-%d1%81%d0%bc%d1%83%d0%b3%d0%b0%d1%81%d1%82%d0%b8%d0%ba\/#breadcrumb\"},\"inLanguage\":\"pl-PL\",\"potentialAction\":[{\"@type\":\"ReadAction\",\"target\":[\"https:\/\/snekpl.com\/pl\/produkt\/%d0%b6%d0%be%d0%b2%d1%82%d0%b8%d0%b9-%d1%81%d0%bc%d1%83%d0%b3%d0%b0%d1%81%d1%82%d0%b8%d0%ba\/\"]}]},{\"@type\":\"ImageObject\",\"inLanguage\":\"pl-PL\",\"@id\":\"https:\/\/snekpl.com\/pl\/produkt\/%d0%b6%d0%be%d0%b2%d1%82%d0%b8%d0%b9-%d1%81%d0%bc%d1%83%d0%b3%d0%b0%d1%81%d1%82%d0%b8%d0%ba\/#primaryimage\",\"url\":\"https:\/\/snekpl.com\/wp-content\/uploads\/2025\/11\/IMG_3797-scaled.jpeg\",\"contentUrl\":\"https:\/\/snekpl.com\/wp-content\/uploads\/2025\/11\/IMG_3797-scaled.jpeg\",\"width\":2560,\"height\":1682},{\"@type\":\"BreadcrumbList\",\"@id\":\"https:\/\/snekpl.com\/pl\/produkt\/%d0%b6%d0%be%d0%b2%d1%82%d0%b8%d0%b9-%d1%81%d0%bc%d1%83%d0%b3%d0%b0%d1%81%d1%82%d0%b8%d0%ba\/#breadcrumb\",\"itemListElement\":[{\"@type\":\"ListItem\",\"position\":1,\"name\":\"Home\",\"item\":\"https:\/\/snekpl.com\/pl\/\"},{\"@type\":\"ListItem\",\"position\":2,\"name\":\"Snek\",\"item\":\"https:\/\/snekpl.com\/pl\/\"},{\"@type\":\"ListItem\",\"position\":3,\"name\":\"\u0416\u043e\u0432\u0442\u0438\u0439 \u0441\u043c\u0443\u0433\u0430\u0441\u0442\u0438\u043a\"}]},{\"@type\":\"WebSite\",\"@id\":\"https:\/\/snekpl.com\/pl\/#website\",\"url\":\"https:\/\/snekpl.com\/pl\/\",\"name\":\"SNEK.PL\",\"description\":\"SNEK.PL - \u043a\u043e\u043b\u0438 \u0445\u043e\u0447\u0435\u0448 \u0441\u043c\u0430\u0447\u043d\u043e, \u043f\u0440\u043e\u0441\u0442\u043e \u0456 \u043f\u043e-\u0441\u043f\u0440\u0430\u0432\u0436\u043d\u044c\u043e\u043c\u0443\",\"potentialAction\":[{\"@type\":\"SearchAction\",\"target\":{\"@type\":\"EntryPoint\",\"urlTemplate\":\"https:\/\/snekpl.com\/pl\/?s={search_term_string}\"},\"query-input\":{\"@type\":\"PropertyValueSpecification\",\"valueRequired\":true,\"valueName\":\"search_term_string\"}}],\"inLanguage\":\"pl-PL\"}]}<\/script>\n<!-- \/ Yoast SEO Premium plugin. -->","yoast_head_json":{"title":"\u0416\u043e\u0432\u0442\u0438\u0439 \u0441\u043c\u0443\u0433\u0430\u0441\u0442\u0438\u043a - SNEK.PL","robots":{"index":"index","follow":"follow","max-snippet":"max-snippet:-1","max-image-preview":"max-image-preview:large","max-video-preview":"max-video-preview:-1"},"canonical":"https:\/\/snekpl.com\/pl\/produkt\/\u0436\u043e\u0432\u0442\u0438\u0439-\u0441\u043c\u0443\u0433\u0430\u0441\u0442\u0438\u043a\/","og_locale":"pl_PL","og_type":"article","og_title":"\u0416\u043e\u0432\u0442\u0438\u0439 \u0441\u043c\u0443\u0433\u0430\u0441\u0442\u0438\u043a","og_description":"\u041f\u043e\u043f\u0443\u043b\u044f\u0440\u043d\u0430 \u0441\u043e\u043b\u043e\u043d\u043e-\u0441\u0443\u0448\u0435\u043d\u0430 \u043c\u043e\u0440\u0441\u044c\u043a\u0430 \u0440\u0438\u0431\u0430 \u0440\u043e\u0434\u0438\u043d\u0438 \u0441\u0442\u0430\u0432\u0440\u0438\u0434\u043e\u0432\u0438\u0445, \u044f\u043a\u0430 \u0454 \u0447\u0443\u0434\u043e\u0432\u043e\u044e \u0437\u0430\u043a\u0443\u0441\u043a\u043e\u044e \u0434\u043e \u043f\u0438\u0432\u0430, \u043c\u0430\u0454 \u0449\u0456\u043b\u044c\u043d\u0435 \u043c'\u044f\u0441\u043e, \u0441\u043e\u043b\u043e\u043d\u0443\u0432\u0430\u0442\u0438\u0439 \u0441\u043c\u0430\u043a \u0442\u0430 \u0445\u0430\u0440\u0430\u043a\u0442\u0435\u0440\u043d\u0456 \u0436\u043e\u0432\u0442\u0456 \u0441\u043c\u0443\u0433\u0438 \u043f\u043e \u0431\u043e\u043a\u0430\u0445, \u0430 \u043f\u043e\u0445\u043e\u0434\u0438\u0442\u044c \u043d\u0430\u0439\u0447\u0430\u0441\u0442\u0456\u0448\u0435 \u0437 \u0432\u043e\u0434 \u0422\u0438\u0445\u043e\u0433\u043e \u043e\u043a\u0435\u0430\u043d\u0443, \u043e\u0431\u0440\u043e\u0431\u043b\u044f\u0454\u0442\u044c\u0441\u044f \u044f\u043a \u0441\u043d\u0435\u043a, \u0449\u043e \u0437\u0431\u0435\u0440\u0456\u0433\u0430\u0454 \u0431\u0456\u043b\u043e\u043a \u0442\u0430 \u0430\u0440\u043e\u043c\u0430\u0442.","og_url":"https:\/\/snekpl.com\/pl\/produkt\/\u0436\u043e\u0432\u0442\u0438\u0439-\u0441\u043c\u0443\u0433\u0430\u0441\u0442\u0438\u043a\/","og_site_name":"SNEK.PL","article_modified_time":"2025-11-21T18:31:55+00:00","og_image":[{"width":2560,"height":1682,"url":"https:\/\/snekpl.com\/wp-content\/uploads\/2025\/11\/IMG_3797-scaled.jpeg","type":"image\/jpeg"}],"twitter_card":"summary_large_image","twitter_misc":{"Szacowany czas czytania":"1 minuta"},"schema":{"@context":"https:\/\/schema.org","@graph":[{"@type":"WebPage","@id":"https:\/\/snekpl.com\/pl\/produkt\/%d0%b6%d0%be%d0%b2%d1%82%d0%b8%d0%b9-%d1%81%d0%bc%d1%83%d0%b3%d0%b0%d1%81%d1%82%d0%b8%d0%ba\/","url":"https:\/\/snekpl.com\/pl\/produkt\/%d0%b6%d0%be%d0%b2%d1%82%d0%b8%d0%b9-%d1%81%d0%bc%d1%83%d0%b3%d0%b0%d1%81%d1%82%d0%b8%d0%ba\/","name":"\u0416\u043e\u0432\u0442\u0438\u0439 \u0441\u043c\u0443\u0433\u0430\u0441\u0442\u0438\u043a - SNEK.PL","isPartOf":{"@id":"https:\/\/snekpl.com\/pl\/#website"},"primaryImageOfPage":{"@id":"https:\/\/snekpl.com\/pl\/produkt\/%d0%b6%d0%be%d0%b2%d1%82%d0%b8%d0%b9-%d1%81%d0%bc%d1%83%d0%b3%d0%b0%d1%81%d1%82%d0%b8%d0%ba\/#primaryimage"},"image":{"@id":"https:\/\/snekpl.com\/pl\/produkt\/%d0%b6%d0%be%d0%b2%d1%82%d0%b8%d0%b9-%d1%81%d0%bc%d1%83%d0%b3%d0%b0%d1%81%d1%82%d0%b8%d0%ba\/#primaryimage"},"thumbnailUrl":"https:\/\/snekpl.com\/wp-content\/uploads\/2025\/11\/IMG_3797-scaled.jpeg","datePublished":"2025-11-17T09:57:50+00:00","dateModified":"2025-11-21T18:31:55+00:00","breadcrumb":{"@id":"https:\/\/snekpl.com\/pl\/produkt\/%d0%b6%d0%be%d0%b2%d1%82%d0%b8%d0%b9-%d1%81%d0%bc%d1%83%d0%b3%d0%b0%d1%81%d1%82%d0%b8%d0%ba\/#breadcrumb"},"inLanguage":"pl-PL","potentialAction":[{"@type":"ReadAction","target":["https:\/\/snekpl.com\/pl\/produkt\/%d0%b6%d0%be%d0%b2%d1%82%d0%b8%d0%b9-%d1%81%d0%bc%d1%83%d0%b3%d0%b0%d1%81%d1%82%d0%b8%d0%ba\/"]}]},{"@type":"ImageObject","inLanguage":"pl-PL","@id":"https:\/\/snekpl.com\/pl\/produkt\/%d0%b6%d0%be%d0%b2%d1%82%d0%b8%d0%b9-%d1%81%d0%bc%d1%83%d0%b3%d0%b0%d1%81%d1%82%d0%b8%d0%ba\/#primaryimage","url":"https:\/\/snekpl.com\/wp-content\/uploads\/2025\/11\/IMG_3797-scaled.jpeg","contentUrl":"https:\/\/snekpl.com\/wp-content\/uploads\/2025\/11\/IMG_3797-scaled.jpeg","width":2560,"height":1682},{"@type":"BreadcrumbList","@id":"https:\/\/snekpl.com\/pl\/produkt\/%d0%b6%d0%be%d0%b2%d1%82%d0%b8%d0%b9-%d1%81%d0%bc%d1%83%d0%b3%d0%b0%d1%81%d1%82%d0%b8%d0%ba\/#breadcrumb","itemListElement":[{"@type":"ListItem","position":1,"name":"Home","item":"https:\/\/snekpl.com\/pl\/"},{"@type":"ListItem","position":2,"name":"Snek","item":"https:\/\/snekpl.com\/pl\/"},{"@type":"ListItem","position":3,"name":"\u0416\u043e\u0432\u0442\u0438\u0439 \u0441\u043c\u0443\u0433\u0430\u0441\u0442\u0438\u043a"}]},{"@type":"WebSite","@id":"https:\/\/snekpl.com\/pl\/#website","url":"https:\/\/snekpl.com\/pl\/","name":"SNEK.PL","description":"SNEK.PL - \u043a\u043e\u043b\u0438 \u0445\u043e\u0447\u0435\u0448 \u0441\u043c\u0430\u0447\u043d\u043e, \u043f\u0440\u043e\u0441\u0442\u043e \u0456 \u043f\u043e-\u0441\u043f\u0440\u0430\u0432\u0436\u043d\u044c\u043e\u043c\u0443","potentialAction":[{"@type":"SearchAction","target":{"@type":"EntryPoint","urlTemplate":"https:\/\/snekpl.com\/pl\/?s={search_term_string}"},"query-input":{"@type":"PropertyValueSpecification","valueRequired":true,"valueName":"search_term_string"}}],"inLanguage":"pl-PL"}]}},"_links":{"self":[{"href":"https:\/\/snekpl.com\/pl\/wp-json\/wp\/v2\/product\/2369","targetHints":{"allow":["GET"]}}],"collection":[{"href":"https:\/\/snekpl.com\/pl\/wp-json\/wp\/v2\/product"}],"about":[{"href":"https:\/\/snekpl.com\/pl\/wp-json\/wp\/v2\/types\/product"}],"replies":[{"embeddable":true,"href":"https:\/\/snekpl.com\/pl\/wp-json\/wp\/v2\/comments?post=2369"}],"version-history":[{"count":1,"href":"https:\/\/snekpl.com\/pl\/wp-json\/wp\/v2\/product\/2369\/revisions"}],"predecessor-version":[{"id":2370,"href":"https:\/\/snekpl.com\/pl\/wp-json\/wp\/v2\/product\/2369\/revisions\/2370"}],"wp:featuredmedia":[{"embeddable":true,"href":"https:\/\/snekpl.com\/pl\/wp-json\/wp\/v2\/media\/2699"}],"wp:attachment":[{"href":"https:\/\/snekpl.com\/pl\/wp-json\/wp\/v2\/media?parent=2369"}],"wp:term":[{"taxonomy":"product_brand","embeddable":true,"href":"https:\/\/snekpl.com\/pl\/wp-json\/wp\/v2\/product_brand?post=2369"},{"taxonomy":"product_cat","embeddable":true,"href":"https:\/\/snekpl.com\/pl\/wp-json\/wp\/v2\/product_cat?post=2369"},{"taxonomy":"product_tag","embeddable":true,"href":"https:\/\/snekpl.com\/pl\/wp-json\/wp\/v2\/product_tag?post=2369"}],"curies":[{"name":"wp","href":"https:\/\/api.w.org\/{rel}","templated":true}]}}