{"id":2585,"date":"2025-11-17T12:58:05","date_gmt":"2025-11-17T09:58:05","guid":{"rendered":"https:\/\/snekpl.com\/product\/%d1%87%d1%96%d0%bf%d1%81%d0%b8-%d0%b7%d1%96-%d1%81%d0%bc%d0%b0%d0%ba%d0%be%d0%bc-%d1%81%d0%b8%d1%80%d1%83\/"},"modified":"2025-12-01T00:33:12","modified_gmt":"2025-11-30T21:33:12","slug":"%d1%87%d1%96%d0%bf%d1%81%d0%b8-%d0%b7%d1%96-%d1%81%d0%bc%d0%b0%d0%ba%d0%be%d0%bc-%d1%81%d0%b8%d1%80%d1%83","status":"publish","type":"product","link":"https:\/\/snekpl.com\/pl\/produkt\/%d1%87%d1%96%d0%bf%d1%81%d0%b8-%d0%b7%d1%96-%d1%81%d0%bc%d0%b0%d0%ba%d0%be%d0%bc-%d1%81%d0%b8%d1%80%d1%83\/","title":{"rendered":"Chipsy o smaku sera 750g"},"content":{"rendered":"","protected":false},"excerpt":{"rendered":"<p class=\"translation-block\">Aromatyczne, chrupi\u0105ce i niezwykle apetyczne chipsy o wyra\u017anym serowym smaku.\nKa\u017cdy kawa\u0142ek pokryty jest r\u00f3wnomiern\u0105 przypraw\u0105, zapewniaj\u0105c bogate doznania smakowe i idealn\u0105 chrupko\u015b\u0107.<\/p>\n<p>Du\u017cy format 750 g \u2014 idealny na imprezy, spotkania towarzyskie lub d\u0142ugie seansy filmowe.<\/p>\n<p>Waga: 750 gram\u00f3w<\/p>","protected":false},"featured_media":2816,"comment_status":"closed","ping_status":"closed","template":"","meta":[],"product_brand":[],"product_cat":[276],"product_tag":[],"class_list":{"0":"post-2585","1":"product","2":"type-product","3":"status-publish","4":"has-post-thumbnail","6":"product_cat-276","7":"pa_-278","9":"first","10":"instock","11":"purchasable","12":"product-type-simple"},"yoast_head":"<!-- This site is optimized with the Yoast SEO Premium plugin v25.6 (Yoast SEO v25.6) - https:\/\/yoast.com\/wordpress\/plugins\/seo\/ -->\n<title>\u0427\u0456\u043f\u0441\u0438 \u0437\u0456 \u0441\u043c\u0430\u043a\u043e\u043c \u0421\u0438\u0440\u0443 750\u0433\u0440\u0430\u043c - SNEK.PL<\/title>\n<meta name=\"robots\" content=\"index, follow, max-snippet:-1, max-image-preview:large, max-video-preview:-1\" \/>\n<link rel=\"canonical\" href=\"https:\/\/snekpl.com\/pl\/produkt\/\u0447\u0456\u043f\u0441\u0438-\u0437\u0456-\u0441\u043c\u0430\u043a\u043e\u043c-\u0441\u0438\u0440\u0443\/\" \/>\n<meta property=\"og:locale\" content=\"pl_PL\" \/>\n<meta property=\"og:type\" content=\"article\" \/>\n<meta property=\"og:title\" content=\"\u0427\u0456\u043f\u0441\u0438 \u0437\u0456 \u0441\u043c\u0430\u043a\u043e\u043c \u0421\u0438\u0440\u0443 750\u0433\u0440\u0430\u043c\" \/>\n<meta property=\"og:description\" content=\"\u0410\u0440\u043e\u043c\u0430\u0442\u043d\u0456, \u0445\u0440\u0443\u0441\u0442\u043a\u0456 \u0442\u0430 \u043d\u0435\u0439\u043c\u043e\u0432\u0456\u0440\u043d\u043e \u0430\u043f\u0435\u0442\u0438\u0442\u043d\u0456 \u0447\u0456\u043f\u0441\u0438 \u0437 \u0432\u0438\u0440\u0430\u0437\u043d\u0438\u043c \u0441\u0438\u0440\u043d\u0438\u043c \u0441\u043c\u0430\u043a\u043e\u043c. \u041a\u043e\u0436\u043d\u0430 \u043f\u043b\u0430\u0441\u0442\u0438\u043d\u043a\u0430 \u0432\u043a\u0440\u0438\u0432\u0430\u0454\u0442\u044c\u0441\u044f \u0440\u0456\u0432\u043d\u043e\u043c\u0456\u0440\u043d\u043e\u044e \u043f\u0440\u0438\u043f\u0440\u0430\u0432\u043e\u044e, \u0434\u0430\u0440\u0443\u044e\u0447\u0438 \u043d\u0430\u0441\u0438\u0447\u0435\u043d\u0438\u0439 \u0441\u043c\u0430\u043a\u043e\u0432\u0438\u0439 \u0434\u043e\u0441\u0432\u0456\u0434 \u0442\u0430 \u0456\u0434\u0435\u0430\u043b\u044c\u043d\u0443 \u0445\u0440\u0443\u043c\u043a\u0456\u0441\u0442\u044c.  \u0412\u0435\u043b\u0438\u043a\u0438\u0439 \u0444\u043e\u0440\u043c\u0430\u0442 750 \u0433 \u2014 \u0456\u0434\u0435\u0430\u043b\u044c\u043d\u0438\u0439 \u0434\u043b\u044f \u0432\u0435\u0447\u0456\u0440\u043e\u043a, \u043a\u043e\u043c\u043f\u0430\u043d\u0456\u0457 \u0430\u0431\u043e \u0434\u043e\u0432\u0433\u0438\u0445 \u043a\u0456\u043d\u043e\u043f\u0435\u0440\u0435\u0433\u043b\u044f\u0434\u0456\u0432.  \u0413\u0440\u0430\u043c\u0438: 750 \u0433\u0440\u0430\u043c\" \/>\n<meta property=\"og:url\" content=\"https:\/\/snekpl.com\/pl\/produkt\/\u0447\u0456\u043f\u0441\u0438-\u0437\u0456-\u0441\u043c\u0430\u043a\u043e\u043c-\u0441\u0438\u0440\u0443\/\" \/>\n<meta property=\"og:site_name\" content=\"SNEK.PL\" \/>\n<meta property=\"article:modified_time\" content=\"2025-11-30T21:33:12+00:00\" \/>\n<meta property=\"og:image\" content=\"https:\/\/snekpl.com\/wp-content\/uploads\/2025\/11\/IMG_4206-scaled.webp\" \/>\n\t<meta property=\"og:image:width\" content=\"2560\" \/>\n\t<meta property=\"og:image:height\" content=\"1920\" \/>\n\t<meta property=\"og:image:type\" content=\"image\/webp\" \/>\n<meta name=\"twitter:card\" content=\"summary_large_image\" \/>\n<meta name=\"twitter:label1\" content=\"Szacowany czas czytania\" \/>\n\t<meta name=\"twitter:data1\" content=\"1 minuta\" \/>\n<script type=\"application\/ld+json\" class=\"yoast-schema-graph\">{\"@context\":\"https:\/\/schema.org\",\"@graph\":[{\"@type\":\"WebPage\",\"@id\":\"https:\/\/snekpl.com\/pl\/produkt\/%d1%87%d1%96%d0%bf%d1%81%d0%b8-%d0%b7%d1%96-%d1%81%d0%bc%d0%b0%d0%ba%d0%be%d0%bc-%d1%81%d0%b8%d1%80%d1%83\/\",\"url\":\"https:\/\/snekpl.com\/pl\/produkt\/%d1%87%d1%96%d0%bf%d1%81%d0%b8-%d0%b7%d1%96-%d1%81%d0%bc%d0%b0%d0%ba%d0%be%d0%bc-%d1%81%d0%b8%d1%80%d1%83\/\",\"name\":\"\u0427\u0456\u043f\u0441\u0438 \u0437\u0456 \u0441\u043c\u0430\u043a\u043e\u043c \u0421\u0438\u0440\u0443 750\u0433\u0440\u0430\u043c - SNEK.PL\",\"isPartOf\":{\"@id\":\"https:\/\/snekpl.com\/pl\/#website\"},\"primaryImageOfPage\":{\"@id\":\"https:\/\/snekpl.com\/pl\/produkt\/%d1%87%d1%96%d0%bf%d1%81%d0%b8-%d0%b7%d1%96-%d1%81%d0%bc%d0%b0%d0%ba%d0%be%d0%bc-%d1%81%d0%b8%d1%80%d1%83\/#primaryimage\"},\"image\":{\"@id\":\"https:\/\/snekpl.com\/pl\/produkt\/%d1%87%d1%96%d0%bf%d1%81%d0%b8-%d0%b7%d1%96-%d1%81%d0%bc%d0%b0%d0%ba%d0%be%d0%bc-%d1%81%d0%b8%d1%80%d1%83\/#primaryimage\"},\"thumbnailUrl\":\"https:\/\/snekpl.com\/wp-content\/uploads\/2025\/11\/IMG_4206-scaled.webp\",\"datePublished\":\"2025-11-17T09:58:05+00:00\",\"dateModified\":\"2025-11-30T21:33:12+00:00\",\"breadcrumb\":{\"@id\":\"https:\/\/snekpl.com\/pl\/produkt\/%d1%87%d1%96%d0%bf%d1%81%d0%b8-%d0%b7%d1%96-%d1%81%d0%bc%d0%b0%d0%ba%d0%be%d0%bc-%d1%81%d0%b8%d1%80%d1%83\/#breadcrumb\"},\"inLanguage\":\"pl-PL\",\"potentialAction\":[{\"@type\":\"ReadAction\",\"target\":[\"https:\/\/snekpl.com\/pl\/produkt\/%d1%87%d1%96%d0%bf%d1%81%d0%b8-%d0%b7%d1%96-%d1%81%d0%bc%d0%b0%d0%ba%d0%be%d0%bc-%d1%81%d0%b8%d1%80%d1%83\/\"]}]},{\"@type\":\"ImageObject\",\"inLanguage\":\"pl-PL\",\"@id\":\"https:\/\/snekpl.com\/pl\/produkt\/%d1%87%d1%96%d0%bf%d1%81%d0%b8-%d0%b7%d1%96-%d1%81%d0%bc%d0%b0%d0%ba%d0%be%d0%bc-%d1%81%d0%b8%d1%80%d1%83\/#primaryimage\",\"url\":\"https:\/\/snekpl.com\/wp-content\/uploads\/2025\/11\/IMG_4206-scaled.webp\",\"contentUrl\":\"https:\/\/snekpl.com\/wp-content\/uploads\/2025\/11\/IMG_4206-scaled.webp\",\"width\":2560,\"height\":1920},{\"@type\":\"BreadcrumbList\",\"@id\":\"https:\/\/snekpl.com\/pl\/produkt\/%d1%87%d1%96%d0%bf%d1%81%d0%b8-%d0%b7%d1%96-%d1%81%d0%bc%d0%b0%d0%ba%d0%be%d0%bc-%d1%81%d0%b8%d1%80%d1%83\/#breadcrumb\",\"itemListElement\":[{\"@type\":\"ListItem\",\"position\":1,\"name\":\"Home\",\"item\":\"https:\/\/snekpl.com\/pl\/\"},{\"@type\":\"ListItem\",\"position\":2,\"name\":\"Snek\",\"item\":\"https:\/\/snekpl.com\/pl\/\"},{\"@type\":\"ListItem\",\"position\":3,\"name\":\"\u0427\u0456\u043f\u0441\u0438 \u0437\u0456 \u0441\u043c\u0430\u043a\u043e\u043c \u0421\u0438\u0440\u0443 750\u0433\u0440\u0430\u043c\"}]},{\"@type\":\"WebSite\",\"@id\":\"https:\/\/snekpl.com\/pl\/#website\",\"url\":\"https:\/\/snekpl.com\/pl\/\",\"name\":\"SNEK.PL\",\"description\":\"SNEK.PL - \u043a\u043e\u043b\u0438 \u0445\u043e\u0447\u0435\u0448 \u0441\u043c\u0430\u0447\u043d\u043e, \u043f\u0440\u043e\u0441\u0442\u043e \u0456 \u043f\u043e-\u0441\u043f\u0440\u0430\u0432\u0436\u043d\u044c\u043e\u043c\u0443\",\"potentialAction\":[{\"@type\":\"SearchAction\",\"target\":{\"@type\":\"EntryPoint\",\"urlTemplate\":\"https:\/\/snekpl.com\/pl\/?s={search_term_string}\"},\"query-input\":{\"@type\":\"PropertyValueSpecification\",\"valueRequired\":true,\"valueName\":\"search_term_string\"}}],\"inLanguage\":\"pl-PL\"}]}<\/script>\n<!-- \/ Yoast SEO Premium plugin. -->","yoast_head_json":{"title":"\u0427\u0456\u043f\u0441\u0438 \u0437\u0456 \u0441\u043c\u0430\u043a\u043e\u043c \u0421\u0438\u0440\u0443 750\u0433\u0440\u0430\u043c - SNEK.PL","robots":{"index":"index","follow":"follow","max-snippet":"max-snippet:-1","max-image-preview":"max-image-preview:large","max-video-preview":"max-video-preview:-1"},"canonical":"https:\/\/snekpl.com\/pl\/produkt\/\u0447\u0456\u043f\u0441\u0438-\u0437\u0456-\u0441\u043c\u0430\u043a\u043e\u043c-\u0441\u0438\u0440\u0443\/","og_locale":"pl_PL","og_type":"article","og_title":"\u0427\u0456\u043f\u0441\u0438 \u0437\u0456 \u0441\u043c\u0430\u043a\u043e\u043c \u0421\u0438\u0440\u0443 750\u0433\u0440\u0430\u043c","og_description":"\u0410\u0440\u043e\u043c\u0430\u0442\u043d\u0456, \u0445\u0440\u0443\u0441\u0442\u043a\u0456 \u0442\u0430 \u043d\u0435\u0439\u043c\u043e\u0432\u0456\u0440\u043d\u043e \u0430\u043f\u0435\u0442\u0438\u0442\u043d\u0456 \u0447\u0456\u043f\u0441\u0438 \u0437 \u0432\u0438\u0440\u0430\u0437\u043d\u0438\u043c \u0441\u0438\u0440\u043d\u0438\u043c \u0441\u043c\u0430\u043a\u043e\u043c. \u041a\u043e\u0436\u043d\u0430 \u043f\u043b\u0430\u0441\u0442\u0438\u043d\u043a\u0430 \u0432\u043a\u0440\u0438\u0432\u0430\u0454\u0442\u044c\u0441\u044f \u0440\u0456\u0432\u043d\u043e\u043c\u0456\u0440\u043d\u043e\u044e \u043f\u0440\u0438\u043f\u0440\u0430\u0432\u043e\u044e, \u0434\u0430\u0440\u0443\u044e\u0447\u0438 \u043d\u0430\u0441\u0438\u0447\u0435\u043d\u0438\u0439 \u0441\u043c\u0430\u043a\u043e\u0432\u0438\u0439 \u0434\u043e\u0441\u0432\u0456\u0434 \u0442\u0430 \u0456\u0434\u0435\u0430\u043b\u044c\u043d\u0443 \u0445\u0440\u0443\u043c\u043a\u0456\u0441\u0442\u044c.  \u0412\u0435\u043b\u0438\u043a\u0438\u0439 \u0444\u043e\u0440\u043c\u0430\u0442 750 \u0433 \u2014 \u0456\u0434\u0435\u0430\u043b\u044c\u043d\u0438\u0439 \u0434\u043b\u044f \u0432\u0435\u0447\u0456\u0440\u043e\u043a, \u043a\u043e\u043c\u043f\u0430\u043d\u0456\u0457 \u0430\u0431\u043e \u0434\u043e\u0432\u0433\u0438\u0445 \u043a\u0456\u043d\u043e\u043f\u0435\u0440\u0435\u0433\u043b\u044f\u0434\u0456\u0432.  \u0413\u0440\u0430\u043c\u0438: 750 \u0433\u0440\u0430\u043c","og_url":"https:\/\/snekpl.com\/pl\/produkt\/\u0447\u0456\u043f\u0441\u0438-\u0437\u0456-\u0441\u043c\u0430\u043a\u043e\u043c-\u0441\u0438\u0440\u0443\/","og_site_name":"SNEK.PL","article_modified_time":"2025-11-30T21:33:12+00:00","og_image":[{"width":2560,"height":1920,"url":"https:\/\/snekpl.com\/wp-content\/uploads\/2025\/11\/IMG_4206-scaled.webp","type":"image\/webp"}],"twitter_card":"summary_large_image","twitter_misc":{"Szacowany czas czytania":"1 minuta"},"schema":{"@context":"https:\/\/schema.org","@graph":[{"@type":"WebPage","@id":"https:\/\/snekpl.com\/pl\/produkt\/%d1%87%d1%96%d0%bf%d1%81%d0%b8-%d0%b7%d1%96-%d1%81%d0%bc%d0%b0%d0%ba%d0%be%d0%bc-%d1%81%d0%b8%d1%80%d1%83\/","url":"https:\/\/snekpl.com\/pl\/produkt\/%d1%87%d1%96%d0%bf%d1%81%d0%b8-%d0%b7%d1%96-%d1%81%d0%bc%d0%b0%d0%ba%d0%be%d0%bc-%d1%81%d0%b8%d1%80%d1%83\/","name":"\u0427\u0456\u043f\u0441\u0438 \u0437\u0456 \u0441\u043c\u0430\u043a\u043e\u043c \u0421\u0438\u0440\u0443 750\u0433\u0440\u0430\u043c - SNEK.PL","isPartOf":{"@id":"https:\/\/snekpl.com\/pl\/#website"},"primaryImageOfPage":{"@id":"https:\/\/snekpl.com\/pl\/produkt\/%d1%87%d1%96%d0%bf%d1%81%d0%b8-%d0%b7%d1%96-%d1%81%d0%bc%d0%b0%d0%ba%d0%be%d0%bc-%d1%81%d0%b8%d1%80%d1%83\/#primaryimage"},"image":{"@id":"https:\/\/snekpl.com\/pl\/produkt\/%d1%87%d1%96%d0%bf%d1%81%d0%b8-%d0%b7%d1%96-%d1%81%d0%bc%d0%b0%d0%ba%d0%be%d0%bc-%d1%81%d0%b8%d1%80%d1%83\/#primaryimage"},"thumbnailUrl":"https:\/\/snekpl.com\/wp-content\/uploads\/2025\/11\/IMG_4206-scaled.webp","datePublished":"2025-11-17T09:58:05+00:00","dateModified":"2025-11-30T21:33:12+00:00","breadcrumb":{"@id":"https:\/\/snekpl.com\/pl\/produkt\/%d1%87%d1%96%d0%bf%d1%81%d0%b8-%d0%b7%d1%96-%d1%81%d0%bc%d0%b0%d0%ba%d0%be%d0%bc-%d1%81%d0%b8%d1%80%d1%83\/#breadcrumb"},"inLanguage":"pl-PL","potentialAction":[{"@type":"ReadAction","target":["https:\/\/snekpl.com\/pl\/produkt\/%d1%87%d1%96%d0%bf%d1%81%d0%b8-%d0%b7%d1%96-%d1%81%d0%bc%d0%b0%d0%ba%d0%be%d0%bc-%d1%81%d0%b8%d1%80%d1%83\/"]}]},{"@type":"ImageObject","inLanguage":"pl-PL","@id":"https:\/\/snekpl.com\/pl\/produkt\/%d1%87%d1%96%d0%bf%d1%81%d0%b8-%d0%b7%d1%96-%d1%81%d0%bc%d0%b0%d0%ba%d0%be%d0%bc-%d1%81%d0%b8%d1%80%d1%83\/#primaryimage","url":"https:\/\/snekpl.com\/wp-content\/uploads\/2025\/11\/IMG_4206-scaled.webp","contentUrl":"https:\/\/snekpl.com\/wp-content\/uploads\/2025\/11\/IMG_4206-scaled.webp","width":2560,"height":1920},{"@type":"BreadcrumbList","@id":"https:\/\/snekpl.com\/pl\/produkt\/%d1%87%d1%96%d0%bf%d1%81%d0%b8-%d0%b7%d1%96-%d1%81%d0%bc%d0%b0%d0%ba%d0%be%d0%bc-%d1%81%d0%b8%d1%80%d1%83\/#breadcrumb","itemListElement":[{"@type":"ListItem","position":1,"name":"Home","item":"https:\/\/snekpl.com\/pl\/"},{"@type":"ListItem","position":2,"name":"Snek","item":"https:\/\/snekpl.com\/pl\/"},{"@type":"ListItem","position":3,"name":"\u0427\u0456\u043f\u0441\u0438 \u0437\u0456 \u0441\u043c\u0430\u043a\u043e\u043c \u0421\u0438\u0440\u0443 750\u0433\u0440\u0430\u043c"}]},{"@type":"WebSite","@id":"https:\/\/snekpl.com\/pl\/#website","url":"https:\/\/snekpl.com\/pl\/","name":"SNEK.PL","description":"SNEK.PL - \u043a\u043e\u043b\u0438 \u0445\u043e\u0447\u0435\u0448 \u0441\u043c\u0430\u0447\u043d\u043e, \u043f\u0440\u043e\u0441\u0442\u043e \u0456 \u043f\u043e-\u0441\u043f\u0440\u0430\u0432\u0436\u043d\u044c\u043e\u043c\u0443","potentialAction":[{"@type":"SearchAction","target":{"@type":"EntryPoint","urlTemplate":"https:\/\/snekpl.com\/pl\/?s={search_term_string}"},"query-input":{"@type":"PropertyValueSpecification","valueRequired":true,"valueName":"search_term_string"}}],"inLanguage":"pl-PL"}]}},"_links":{"self":[{"href":"https:\/\/snekpl.com\/pl\/wp-json\/wp\/v2\/product\/2585","targetHints":{"allow":["GET"]}}],"collection":[{"href":"https:\/\/snekpl.com\/pl\/wp-json\/wp\/v2\/product"}],"about":[{"href":"https:\/\/snekpl.com\/pl\/wp-json\/wp\/v2\/types\/product"}],"replies":[{"embeddable":true,"href":"https:\/\/snekpl.com\/pl\/wp-json\/wp\/v2\/comments?post=2585"}],"version-history":[{"count":3,"href":"https:\/\/snekpl.com\/pl\/wp-json\/wp\/v2\/product\/2585\/revisions"}],"predecessor-version":[{"id":2870,"href":"https:\/\/snekpl.com\/pl\/wp-json\/wp\/v2\/product\/2585\/revisions\/2870"}],"wp:featuredmedia":[{"embeddable":true,"href":"https:\/\/snekpl.com\/pl\/wp-json\/wp\/v2\/media\/2816"}],"wp:attachment":[{"href":"https:\/\/snekpl.com\/pl\/wp-json\/wp\/v2\/media?parent=2585"}],"wp:term":[{"taxonomy":"product_brand","embeddable":true,"href":"https:\/\/snekpl.com\/pl\/wp-json\/wp\/v2\/product_brand?post=2585"},{"taxonomy":"product_cat","embeddable":true,"href":"https:\/\/snekpl.com\/pl\/wp-json\/wp\/v2\/product_cat?post=2585"},{"taxonomy":"product_tag","embeddable":true,"href":"https:\/\/snekpl.com\/pl\/wp-json\/wp\/v2\/product_tag?post=2585"}],"curies":[{"name":"wp","href":"https:\/\/api.w.org\/{rel}","templated":true}]}}