{"id":2597,"date":"2025-11-17T12:58:05","date_gmt":"2025-11-17T09:58:05","guid":{"rendered":"https:\/\/snekpl.com\/product\/%d0%bf%d0%b0%d1%81%d1%82%d0%b8%d0%bb%d0%b0-%d1%8f%d0%b3%d1%96%d0%b4%d0%bd%d0%b8%d0%b9-%d0%bc%d1%96%d0%ba%d1%81\/"},"modified":"2026-01-17T03:47:27","modified_gmt":"2026-01-17T00:47:27","slug":"%d0%bf%d0%b0%d1%81%d1%82%d0%b8%d0%bb%d0%b0-%d1%8f%d0%b3%d1%96%d0%b4%d0%bd%d0%b8%d0%b9-%d0%bc%d1%96%d0%ba%d1%81","status":"publish","type":"product","link":"https:\/\/snekpl.com\/pl\/produkt\/%d0%bf%d0%b0%d1%81%d1%82%d0%b8%d0%bb%d0%b0-%d1%8f%d0%b3%d1%96%d0%b4%d0%bd%d0%b8%d0%b9-%d0%bc%d1%96%d0%ba%d1%81\/","title":{"rendered":"Pastylki owocowe \u2013 mix jagodowy 100g"},"content":{"rendered":"","protected":false},"excerpt":{"rendered":"<p>Pastylki s\u0105 lekkie, aromatyczne, bez cukru i zb\u0119dnych dodatk\u00f3w \u2014 idealny wyb\u00f3r na zdrow\u0105 przek\u0105sk\u0119, zestaw upominkowy lub r\u00f3\u017cnorodno\u015b\u0107 smak\u00f3w \u201ena co dzie\u0144\u201d.<\/p>\n<p>Taka mieszanka zawsze wygl\u0105da bogato, apetycznie i daje mo\u017cliwo\u015b\u0107 spr\u00f3bowania kilku ulubionych owoc\u00f3w w wygodnej formie.<\/p>\n<p>W sk\u0142ad mieszanki jagodowej wchodz\u0105:<br \/>\nJab\u0142ko truskawka<br \/>\nJab\u0142ko malina<br \/>\nJab\u0142ko wi\u015bnia<br \/>\nJab\u0142ko bor\u00f3wka<br \/>\nJab\u0142ko porzeczka<br \/>\nJab\u0142ko porzeczka<\/p>\n<p>Waga: 100 g<\/p>","protected":false},"featured_media":2802,"comment_status":"closed","ping_status":"closed","template":"","meta":[],"product_brand":[],"product_cat":[279],"product_tag":[],"class_list":{"0":"post-2597","1":"product","2":"type-product","3":"status-publish","4":"has-post-thumbnail","6":"product_cat-279","7":"pa_-271","9":"first","10":"instock","11":"purchasable","12":"product-type-simple"},"yoast_head":"<!-- This site is optimized with the Yoast SEO Premium plugin v25.6 (Yoast SEO v25.6) - https:\/\/yoast.com\/wordpress\/plugins\/seo\/ -->\n<title>\u041f\u0430\u0441\u0442\u0438\u043b\u0430 \u042f\u0433\u0456\u0434\u043d\u0438\u0439 \u043c\u0456\u043a\u0441 100\u0433\u0440\u0430\u043c - SNEK.PL<\/title>\n<meta name=\"robots\" content=\"index, follow, max-snippet:-1, max-image-preview:large, max-video-preview:-1\" \/>\n<link rel=\"canonical\" href=\"https:\/\/snekpl.com\/pl\/produkt\/\u043f\u0430\u0441\u0442\u0438\u043b\u0430-\u044f\u0433\u0456\u0434\u043d\u0438\u0439-\u043c\u0456\u043a\u0441\/\" \/>\n<meta property=\"og:locale\" content=\"pl_PL\" \/>\n<meta property=\"og:type\" content=\"article\" \/>\n<meta property=\"og:title\" content=\"\u041f\u0430\u0441\u0442\u0438\u043b\u0430 \u042f\u0433\u0456\u0434\u043d\u0438\u0439 \u043c\u0456\u043a\u0441 100\u0433\u0440\u0430\u043c\" \/>\n<meta property=\"og:description\" content=\"\u041f\u0430\u0441\u0442\u0438\u043b\u0430 \u043b\u0435\u0433\u043a\u0430, \u0430\u0440\u043e\u043c\u0430\u0442\u043d\u0430, \u0431\u0435\u0437 \u0446\u0443\u043a\u0440\u0443 \u0442\u0430 \u0437\u0430\u0439\u0432\u0438\u0445 \u0434\u043e\u0431\u0430\u0432\u043e\u043a \u2014 \u0456\u0434\u0435\u0430\u043b\u044c\u043d\u0438\u0439 \u0432\u0438\u0431\u0456\u0440 \u0434\u043b\u044f \u043a\u043e\u0440\u0438\u0441\u043d\u043e\u0433\u043e \u043f\u0435\u0440\u0435\u043a\u0443\u0441\u0443, \u043f\u043e\u0434\u0430\u0440\u0443\u043d\u043a\u043e\u0432\u043e\u0433\u043e \u043d\u0430\u0431\u043e\u0440\u0443 \u0430\u0431\u043e \u0440\u0456\u0437\u043d\u043e\u043c\u0430\u043d\u0456\u0442\u0442\u044f \u0441\u043c\u0430\u043a\u0456\u0432 \u00ab\u043d\u0430 \u043a\u043e\u0436\u0435\u043d \u0434\u0435\u043d\u044c\u00bb.  \u0422\u0430\u043a\u0438\u0439 \u043c\u0456\u043a\u0441 \u0437\u0430\u0432\u0436\u0434\u0438 \u0432\u0438\u0433\u043b\u044f\u0434\u0430\u0454 \u0431\u0430\u0433\u0430\u0442\u0438\u043c, \u0430\u043f\u0435\u0442\u0438\u0442\u043d\u0438\u043c \u0456 \u0434\u0430\u0440\u0443\u0454 \u043c\u043e\u0436\u043b\u0438\u0432\u0456\u0441\u0442\u044c \u0441\u043f\u0440\u043e\u0431\u0443\u0432\u0430\u0442\u0438 \u043e\u0434\u0440\u0430\u0437\u0443 \u043a\u0456\u043b\u044c\u043a\u0430 \u0443\u043b\u044e\u0431\u043b\u0435\u043d\u0438\u0445 \u0444\u0440\u0443\u043a\u0442\u0456\u0432 \u0443 \u0437\u0440\u0443\u0447\u043d\u043e\u043c\u0443 \u0444\u043e\u0440\u043c\u0430\u0442\u0456.  \u0414\u043e \u042f\u0433\u0456\u0434\u043d\u043e\u0433\u043e \u043c\u0456\u043a\u0441\u0443 \u0432\u0445\u043e\u0434\u044f\u0442\u044c: \u2022 \u042f\u0431\u043b\u0443\u043a\u043e \u043f\u043e\u043b\u0443\u043d\u0438\u0446\u044f \u2022 \u042f\u0431\u043b\u0443\u043a\u043e \u043c\u0430\u043b\u0438\u043d\u0430 \u2022 \u042f\u0431\u043b\u0443\u043a\u043e \u0432\u0438\u0448\u043d\u044f \u2022 \u042f\u0431\u043b\u0443\u043a\u043e \u0447\u043e\u0440\u043d\u0438\u0446\u044f \u2022 \u042f\u0431\u043b\u0443\u043a\u043e \u0441\u043c\u043e\u0440\u043e\u0434\u0438\u043d\u0430 \u2022 \u042f\u0431\u043b\u0443\u043a\u043e \u0448\u043e\u0432\u043a\u043e\u0432\u0438\u0446\u044f  \u0413\u0440\u0430\u043c\u0438: 100 \u0433\u0440\u0430\u043c\" \/>\n<meta property=\"og:url\" content=\"https:\/\/snekpl.com\/pl\/produkt\/\u043f\u0430\u0441\u0442\u0438\u043b\u0430-\u044f\u0433\u0456\u0434\u043d\u0438\u0439-\u043c\u0456\u043a\u0441\/\" \/>\n<meta property=\"og:site_name\" content=\"SNEK.PL\" \/>\n<meta property=\"article:modified_time\" content=\"2026-01-17T00:47:27+00:00\" \/>\n<meta property=\"og:image\" content=\"https:\/\/snekpl.com\/wp-content\/uploads\/2025\/11\/IMG_4195-scaled.webp\" \/>\n\t<meta property=\"og:image:width\" content=\"2560\" \/>\n\t<meta property=\"og:image:height\" content=\"1920\" \/>\n\t<meta property=\"og:image:type\" content=\"image\/webp\" \/>\n<meta name=\"twitter:card\" content=\"summary_large_image\" \/>\n<meta name=\"twitter:label1\" content=\"Szacowany czas czytania\" \/>\n\t<meta name=\"twitter:data1\" content=\"1 minuta\" \/>\n<script type=\"application\/ld+json\" class=\"yoast-schema-graph\">{\"@context\":\"https:\/\/schema.org\",\"@graph\":[{\"@type\":\"WebPage\",\"@id\":\"https:\/\/snekpl.com\/pl\/produkt\/%d0%bf%d0%b0%d1%81%d1%82%d0%b8%d0%bb%d0%b0-%d1%8f%d0%b3%d1%96%d0%b4%d0%bd%d0%b8%d0%b9-%d0%bc%d1%96%d0%ba%d1%81\/\",\"url\":\"https:\/\/snekpl.com\/pl\/produkt\/%d0%bf%d0%b0%d1%81%d1%82%d0%b8%d0%bb%d0%b0-%d1%8f%d0%b3%d1%96%d0%b4%d0%bd%d0%b8%d0%b9-%d0%bc%d1%96%d0%ba%d1%81\/\",\"name\":\"\u041f\u0430\u0441\u0442\u0438\u043b\u0430 \u042f\u0433\u0456\u0434\u043d\u0438\u0439 \u043c\u0456\u043a\u0441 100\u0433\u0440\u0430\u043c - SNEK.PL\",\"isPartOf\":{\"@id\":\"https:\/\/snekpl.com\/pl\/#website\"},\"primaryImageOfPage\":{\"@id\":\"https:\/\/snekpl.com\/pl\/produkt\/%d0%bf%d0%b0%d1%81%d1%82%d0%b8%d0%bb%d0%b0-%d1%8f%d0%b3%d1%96%d0%b4%d0%bd%d0%b8%d0%b9-%d0%bc%d1%96%d0%ba%d1%81\/#primaryimage\"},\"image\":{\"@id\":\"https:\/\/snekpl.com\/pl\/produkt\/%d0%bf%d0%b0%d1%81%d1%82%d0%b8%d0%bb%d0%b0-%d1%8f%d0%b3%d1%96%d0%b4%d0%bd%d0%b8%d0%b9-%d0%bc%d1%96%d0%ba%d1%81\/#primaryimage\"},\"thumbnailUrl\":\"https:\/\/snekpl.com\/wp-content\/uploads\/2025\/11\/IMG_4195-scaled.webp\",\"datePublished\":\"2025-11-17T09:58:05+00:00\",\"dateModified\":\"2026-01-17T00:47:27+00:00\",\"breadcrumb\":{\"@id\":\"https:\/\/snekpl.com\/pl\/produkt\/%d0%bf%d0%b0%d1%81%d1%82%d0%b8%d0%bb%d0%b0-%d1%8f%d0%b3%d1%96%d0%b4%d0%bd%d0%b8%d0%b9-%d0%bc%d1%96%d0%ba%d1%81\/#breadcrumb\"},\"inLanguage\":\"pl-PL\",\"potentialAction\":[{\"@type\":\"ReadAction\",\"target\":[\"https:\/\/snekpl.com\/pl\/produkt\/%d0%bf%d0%b0%d1%81%d1%82%d0%b8%d0%bb%d0%b0-%d1%8f%d0%b3%d1%96%d0%b4%d0%bd%d0%b8%d0%b9-%d0%bc%d1%96%d0%ba%d1%81\/\"]}]},{\"@type\":\"ImageObject\",\"inLanguage\":\"pl-PL\",\"@id\":\"https:\/\/snekpl.com\/pl\/produkt\/%d0%bf%d0%b0%d1%81%d1%82%d0%b8%d0%bb%d0%b0-%d1%8f%d0%b3%d1%96%d0%b4%d0%bd%d0%b8%d0%b9-%d0%bc%d1%96%d0%ba%d1%81\/#primaryimage\",\"url\":\"https:\/\/snekpl.com\/wp-content\/uploads\/2025\/11\/IMG_4195-scaled.webp\",\"contentUrl\":\"https:\/\/snekpl.com\/wp-content\/uploads\/2025\/11\/IMG_4195-scaled.webp\",\"width\":2560,\"height\":1920},{\"@type\":\"BreadcrumbList\",\"@id\":\"https:\/\/snekpl.com\/pl\/produkt\/%d0%bf%d0%b0%d1%81%d1%82%d0%b8%d0%bb%d0%b0-%d1%8f%d0%b3%d1%96%d0%b4%d0%bd%d0%b8%d0%b9-%d0%bc%d1%96%d0%ba%d1%81\/#breadcrumb\",\"itemListElement\":[{\"@type\":\"ListItem\",\"position\":1,\"name\":\"Home\",\"item\":\"https:\/\/snekpl.com\/pl\/\"},{\"@type\":\"ListItem\",\"position\":2,\"name\":\"Snek\",\"item\":\"https:\/\/snekpl.com\/pl\/\"},{\"@type\":\"ListItem\",\"position\":3,\"name\":\"\u041f\u0430\u0441\u0442\u0438\u043b\u0430 \u042f\u0433\u0456\u0434\u043d\u0438\u0439 \u043c\u0456\u043a\u0441 100\u0433\u0440\u0430\u043c\"}]},{\"@type\":\"WebSite\",\"@id\":\"https:\/\/snekpl.com\/pl\/#website\",\"url\":\"https:\/\/snekpl.com\/pl\/\",\"name\":\"SNEK.PL\",\"description\":\"SNEK.PL - \u043a\u043e\u043b\u0438 \u0445\u043e\u0447\u0435\u0448 \u0441\u043c\u0430\u0447\u043d\u043e, \u043f\u0440\u043e\u0441\u0442\u043e \u0456 \u043f\u043e-\u0441\u043f\u0440\u0430\u0432\u0436\u043d\u044c\u043e\u043c\u0443\",\"potentialAction\":[{\"@type\":\"SearchAction\",\"target\":{\"@type\":\"EntryPoint\",\"urlTemplate\":\"https:\/\/snekpl.com\/pl\/?s={search_term_string}\"},\"query-input\":{\"@type\":\"PropertyValueSpecification\",\"valueRequired\":true,\"valueName\":\"search_term_string\"}}],\"inLanguage\":\"pl-PL\"}]}<\/script>\n<!-- \/ Yoast SEO Premium plugin. -->","yoast_head_json":{"title":"\u041f\u0430\u0441\u0442\u0438\u043b\u0430 \u042f\u0433\u0456\u0434\u043d\u0438\u0439 \u043c\u0456\u043a\u0441 100\u0433\u0440\u0430\u043c - SNEK.PL","robots":{"index":"index","follow":"follow","max-snippet":"max-snippet:-1","max-image-preview":"max-image-preview:large","max-video-preview":"max-video-preview:-1"},"canonical":"https:\/\/snekpl.com\/pl\/produkt\/\u043f\u0430\u0441\u0442\u0438\u043b\u0430-\u044f\u0433\u0456\u0434\u043d\u0438\u0439-\u043c\u0456\u043a\u0441\/","og_locale":"pl_PL","og_type":"article","og_title":"\u041f\u0430\u0441\u0442\u0438\u043b\u0430 \u042f\u0433\u0456\u0434\u043d\u0438\u0439 \u043c\u0456\u043a\u0441 100\u0433\u0440\u0430\u043c","og_description":"\u041f\u0430\u0441\u0442\u0438\u043b\u0430 \u043b\u0435\u0433\u043a\u0430, \u0430\u0440\u043e\u043c\u0430\u0442\u043d\u0430, \u0431\u0435\u0437 \u0446\u0443\u043a\u0440\u0443 \u0442\u0430 \u0437\u0430\u0439\u0432\u0438\u0445 \u0434\u043e\u0431\u0430\u0432\u043e\u043a \u2014 \u0456\u0434\u0435\u0430\u043b\u044c\u043d\u0438\u0439 \u0432\u0438\u0431\u0456\u0440 \u0434\u043b\u044f \u043a\u043e\u0440\u0438\u0441\u043d\u043e\u0433\u043e \u043f\u0435\u0440\u0435\u043a\u0443\u0441\u0443, \u043f\u043e\u0434\u0430\u0440\u0443\u043d\u043a\u043e\u0432\u043e\u0433\u043e \u043d\u0430\u0431\u043e\u0440\u0443 \u0430\u0431\u043e \u0440\u0456\u0437\u043d\u043e\u043c\u0430\u043d\u0456\u0442\u0442\u044f \u0441\u043c\u0430\u043a\u0456\u0432 \u00ab\u043d\u0430 \u043a\u043e\u0436\u0435\u043d \u0434\u0435\u043d\u044c\u00bb.  \u0422\u0430\u043a\u0438\u0439 \u043c\u0456\u043a\u0441 \u0437\u0430\u0432\u0436\u0434\u0438 \u0432\u0438\u0433\u043b\u044f\u0434\u0430\u0454 \u0431\u0430\u0433\u0430\u0442\u0438\u043c, \u0430\u043f\u0435\u0442\u0438\u0442\u043d\u0438\u043c \u0456 \u0434\u0430\u0440\u0443\u0454 \u043c\u043e\u0436\u043b\u0438\u0432\u0456\u0441\u0442\u044c \u0441\u043f\u0440\u043e\u0431\u0443\u0432\u0430\u0442\u0438 \u043e\u0434\u0440\u0430\u0437\u0443 \u043a\u0456\u043b\u044c\u043a\u0430 \u0443\u043b\u044e\u0431\u043b\u0435\u043d\u0438\u0445 \u0444\u0440\u0443\u043a\u0442\u0456\u0432 \u0443 \u0437\u0440\u0443\u0447\u043d\u043e\u043c\u0443 \u0444\u043e\u0440\u043c\u0430\u0442\u0456.  \u0414\u043e \u042f\u0433\u0456\u0434\u043d\u043e\u0433\u043e \u043c\u0456\u043a\u0441\u0443 \u0432\u0445\u043e\u0434\u044f\u0442\u044c: \u2022 \u042f\u0431\u043b\u0443\u043a\u043e \u043f\u043e\u043b\u0443\u043d\u0438\u0446\u044f \u2022 \u042f\u0431\u043b\u0443\u043a\u043e \u043c\u0430\u043b\u0438\u043d\u0430 \u2022 \u042f\u0431\u043b\u0443\u043a\u043e \u0432\u0438\u0448\u043d\u044f \u2022 \u042f\u0431\u043b\u0443\u043a\u043e \u0447\u043e\u0440\u043d\u0438\u0446\u044f \u2022 \u042f\u0431\u043b\u0443\u043a\u043e \u0441\u043c\u043e\u0440\u043e\u0434\u0438\u043d\u0430 \u2022 \u042f\u0431\u043b\u0443\u043a\u043e \u0448\u043e\u0432\u043a\u043e\u0432\u0438\u0446\u044f  \u0413\u0440\u0430\u043c\u0438: 100 \u0433\u0440\u0430\u043c","og_url":"https:\/\/snekpl.com\/pl\/produkt\/\u043f\u0430\u0441\u0442\u0438\u043b\u0430-\u044f\u0433\u0456\u0434\u043d\u0438\u0439-\u043c\u0456\u043a\u0441\/","og_site_name":"SNEK.PL","article_modified_time":"2026-01-17T00:47:27+00:00","og_image":[{"width":2560,"height":1920,"url":"https:\/\/snekpl.com\/wp-content\/uploads\/2025\/11\/IMG_4195-scaled.webp","type":"image\/webp"}],"twitter_card":"summary_large_image","twitter_misc":{"Szacowany czas czytania":"1 minuta"},"schema":{"@context":"https:\/\/schema.org","@graph":[{"@type":"WebPage","@id":"https:\/\/snekpl.com\/pl\/produkt\/%d0%bf%d0%b0%d1%81%d1%82%d0%b8%d0%bb%d0%b0-%d1%8f%d0%b3%d1%96%d0%b4%d0%bd%d0%b8%d0%b9-%d0%bc%d1%96%d0%ba%d1%81\/","url":"https:\/\/snekpl.com\/pl\/produkt\/%d0%bf%d0%b0%d1%81%d1%82%d0%b8%d0%bb%d0%b0-%d1%8f%d0%b3%d1%96%d0%b4%d0%bd%d0%b8%d0%b9-%d0%bc%d1%96%d0%ba%d1%81\/","name":"\u041f\u0430\u0441\u0442\u0438\u043b\u0430 \u042f\u0433\u0456\u0434\u043d\u0438\u0439 \u043c\u0456\u043a\u0441 100\u0433\u0440\u0430\u043c - SNEK.PL","isPartOf":{"@id":"https:\/\/snekpl.com\/pl\/#website"},"primaryImageOfPage":{"@id":"https:\/\/snekpl.com\/pl\/produkt\/%d0%bf%d0%b0%d1%81%d1%82%d0%b8%d0%bb%d0%b0-%d1%8f%d0%b3%d1%96%d0%b4%d0%bd%d0%b8%d0%b9-%d0%bc%d1%96%d0%ba%d1%81\/#primaryimage"},"image":{"@id":"https:\/\/snekpl.com\/pl\/produkt\/%d0%bf%d0%b0%d1%81%d1%82%d0%b8%d0%bb%d0%b0-%d1%8f%d0%b3%d1%96%d0%b4%d0%bd%d0%b8%d0%b9-%d0%bc%d1%96%d0%ba%d1%81\/#primaryimage"},"thumbnailUrl":"https:\/\/snekpl.com\/wp-content\/uploads\/2025\/11\/IMG_4195-scaled.webp","datePublished":"2025-11-17T09:58:05+00:00","dateModified":"2026-01-17T00:47:27+00:00","breadcrumb":{"@id":"https:\/\/snekpl.com\/pl\/produkt\/%d0%bf%d0%b0%d1%81%d1%82%d0%b8%d0%bb%d0%b0-%d1%8f%d0%b3%d1%96%d0%b4%d0%bd%d0%b8%d0%b9-%d0%bc%d1%96%d0%ba%d1%81\/#breadcrumb"},"inLanguage":"pl-PL","potentialAction":[{"@type":"ReadAction","target":["https:\/\/snekpl.com\/pl\/produkt\/%d0%bf%d0%b0%d1%81%d1%82%d0%b8%d0%bb%d0%b0-%d1%8f%d0%b3%d1%96%d0%b4%d0%bd%d0%b8%d0%b9-%d0%bc%d1%96%d0%ba%d1%81\/"]}]},{"@type":"ImageObject","inLanguage":"pl-PL","@id":"https:\/\/snekpl.com\/pl\/produkt\/%d0%bf%d0%b0%d1%81%d1%82%d0%b8%d0%bb%d0%b0-%d1%8f%d0%b3%d1%96%d0%b4%d0%bd%d0%b8%d0%b9-%d0%bc%d1%96%d0%ba%d1%81\/#primaryimage","url":"https:\/\/snekpl.com\/wp-content\/uploads\/2025\/11\/IMG_4195-scaled.webp","contentUrl":"https:\/\/snekpl.com\/wp-content\/uploads\/2025\/11\/IMG_4195-scaled.webp","width":2560,"height":1920},{"@type":"BreadcrumbList","@id":"https:\/\/snekpl.com\/pl\/produkt\/%d0%bf%d0%b0%d1%81%d1%82%d0%b8%d0%bb%d0%b0-%d1%8f%d0%b3%d1%96%d0%b4%d0%bd%d0%b8%d0%b9-%d0%bc%d1%96%d0%ba%d1%81\/#breadcrumb","itemListElement":[{"@type":"ListItem","position":1,"name":"Home","item":"https:\/\/snekpl.com\/pl\/"},{"@type":"ListItem","position":2,"name":"Snek","item":"https:\/\/snekpl.com\/pl\/"},{"@type":"ListItem","position":3,"name":"\u041f\u0430\u0441\u0442\u0438\u043b\u0430 \u042f\u0433\u0456\u0434\u043d\u0438\u0439 \u043c\u0456\u043a\u0441 100\u0433\u0440\u0430\u043c"}]},{"@type":"WebSite","@id":"https:\/\/snekpl.com\/pl\/#website","url":"https:\/\/snekpl.com\/pl\/","name":"SNEK.PL","description":"SNEK.PL - \u043a\u043e\u043b\u0438 \u0445\u043e\u0447\u0435\u0448 \u0441\u043c\u0430\u0447\u043d\u043e, \u043f\u0440\u043e\u0441\u0442\u043e \u0456 \u043f\u043e-\u0441\u043f\u0440\u0430\u0432\u0436\u043d\u044c\u043e\u043c\u0443","potentialAction":[{"@type":"SearchAction","target":{"@type":"EntryPoint","urlTemplate":"https:\/\/snekpl.com\/pl\/?s={search_term_string}"},"query-input":{"@type":"PropertyValueSpecification","valueRequired":true,"valueName":"search_term_string"}}],"inLanguage":"pl-PL"}]}},"_links":{"self":[{"href":"https:\/\/snekpl.com\/pl\/wp-json\/wp\/v2\/product\/2597","targetHints":{"allow":["GET"]}}],"collection":[{"href":"https:\/\/snekpl.com\/pl\/wp-json\/wp\/v2\/product"}],"about":[{"href":"https:\/\/snekpl.com\/pl\/wp-json\/wp\/v2\/types\/product"}],"replies":[{"embeddable":true,"href":"https:\/\/snekpl.com\/pl\/wp-json\/wp\/v2\/comments?post=2597"}],"version-history":[{"count":7,"href":"https:\/\/snekpl.com\/pl\/wp-json\/wp\/v2\/product\/2597\/revisions"}],"predecessor-version":[{"id":2924,"href":"https:\/\/snekpl.com\/pl\/wp-json\/wp\/v2\/product\/2597\/revisions\/2924"}],"wp:featuredmedia":[{"embeddable":true,"href":"https:\/\/snekpl.com\/pl\/wp-json\/wp\/v2\/media\/2802"}],"wp:attachment":[{"href":"https:\/\/snekpl.com\/pl\/wp-json\/wp\/v2\/media?parent=2597"}],"wp:term":[{"taxonomy":"product_brand","embeddable":true,"href":"https:\/\/snekpl.com\/pl\/wp-json\/wp\/v2\/product_brand?post=2597"},{"taxonomy":"product_cat","embeddable":true,"href":"https:\/\/snekpl.com\/pl\/wp-json\/wp\/v2\/product_cat?post=2597"},{"taxonomy":"product_tag","embeddable":true,"href":"https:\/\/snekpl.com\/pl\/wp-json\/wp\/v2\/product_tag?post=2597"}],"curies":[{"name":"wp","href":"https:\/\/api.w.org\/{rel}","templated":true}]}}