{"id":2627,"date":"2025-11-17T12:58:09","date_gmt":"2025-11-17T09:58:09","guid":{"rendered":"https:\/\/snekpl.com\/product\/%d0%b1%d0%be%d0%ba%d1%81-%d0%b4%d0%b5%d0%b3%d1%83%d1%81%d1%82%d0%b0%d1%86%d1%96%d0%b9%d0%bd%d0%b8%d0%b9-%d0%bc%d0%b0%d1%85\/"},"modified":"2025-12-03T15:29:21","modified_gmt":"2025-12-03T12:29:21","slug":"%d0%b1%d0%be%d0%ba%d1%81-%d0%b4%d0%b5%d0%b3%d1%83%d1%81%d1%82%d0%b0%d1%86%d1%96%d0%b9%d0%bd%d0%b8%d0%b9-%d0%bc%d0%b0%d1%85","status":"publish","type":"product","link":"https:\/\/snekpl.com\/pl\/produkt\/%d0%b1%d0%be%d0%ba%d1%81-%d0%b4%d0%b5%d0%b3%d1%83%d1%81%d1%82%d0%b0%d1%86%d1%96%d0%b9%d0%bd%d0%b8%d0%b9-%d0%bc%d0%b0%d1%85\/","title":{"rendered":"Box Degustacyjny MAX 1,5kg"},"content":{"rendered":"","protected":false},"excerpt":{"rendered":"<p class=\"translation-block\">Wszystkie nasze smaki w jednym zestawie!\nIdealny wyb\u00f3r dla tych, kt\u00f3rzy chc\u0105 spr\u00f3bowa\u0107 wszystkiego i poczu\u0107 pe\u0142n\u0105 r\u00f3\u017cnorodno\u015b\u0107 jerky.\nTen box zawiera wszystkie warianty z kurczaka, wieprzowiny i wo\u0142owiny \u2014 od klasycznych, przez aromatyczne, a\u017c po pikantne smaki.<\/p>\n<p>Kurczak Orzechowy slice<br \/>\nKurczak Musztardowy slice<br \/>\nKurczak Parmezan slice<br \/>\nKurczak Chicksy serowe<br \/>\nKurczak Grzybowy slice<br \/>\nKurczak Chicksy klasyczne<br \/>\nKurczak \u015amietana &amp; zio\u0142a<br \/>\nKurczak Dor Blue<br \/>\nKurczak Pikantny slice<br \/>\nKurczak Granat<br \/>\nWieprzowina Musztardowy slice<br \/>\nWieprzowina Wi\u015bniowy slice<br \/>\nWieprzowina BBQ slice<br \/>\nWieprzowina Huculski slice<br \/>\nWo\u0142owina BBQ slice<\/p>\n<p>Bogactwo smaku, naturalne mi\u0119so i wygodne opakowanie \u2014 idealne jako przek\u0105ska, w podr\u00f3\u017cy lub na spotkania z przyjaci\u00f3\u0142mi.<\/p>\n<p>Waga: 1,5 kg<\/p>","protected":false},"featured_media":2719,"comment_status":"closed","ping_status":"closed","template":"","meta":[],"product_brand":[],"product_cat":[283],"product_tag":[],"class_list":{"0":"post-2627","1":"product","2":"type-product","3":"status-publish","4":"has-post-thumbnail","6":"product_cat-283","7":"pa_-286","9":"first","10":"instock","11":"purchasable","12":"product-type-simple"},"yoast_head":"<!-- This site is optimized with the Yoast SEO Premium plugin v25.6 (Yoast SEO v25.6) - https:\/\/yoast.com\/wordpress\/plugins\/seo\/ -->\n<title>\u0411\u043e\u043a\u0441 \u0414\u0435\u0433\u0443\u0441\u0442\u0430\u0446\u0456\u0439\u043d\u0438\u0439 \u041c\u0410\u0425 1,5\u043a\u0433 - SNEK.PL<\/title>\n<meta name=\"robots\" content=\"index, follow, max-snippet:-1, max-image-preview:large, max-video-preview:-1\" \/>\n<link rel=\"canonical\" href=\"https:\/\/snekpl.com\/pl\/produkt\/\u0431\u043e\u043a\u0441-\u0434\u0435\u0433\u0443\u0441\u0442\u0430\u0446\u0456\u0439\u043d\u0438\u0439-\u043c\u0430\u0445\/\" \/>\n<meta property=\"og:locale\" content=\"pl_PL\" \/>\n<meta property=\"og:type\" content=\"article\" \/>\n<meta property=\"og:title\" content=\"\u0411\u043e\u043a\u0441 \u0414\u0435\u0433\u0443\u0441\u0442\u0430\u0446\u0456\u0439\u043d\u0438\u0439 \u041c\u0410\u0425 1,5\u043a\u0433\" \/>\n<meta property=\"og:description\" content=\"\u0423\u0441\u0456 \u043d\u0430\u0448\u0456 \u0441\u043c\u0430\u043a\u0438 \u0432 \u043e\u0434\u043d\u043e\u043c\u0443 \u043d\u0430\u0431\u043e\u0440\u0456! \u0406\u0434\u0435\u0430\u043b\u044c\u043d\u0438\u0439 \u0434\u043b\u044f \u0442\u0438\u0445, \u0445\u0442\u043e \u0445\u043e\u0447\u0435 \u0441\u043f\u0440\u043e\u0431\u0443\u0432\u0430\u0442\u0438 \u0432\u0441\u0435 \u0456 \u0432\u0456\u0434\u0447\u0443\u0442\u0438 \u043f\u043e\u0432\u043d\u0435 \u0440\u043e\u0437\u043c\u0430\u0457\u0442\u0442\u044f \u0434\u0436\u0435\u0440\u043a\u0456. \u0423 \u0446\u044c\u043e\u043c\u0443 \u0431\u043e\u043a\u0441\u0456 \u0437\u0456\u0431\u0440\u0430\u043d\u0456 \u0432\u0441\u0456 \u0432\u0430\u0440\u0456\u0430\u043d\u0442\u0438 \u043a\u0443\u0440\u043a\u0438, \u0441\u0432\u0438\u043d\u0438\u043d\u0438 \u0442\u0430 \u044f\u043b\u043e\u0432\u0438\u0447\u0438\u043d\u0438, \u0432\u043a\u043b\u044e\u0447\u043d\u043e \u0437 \u043a\u043b\u0430\u0441\u0438\u0447\u043d\u0438\u043c\u0438, \u043f\u0440\u044f\u043d\u0438\u043c\u0438, \u0442\u0430 \u0433\u043e\u0441\u0442\u0440\u0438\u043c\u0438 \u0441\u043c\u0430\u043a\u0430\u043c\u0438.\u0412 \u043d\u044c\u043e\u0433\u043e \u0432\u0445\u043e\u0434\u0438\u0442\u044c:  \u2022 \u041a\u0443\u0440\u043a\u0430 \u0413\u043e\u0440\u0456\u0445\u043e\u0432\u0438\u0439 \u0441\u043b\u0430\u0439\u0441 \u2022 \u041a\u0443\u0440\u043a\u0430 \u0413\u0456\u0440\u0447\u0438\u0447\u043d\u0438\u0439 \u0441\u043b\u0430\u0439\u0441 \u2022 \u041a\u0443\u0440\u043a\u0430 \u041f\u0430\u0440\u043c\u0435\u0437\u0430\u043d \u0441\u043b\u0430\u0439\u0441 \u2022 \u041a\u0443\u0440\u043a\u0430 \u0427\u0456\u043a\u0441\u0438 \u0441\u0438\u0440\u043d\u0456 \u2022 \u041a\u0443\u0440\u043a\u0430 \u0413\u0440\u0438\u0431\u043d\u0438\u0439 \u0441\u043b\u0430\u0439\u0441 \u2022 \u041a\u0443\u0440\u043a\u0430 \u0427\u0456\u043a\u0441\u0438 \u043a\u043b\u0430\u0441\u0438\u0447\u043d\u0456 \u2022 \u041a\u0443\u0440\u043a\u0430 \u0421\u043c\u0435\u0442\u0430\u043d\u0430 \u0442\u0430 \u0437\u0435\u043b\u0435\u043d\u044c \u2022 \u041a\u0443\u0440\u043a\u0430 \u0414\u043e\u0440 \u0431\u043b\u044e \u2022 \u041a\u0443\u0440\u043a\u0430 \u0412\u043e\u0433\u043d\u044f\u043d\u0438\u0439 \u0441\u043b\u0430\u0439\u0441 \u2022 \u041a\u0443\u0440\u043a\u0430 \u0413\u0440\u0430\u043d\u0430\u0442 \u2022 \u0421\u0432\u0438\u043d\u0438\u043d\u0430 \u0413\u0456\u0440\u0447\u0438\u0447\u043d\u0438\u0439 \u0441\u043b\u0430\u0439\u0441 \u2022 \u0421\u0432\u0438\u043d\u0438\u043d\u0430 \u0412\u0438\u0448\u043d\u0435\u0432\u0438\u0439 \u0441\u043b\u0430\u0439\u0441 \u2022 \u0421\u0432\u0438\u043d\u0438\u043d\u0430 \u0411\u0430\u0440\u0431\u0435\u043a\u044e \u0441\u043b\u0430\u0439\u0441 \u2022 \u0421\u0432\u0438\u043d\u0438\u043d\u0430 \u0413\u0443\u0446\u0443\u043b\u044c\u0441\u044c\u043a\u0438\u0439 \u0441\u043b\u0430\u0439\u0441 \u2022 \u042f\u043b\u043e\u0432\u0438\u0447\u0438\u043d\u0430 \u0411\u0430\u0440\u0431\u0435\u043a\u044e \u0441\u043b\u0430\u0439\u0441  \u041d\u0430\u0441\u043e\u043b\u043e\u0434\u0436\u0443\u0439\u0442\u0435\u0441\u044c \u0431\u0430\u0433\u0430\u0442\u0441\u0442\u0432\u043e\u043c \u0441\u043c\u0430\u043a\u0456\u0432 \u0443 \u0437\u0440\u0443\u0447\u043d\u0456\u0439 \u0443\u043f\u0430\u043a\u043e\u0432\u0446\u0456!  \u0413\u0440\u0430\u043c\u0438: 1,5 \u043a\u0433\" \/>\n<meta property=\"og:url\" content=\"https:\/\/snekpl.com\/pl\/produkt\/\u0431\u043e\u043a\u0441-\u0434\u0435\u0433\u0443\u0441\u0442\u0430\u0446\u0456\u0439\u043d\u0438\u0439-\u043c\u0430\u0445\/\" \/>\n<meta property=\"og:site_name\" content=\"SNEK.PL\" \/>\n<meta property=\"article:modified_time\" content=\"2025-12-03T12:29:21+00:00\" \/>\n<meta property=\"og:image\" content=\"https:\/\/snekpl.com\/wp-content\/uploads\/2025\/11\/IMG_3812-scaled.jpeg\" \/>\n\t<meta property=\"og:image:width\" content=\"2560\" \/>\n\t<meta property=\"og:image:height\" content=\"1920\" \/>\n\t<meta property=\"og:image:type\" content=\"image\/jpeg\" \/>\n<meta name=\"twitter:card\" content=\"summary_large_image\" \/>\n<meta name=\"twitter:label1\" content=\"Szacowany czas czytania\" \/>\n\t<meta name=\"twitter:data1\" content=\"1 minuta\" \/>\n<script type=\"application\/ld+json\" class=\"yoast-schema-graph\">{\"@context\":\"https:\/\/schema.org\",\"@graph\":[{\"@type\":\"WebPage\",\"@id\":\"https:\/\/snekpl.com\/pl\/produkt\/%d0%b1%d0%be%d0%ba%d1%81-%d0%b4%d0%b5%d0%b3%d1%83%d1%81%d1%82%d0%b0%d1%86%d1%96%d0%b9%d0%bd%d0%b8%d0%b9-%d0%bc%d0%b0%d1%85\/\",\"url\":\"https:\/\/snekpl.com\/pl\/produkt\/%d0%b1%d0%be%d0%ba%d1%81-%d0%b4%d0%b5%d0%b3%d1%83%d1%81%d1%82%d0%b0%d1%86%d1%96%d0%b9%d0%bd%d0%b8%d0%b9-%d0%bc%d0%b0%d1%85\/\",\"name\":\"\u0411\u043e\u043a\u0441 \u0414\u0435\u0433\u0443\u0441\u0442\u0430\u0446\u0456\u0439\u043d\u0438\u0439 \u041c\u0410\u0425 1,5\u043a\u0433 - SNEK.PL\",\"isPartOf\":{\"@id\":\"https:\/\/snekpl.com\/pl\/#website\"},\"primaryImageOfPage\":{\"@id\":\"https:\/\/snekpl.com\/pl\/produkt\/%d0%b1%d0%be%d0%ba%d1%81-%d0%b4%d0%b5%d0%b3%d1%83%d1%81%d1%82%d0%b0%d1%86%d1%96%d0%b9%d0%bd%d0%b8%d0%b9-%d0%bc%d0%b0%d1%85\/#primaryimage\"},\"image\":{\"@id\":\"https:\/\/snekpl.com\/pl\/produkt\/%d0%b1%d0%be%d0%ba%d1%81-%d0%b4%d0%b5%d0%b3%d1%83%d1%81%d1%82%d0%b0%d1%86%d1%96%d0%b9%d0%bd%d0%b8%d0%b9-%d0%bc%d0%b0%d1%85\/#primaryimage\"},\"thumbnailUrl\":\"https:\/\/snekpl.com\/wp-content\/uploads\/2025\/11\/IMG_3812-scaled.jpeg\",\"datePublished\":\"2025-11-17T09:58:09+00:00\",\"dateModified\":\"2025-12-03T12:29:21+00:00\",\"breadcrumb\":{\"@id\":\"https:\/\/snekpl.com\/pl\/produkt\/%d0%b1%d0%be%d0%ba%d1%81-%d0%b4%d0%b5%d0%b3%d1%83%d1%81%d1%82%d0%b0%d1%86%d1%96%d0%b9%d0%bd%d0%b8%d0%b9-%d0%bc%d0%b0%d1%85\/#breadcrumb\"},\"inLanguage\":\"pl-PL\",\"potentialAction\":[{\"@type\":\"ReadAction\",\"target\":[\"https:\/\/snekpl.com\/pl\/produkt\/%d0%b1%d0%be%d0%ba%d1%81-%d0%b4%d0%b5%d0%b3%d1%83%d1%81%d1%82%d0%b0%d1%86%d1%96%d0%b9%d0%bd%d0%b8%d0%b9-%d0%bc%d0%b0%d1%85\/\"]}]},{\"@type\":\"ImageObject\",\"inLanguage\":\"pl-PL\",\"@id\":\"https:\/\/snekpl.com\/pl\/produkt\/%d0%b1%d0%be%d0%ba%d1%81-%d0%b4%d0%b5%d0%b3%d1%83%d1%81%d1%82%d0%b0%d1%86%d1%96%d0%b9%d0%bd%d0%b8%d0%b9-%d0%bc%d0%b0%d1%85\/#primaryimage\",\"url\":\"https:\/\/snekpl.com\/wp-content\/uploads\/2025\/11\/IMG_3812-scaled.jpeg\",\"contentUrl\":\"https:\/\/snekpl.com\/wp-content\/uploads\/2025\/11\/IMG_3812-scaled.jpeg\",\"width\":2560,\"height\":1920},{\"@type\":\"BreadcrumbList\",\"@id\":\"https:\/\/snekpl.com\/pl\/produkt\/%d0%b1%d0%be%d0%ba%d1%81-%d0%b4%d0%b5%d0%b3%d1%83%d1%81%d1%82%d0%b0%d1%86%d1%96%d0%b9%d0%bd%d0%b8%d0%b9-%d0%bc%d0%b0%d1%85\/#breadcrumb\",\"itemListElement\":[{\"@type\":\"ListItem\",\"position\":1,\"name\":\"Home\",\"item\":\"https:\/\/snekpl.com\/pl\/\"},{\"@type\":\"ListItem\",\"position\":2,\"name\":\"Snek\",\"item\":\"https:\/\/snekpl.com\/pl\/\"},{\"@type\":\"ListItem\",\"position\":3,\"name\":\"\u0411\u043e\u043a\u0441 \u0414\u0435\u0433\u0443\u0441\u0442\u0430\u0446\u0456\u0439\u043d\u0438\u0439 \u041c\u0410\u0425 1,5\u043a\u0433\"}]},{\"@type\":\"WebSite\",\"@id\":\"https:\/\/snekpl.com\/pl\/#website\",\"url\":\"https:\/\/snekpl.com\/pl\/\",\"name\":\"SNEK.PL\",\"description\":\"SNEK.PL - \u043a\u043e\u043b\u0438 \u0445\u043e\u0447\u0435\u0448 \u0441\u043c\u0430\u0447\u043d\u043e, \u043f\u0440\u043e\u0441\u0442\u043e \u0456 \u043f\u043e-\u0441\u043f\u0440\u0430\u0432\u0436\u043d\u044c\u043e\u043c\u0443\",\"potentialAction\":[{\"@type\":\"SearchAction\",\"target\":{\"@type\":\"EntryPoint\",\"urlTemplate\":\"https:\/\/snekpl.com\/pl\/?s={search_term_string}\"},\"query-input\":{\"@type\":\"PropertyValueSpecification\",\"valueRequired\":true,\"valueName\":\"search_term_string\"}}],\"inLanguage\":\"pl-PL\"}]}<\/script>\n<!-- \/ Yoast SEO Premium plugin. -->","yoast_head_json":{"title":"\u0411\u043e\u043a\u0441 \u0414\u0435\u0433\u0443\u0441\u0442\u0430\u0446\u0456\u0439\u043d\u0438\u0439 \u041c\u0410\u0425 1,5\u043a\u0433 - SNEK.PL","robots":{"index":"index","follow":"follow","max-snippet":"max-snippet:-1","max-image-preview":"max-image-preview:large","max-video-preview":"max-video-preview:-1"},"canonical":"https:\/\/snekpl.com\/pl\/produkt\/\u0431\u043e\u043a\u0441-\u0434\u0435\u0433\u0443\u0441\u0442\u0430\u0446\u0456\u0439\u043d\u0438\u0439-\u043c\u0430\u0445\/","og_locale":"pl_PL","og_type":"article","og_title":"\u0411\u043e\u043a\u0441 \u0414\u0435\u0433\u0443\u0441\u0442\u0430\u0446\u0456\u0439\u043d\u0438\u0439 \u041c\u0410\u0425 1,5\u043a\u0433","og_description":"\u0423\u0441\u0456 \u043d\u0430\u0448\u0456 \u0441\u043c\u0430\u043a\u0438 \u0432 \u043e\u0434\u043d\u043e\u043c\u0443 \u043d\u0430\u0431\u043e\u0440\u0456! \u0406\u0434\u0435\u0430\u043b\u044c\u043d\u0438\u0439 \u0434\u043b\u044f \u0442\u0438\u0445, \u0445\u0442\u043e \u0445\u043e\u0447\u0435 \u0441\u043f\u0440\u043e\u0431\u0443\u0432\u0430\u0442\u0438 \u0432\u0441\u0435 \u0456 \u0432\u0456\u0434\u0447\u0443\u0442\u0438 \u043f\u043e\u0432\u043d\u0435 \u0440\u043e\u0437\u043c\u0430\u0457\u0442\u0442\u044f \u0434\u0436\u0435\u0440\u043a\u0456. \u0423 \u0446\u044c\u043e\u043c\u0443 \u0431\u043e\u043a\u0441\u0456 \u0437\u0456\u0431\u0440\u0430\u043d\u0456 \u0432\u0441\u0456 \u0432\u0430\u0440\u0456\u0430\u043d\u0442\u0438 \u043a\u0443\u0440\u043a\u0438, \u0441\u0432\u0438\u043d\u0438\u043d\u0438 \u0442\u0430 \u044f\u043b\u043e\u0432\u0438\u0447\u0438\u043d\u0438, \u0432\u043a\u043b\u044e\u0447\u043d\u043e \u0437 \u043a\u043b\u0430\u0441\u0438\u0447\u043d\u0438\u043c\u0438, \u043f\u0440\u044f\u043d\u0438\u043c\u0438, \u0442\u0430 \u0433\u043e\u0441\u0442\u0440\u0438\u043c\u0438 \u0441\u043c\u0430\u043a\u0430\u043c\u0438.\u0412 \u043d\u044c\u043e\u0433\u043e \u0432\u0445\u043e\u0434\u0438\u0442\u044c:  \u2022 \u041a\u0443\u0440\u043a\u0430 \u0413\u043e\u0440\u0456\u0445\u043e\u0432\u0438\u0439 \u0441\u043b\u0430\u0439\u0441 \u2022 \u041a\u0443\u0440\u043a\u0430 \u0413\u0456\u0440\u0447\u0438\u0447\u043d\u0438\u0439 \u0441\u043b\u0430\u0439\u0441 \u2022 \u041a\u0443\u0440\u043a\u0430 \u041f\u0430\u0440\u043c\u0435\u0437\u0430\u043d \u0441\u043b\u0430\u0439\u0441 \u2022 \u041a\u0443\u0440\u043a\u0430 \u0427\u0456\u043a\u0441\u0438 \u0441\u0438\u0440\u043d\u0456 \u2022 \u041a\u0443\u0440\u043a\u0430 \u0413\u0440\u0438\u0431\u043d\u0438\u0439 \u0441\u043b\u0430\u0439\u0441 \u2022 \u041a\u0443\u0440\u043a\u0430 \u0427\u0456\u043a\u0441\u0438 \u043a\u043b\u0430\u0441\u0438\u0447\u043d\u0456 \u2022 \u041a\u0443\u0440\u043a\u0430 \u0421\u043c\u0435\u0442\u0430\u043d\u0430 \u0442\u0430 \u0437\u0435\u043b\u0435\u043d\u044c \u2022 \u041a\u0443\u0440\u043a\u0430 \u0414\u043e\u0440 \u0431\u043b\u044e \u2022 \u041a\u0443\u0440\u043a\u0430 \u0412\u043e\u0433\u043d\u044f\u043d\u0438\u0439 \u0441\u043b\u0430\u0439\u0441 \u2022 \u041a\u0443\u0440\u043a\u0430 \u0413\u0440\u0430\u043d\u0430\u0442 \u2022 \u0421\u0432\u0438\u043d\u0438\u043d\u0430 \u0413\u0456\u0440\u0447\u0438\u0447\u043d\u0438\u0439 \u0441\u043b\u0430\u0439\u0441 \u2022 \u0421\u0432\u0438\u043d\u0438\u043d\u0430 \u0412\u0438\u0448\u043d\u0435\u0432\u0438\u0439 \u0441\u043b\u0430\u0439\u0441 \u2022 \u0421\u0432\u0438\u043d\u0438\u043d\u0430 \u0411\u0430\u0440\u0431\u0435\u043a\u044e \u0441\u043b\u0430\u0439\u0441 \u2022 \u0421\u0432\u0438\u043d\u0438\u043d\u0430 \u0413\u0443\u0446\u0443\u043b\u044c\u0441\u044c\u043a\u0438\u0439 \u0441\u043b\u0430\u0439\u0441 \u2022 \u042f\u043b\u043e\u0432\u0438\u0447\u0438\u043d\u0430 \u0411\u0430\u0440\u0431\u0435\u043a\u044e \u0441\u043b\u0430\u0439\u0441  \u041d\u0430\u0441\u043e\u043b\u043e\u0434\u0436\u0443\u0439\u0442\u0435\u0441\u044c \u0431\u0430\u0433\u0430\u0442\u0441\u0442\u0432\u043e\u043c \u0441\u043c\u0430\u043a\u0456\u0432 \u0443 \u0437\u0440\u0443\u0447\u043d\u0456\u0439 \u0443\u043f\u0430\u043a\u043e\u0432\u0446\u0456!  \u0413\u0440\u0430\u043c\u0438: 1,5 \u043a\u0433","og_url":"https:\/\/snekpl.com\/pl\/produkt\/\u0431\u043e\u043a\u0441-\u0434\u0435\u0433\u0443\u0441\u0442\u0430\u0446\u0456\u0439\u043d\u0438\u0439-\u043c\u0430\u0445\/","og_site_name":"SNEK.PL","article_modified_time":"2025-12-03T12:29:21+00:00","og_image":[{"width":2560,"height":1920,"url":"https:\/\/snekpl.com\/wp-content\/uploads\/2025\/11\/IMG_3812-scaled.jpeg","type":"image\/jpeg"}],"twitter_card":"summary_large_image","twitter_misc":{"Szacowany czas czytania":"1 minuta"},"schema":{"@context":"https:\/\/schema.org","@graph":[{"@type":"WebPage","@id":"https:\/\/snekpl.com\/pl\/produkt\/%d0%b1%d0%be%d0%ba%d1%81-%d0%b4%d0%b5%d0%b3%d1%83%d1%81%d1%82%d0%b0%d1%86%d1%96%d0%b9%d0%bd%d0%b8%d0%b9-%d0%bc%d0%b0%d1%85\/","url":"https:\/\/snekpl.com\/pl\/produkt\/%d0%b1%d0%be%d0%ba%d1%81-%d0%b4%d0%b5%d0%b3%d1%83%d1%81%d1%82%d0%b0%d1%86%d1%96%d0%b9%d0%bd%d0%b8%d0%b9-%d0%bc%d0%b0%d1%85\/","name":"\u0411\u043e\u043a\u0441 \u0414\u0435\u0433\u0443\u0441\u0442\u0430\u0446\u0456\u0439\u043d\u0438\u0439 \u041c\u0410\u0425 1,5\u043a\u0433 - SNEK.PL","isPartOf":{"@id":"https:\/\/snekpl.com\/pl\/#website"},"primaryImageOfPage":{"@id":"https:\/\/snekpl.com\/pl\/produkt\/%d0%b1%d0%be%d0%ba%d1%81-%d0%b4%d0%b5%d0%b3%d1%83%d1%81%d1%82%d0%b0%d1%86%d1%96%d0%b9%d0%bd%d0%b8%d0%b9-%d0%bc%d0%b0%d1%85\/#primaryimage"},"image":{"@id":"https:\/\/snekpl.com\/pl\/produkt\/%d0%b1%d0%be%d0%ba%d1%81-%d0%b4%d0%b5%d0%b3%d1%83%d1%81%d1%82%d0%b0%d1%86%d1%96%d0%b9%d0%bd%d0%b8%d0%b9-%d0%bc%d0%b0%d1%85\/#primaryimage"},"thumbnailUrl":"https:\/\/snekpl.com\/wp-content\/uploads\/2025\/11\/IMG_3812-scaled.jpeg","datePublished":"2025-11-17T09:58:09+00:00","dateModified":"2025-12-03T12:29:21+00:00","breadcrumb":{"@id":"https:\/\/snekpl.com\/pl\/produkt\/%d0%b1%d0%be%d0%ba%d1%81-%d0%b4%d0%b5%d0%b3%d1%83%d1%81%d1%82%d0%b0%d1%86%d1%96%d0%b9%d0%bd%d0%b8%d0%b9-%d0%bc%d0%b0%d1%85\/#breadcrumb"},"inLanguage":"pl-PL","potentialAction":[{"@type":"ReadAction","target":["https:\/\/snekpl.com\/pl\/produkt\/%d0%b1%d0%be%d0%ba%d1%81-%d0%b4%d0%b5%d0%b3%d1%83%d1%81%d1%82%d0%b0%d1%86%d1%96%d0%b9%d0%bd%d0%b8%d0%b9-%d0%bc%d0%b0%d1%85\/"]}]},{"@type":"ImageObject","inLanguage":"pl-PL","@id":"https:\/\/snekpl.com\/pl\/produkt\/%d0%b1%d0%be%d0%ba%d1%81-%d0%b4%d0%b5%d0%b3%d1%83%d1%81%d1%82%d0%b0%d1%86%d1%96%d0%b9%d0%bd%d0%b8%d0%b9-%d0%bc%d0%b0%d1%85\/#primaryimage","url":"https:\/\/snekpl.com\/wp-content\/uploads\/2025\/11\/IMG_3812-scaled.jpeg","contentUrl":"https:\/\/snekpl.com\/wp-content\/uploads\/2025\/11\/IMG_3812-scaled.jpeg","width":2560,"height":1920},{"@type":"BreadcrumbList","@id":"https:\/\/snekpl.com\/pl\/produkt\/%d0%b1%d0%be%d0%ba%d1%81-%d0%b4%d0%b5%d0%b3%d1%83%d1%81%d1%82%d0%b0%d1%86%d1%96%d0%b9%d0%bd%d0%b8%d0%b9-%d0%bc%d0%b0%d1%85\/#breadcrumb","itemListElement":[{"@type":"ListItem","position":1,"name":"Home","item":"https:\/\/snekpl.com\/pl\/"},{"@type":"ListItem","position":2,"name":"Snek","item":"https:\/\/snekpl.com\/pl\/"},{"@type":"ListItem","position":3,"name":"\u0411\u043e\u043a\u0441 \u0414\u0435\u0433\u0443\u0441\u0442\u0430\u0446\u0456\u0439\u043d\u0438\u0439 \u041c\u0410\u0425 1,5\u043a\u0433"}]},{"@type":"WebSite","@id":"https:\/\/snekpl.com\/pl\/#website","url":"https:\/\/snekpl.com\/pl\/","name":"SNEK.PL","description":"SNEK.PL - \u043a\u043e\u043b\u0438 \u0445\u043e\u0447\u0435\u0448 \u0441\u043c\u0430\u0447\u043d\u043e, \u043f\u0440\u043e\u0441\u0442\u043e \u0456 \u043f\u043e-\u0441\u043f\u0440\u0430\u0432\u0436\u043d\u044c\u043e\u043c\u0443","potentialAction":[{"@type":"SearchAction","target":{"@type":"EntryPoint","urlTemplate":"https:\/\/snekpl.com\/pl\/?s={search_term_string}"},"query-input":{"@type":"PropertyValueSpecification","valueRequired":true,"valueName":"search_term_string"}}],"inLanguage":"pl-PL"}]}},"_links":{"self":[{"href":"https:\/\/snekpl.com\/pl\/wp-json\/wp\/v2\/product\/2627","targetHints":{"allow":["GET"]}}],"collection":[{"href":"https:\/\/snekpl.com\/pl\/wp-json\/wp\/v2\/product"}],"about":[{"href":"https:\/\/snekpl.com\/pl\/wp-json\/wp\/v2\/types\/product"}],"replies":[{"embeddable":true,"href":"https:\/\/snekpl.com\/pl\/wp-json\/wp\/v2\/comments?post=2627"}],"version-history":[{"count":5,"href":"https:\/\/snekpl.com\/pl\/wp-json\/wp\/v2\/product\/2627\/revisions"}],"predecessor-version":[{"id":2853,"href":"https:\/\/snekpl.com\/pl\/wp-json\/wp\/v2\/product\/2627\/revisions\/2853"}],"wp:featuredmedia":[{"embeddable":true,"href":"https:\/\/snekpl.com\/pl\/wp-json\/wp\/v2\/media\/2719"}],"wp:attachment":[{"href":"https:\/\/snekpl.com\/pl\/wp-json\/wp\/v2\/media?parent=2627"}],"wp:term":[{"taxonomy":"product_brand","embeddable":true,"href":"https:\/\/snekpl.com\/pl\/wp-json\/wp\/v2\/product_brand?post=2627"},{"taxonomy":"product_cat","embeddable":true,"href":"https:\/\/snekpl.com\/pl\/wp-json\/wp\/v2\/product_cat?post=2627"},{"taxonomy":"product_tag","embeddable":true,"href":"https:\/\/snekpl.com\/pl\/wp-json\/wp\/v2\/product_tag?post=2627"}],"curies":[{"name":"wp","href":"https:\/\/api.w.org\/{rel}","templated":true}]}}