{"id":2648,"date":"2025-11-17T12:58:09","date_gmt":"2025-11-17T09:58:09","guid":{"rendered":"https:\/\/snekpl.com\/product\/%d1%80%d0%b8%d0%b1%d0%bd%d0%b8%d0%b9-%d0%b1%d0%be%d0%ba%d1%81-2%d0%ba%d0%b3\/"},"modified":"2025-12-03T15:29:20","modified_gmt":"2025-12-03T12:29:20","slug":"%d1%80%d0%b8%d0%b1%d0%bd%d0%b8%d0%b9-%d0%b1%d0%be%d0%ba%d1%81-2%d0%ba%d0%b3","status":"publish","type":"product","link":"https:\/\/snekpl.com\/pl\/produkt\/%d1%80%d0%b8%d0%b1%d0%bd%d0%b8%d0%b9-%d0%b1%d0%be%d0%ba%d1%81-2%d0%ba%d0%b3\/","title":{"rendered":"Box Rybny \"2kg\""},"content":{"rendered":"","protected":false},"excerpt":{"rendered":"<p class=\"translation-block\">Ten du\u017cy zestaw zawiera wszystkie najpopularniejsze przek\u0105ski rybne, aby w pe\u0142ni cieszy\u0107 si\u0119 naszym asortymentem.\nW jego sk\u0142ad wchodz\u0105:<\/p>\n<p>Wi\u00f3rki ka\u0142mara<br \/>\nWi\u00f3rki kraba<br \/>\n\u017b\u00f3\u0142ty pasiak<br \/>\nBursztynowa z pieprzem<br \/>\nAnchois<br \/>\nSie\u0107 rybna<br \/>\nKa\u0142amar po szanghajsku<br \/>\nTu\u0144czyk<br \/>\nPasek kraba<br \/>\nKawa\u0142ek kraba<br \/>\nPlaster peruwia\u0144skiego ka\u0142mara<br \/>\nFilet patasu<br \/>\nKr\u0105\u017cki o\u015bmiornicy<br \/>\nKr\u0105\u017cki kraba<br \/>\nKr\u0105\u017cki ka\u0142amara<br \/>\nSuszona krewetka<br \/>\nKr\u0105\u017cki kraba<br \/>\nGrzbiet dorsza z pieprzem<br \/>\nIkryanki<br \/>\nSie\u0107 rybna z pieprzem<\/p>\n<p>Bogactwo smaku, naturalne mi\u0119so i wygodne opakowanie \u2014 idealne jako przek\u0105ska, w podr\u00f3\u017cy lub na spotkania z przyjaci\u00f3\u0142mi.<\/p>\n<p>Waga: 2\u202fkg<\/p>","protected":false},"featured_media":2755,"comment_status":"closed","ping_status":"closed","template":"","meta":[],"product_brand":[],"product_cat":[283],"product_tag":[],"class_list":{"0":"post-2648","1":"product","2":"type-product","3":"status-publish","4":"has-post-thumbnail","6":"product_cat-283","7":"pa_-288","9":"first","10":"instock","11":"purchasable","12":"product-type-simple"},"yoast_head":"<!-- This site is optimized with the Yoast SEO Premium plugin v25.6 (Yoast SEO v25.6) - https:\/\/yoast.com\/wordpress\/plugins\/seo\/ -->\n<title>\u0420\u0438\u0431\u043d\u0438\u0439 \u0411\u043e\u043a\u0441 \u00ab2\u043a\u0433\u00bb - SNEK.PL<\/title>\n<meta name=\"robots\" content=\"index, follow, max-snippet:-1, max-image-preview:large, max-video-preview:-1\" \/>\n<link rel=\"canonical\" href=\"https:\/\/snekpl.com\/pl\/produkt\/\u0440\u0438\u0431\u043d\u0438\u0439-\u0431\u043e\u043a\u0441-2\u043a\u0433\/\" \/>\n<meta property=\"og:locale\" content=\"pl_PL\" \/>\n<meta property=\"og:type\" content=\"article\" \/>\n<meta property=\"og:title\" content=\"\u0420\u0438\u0431\u043d\u0438\u0439 \u0411\u043e\u043a\u0441 \u00ab2\u043a\u0433\u00bb\" \/>\n<meta property=\"og:description\" content=\"\u0426\u0435\u0439 \u0432\u0435\u043b\u0438\u043a\u0438\u0439 \u043d\u0430\u0431\u0456\u0440 \u0437\u0456\u0431\u0440\u0430\u0432 \u0443\u0441\u0456 \u043d\u0430\u0439\u043f\u043e\u043f\u0443\u043b\u044f\u0440\u043d\u0456\u0448\u0456 \u0440\u0438\u0431\u043d\u0456 \u0441\u043d\u0435\u043a\u0438, \u0449\u043e\u0431 \u043d\u0430\u0441\u043e\u043b\u043e\u0434\u0438\u0442\u0438\u0441\u044f \u043d\u0430\u0448\u0438\u043c \u0430\u0441\u043e\u0440\u0442\u0438\u043c\u0435\u043d\u0442\u043e\u043c \u043d\u0430 \u043f\u043e\u0432\u043d\u0443. \u0423 \u043d\u044c\u043e\u0433\u043e \u0432\u0445\u043e\u0434\u0438\u0442\u044c:  \u2022 \u0421\u0442\u0440\u0443\u0436\u043a\u0430 \u043a\u0430\u043b\u044c\u043c\u0430\u0440\u0430 \u2022 \u0421\u0442\u0440\u0443\u0436\u043a\u0430 \u043a\u0440\u0430\u0431\u0430 \u2022 \u0416\u043e\u0432\u0442\u0438\u0439 \u0441\u043c\u0443\u0433\u0430\u0441\u0442\u0438\u043a \u2022 \u042f\u043d\u0442\u0430\u0440\u043d\u0430 \u0437 \u043f\u0435\u0440\u0446\u0435\u043c \u2022 \u0410\u043d\u0447\u043e\u0443\u0441 \u2022 \u0420\u0438\u0431\u043d\u0430 \u043f\u0430\u0443\u0442\u0438\u043d\u043a\u0430 \u2022 \u041a\u0430\u043b\u044c\u043c\u0430\u0440 \u043f\u043e \u0448\u0430\u043d\u0445\u0430\u0439\u0441\u044c\u043a\u0438 \u2022 \u0422\u0443\u043d\u0435\u0446\u044c \u2022 \u0421\u043c\u0443\u0433\u0430 \u043a\u0440\u0430\u0431\u0430 \u2022 \u041f\u043b\u0430\u0441\u0442 \u043a\u0440\u0430\u0431\u0443 \u2022 \u041f\u043b\u0430\u0441\u0442 \u043f\u0435\u0440\u0443\u0430\u043d\u0441\u044c\u043a\u043e\u0433\u043e \u043a\u0430\u043b\u044c\u043c\u0430\u0440\u0430 \u2022 \u0424\u0456\u043b\u0435 \u043f\u0430\u0442\u0430\u0441\u0443 \u2022 \u041f&#039;\u044f\u0442\u0430\u0447\u043a\u0438 \u0432\u043e\u0441\u044c\u043c\u0438\u043d\u043e\u0433\u0430 \u2022 \u041f&#039;\u044f\u0442\u0430\u0447\u043a\u0438 \u043a\u0440\u0430\u0431\u0430 \u2022 \u041a\u0456\u043b\u044c\u0446\u044f \u043a\u0430\u043b\u044c\u043c\u0430\u0440\u0430 \u2022 \u0421\u0443\u0448\u0435\u043d\u0430 \u043a\u0440\u0435\u0432\u0435\u0442\u043a\u0430 \u2022 \u041a\u0456\u043b\u044c\u0446\u044f \u043a\u0440\u0430\u0431\u0430 \u2022 \u0421\u043f\u0438\u043d\u043a\u0430 \u0442\u0440\u0456\u0441\u043a\u0438 \u0437 \u043f\u0435\u0440\u0446\u0435\u043c \u2022 \u0406\u043a\u0440\u044f\u043d\u0438\u043a\u0438 \u2022 \u0420\u0438\u0431\u043d\u0430 \u043f\u0430\u0432\u0443\u0442\u0438\u043d\u043a\u0430\u2028\u0437 \u043f\u0435\u0440\u0446\u0435\u043c  \u041d\u0430\u0441\u043e\u043b\u043e\u0434\u0436\u0443\u0439\u0442\u0435\u0441\u044c \u0431\u0430\u0433\u0430\u0442\u0441\u0442\u0432\u043e\u043c \u0441\u043c\u0430\u043a\u0456\u0432 \u0443 \u0437\u0440\u0443\u0447\u043d\u0456\u0439 \u0443\u043f\u0430\u043a\u043e\u0432\u0446\u0456!  \u0413\u0440\u0430\u043c\u0438: 2\u043a\u0433\" \/>\n<meta property=\"og:url\" content=\"https:\/\/snekpl.com\/pl\/produkt\/\u0440\u0438\u0431\u043d\u0438\u0439-\u0431\u043e\u043a\u0441-2\u043a\u0433\/\" \/>\n<meta property=\"og:site_name\" content=\"SNEK.PL\" \/>\n<meta property=\"article:modified_time\" content=\"2025-12-03T12:29:20+00:00\" \/>\n<meta property=\"og:image\" content=\"https:\/\/snekpl.com\/wp-content\/uploads\/2025\/11\/IMG_3831-scaled.jpeg\" \/>\n\t<meta property=\"og:image:width\" content=\"2560\" \/>\n\t<meta property=\"og:image:height\" content=\"1920\" \/>\n\t<meta property=\"og:image:type\" content=\"image\/jpeg\" \/>\n<meta name=\"twitter:card\" content=\"summary_large_image\" \/>\n<meta name=\"twitter:label1\" content=\"Szacowany czas czytania\" \/>\n\t<meta name=\"twitter:data1\" content=\"1 minuta\" \/>\n<script type=\"application\/ld+json\" class=\"yoast-schema-graph\">{\"@context\":\"https:\/\/schema.org\",\"@graph\":[{\"@type\":\"WebPage\",\"@id\":\"https:\/\/snekpl.com\/pl\/produkt\/%d1%80%d0%b8%d0%b1%d0%bd%d0%b8%d0%b9-%d0%b1%d0%be%d0%ba%d1%81-2%d0%ba%d0%b3\/\",\"url\":\"https:\/\/snekpl.com\/pl\/produkt\/%d1%80%d0%b8%d0%b1%d0%bd%d0%b8%d0%b9-%d0%b1%d0%be%d0%ba%d1%81-2%d0%ba%d0%b3\/\",\"name\":\"\u0420\u0438\u0431\u043d\u0438\u0439 \u0411\u043e\u043a\u0441 \u00ab2\u043a\u0433\u00bb - SNEK.PL\",\"isPartOf\":{\"@id\":\"https:\/\/snekpl.com\/pl\/#website\"},\"primaryImageOfPage\":{\"@id\":\"https:\/\/snekpl.com\/pl\/produkt\/%d1%80%d0%b8%d0%b1%d0%bd%d0%b8%d0%b9-%d0%b1%d0%be%d0%ba%d1%81-2%d0%ba%d0%b3\/#primaryimage\"},\"image\":{\"@id\":\"https:\/\/snekpl.com\/pl\/produkt\/%d1%80%d0%b8%d0%b1%d0%bd%d0%b8%d0%b9-%d0%b1%d0%be%d0%ba%d1%81-2%d0%ba%d0%b3\/#primaryimage\"},\"thumbnailUrl\":\"https:\/\/snekpl.com\/wp-content\/uploads\/2025\/11\/IMG_3831-scaled.jpeg\",\"datePublished\":\"2025-11-17T09:58:09+00:00\",\"dateModified\":\"2025-12-03T12:29:20+00:00\",\"breadcrumb\":{\"@id\":\"https:\/\/snekpl.com\/pl\/produkt\/%d1%80%d0%b8%d0%b1%d0%bd%d0%b8%d0%b9-%d0%b1%d0%be%d0%ba%d1%81-2%d0%ba%d0%b3\/#breadcrumb\"},\"inLanguage\":\"pl-PL\",\"potentialAction\":[{\"@type\":\"ReadAction\",\"target\":[\"https:\/\/snekpl.com\/pl\/produkt\/%d1%80%d0%b8%d0%b1%d0%bd%d0%b8%d0%b9-%d0%b1%d0%be%d0%ba%d1%81-2%d0%ba%d0%b3\/\"]}]},{\"@type\":\"ImageObject\",\"inLanguage\":\"pl-PL\",\"@id\":\"https:\/\/snekpl.com\/pl\/produkt\/%d1%80%d0%b8%d0%b1%d0%bd%d0%b8%d0%b9-%d0%b1%d0%be%d0%ba%d1%81-2%d0%ba%d0%b3\/#primaryimage\",\"url\":\"https:\/\/snekpl.com\/wp-content\/uploads\/2025\/11\/IMG_3831-scaled.jpeg\",\"contentUrl\":\"https:\/\/snekpl.com\/wp-content\/uploads\/2025\/11\/IMG_3831-scaled.jpeg\",\"width\":2560,\"height\":1920},{\"@type\":\"BreadcrumbList\",\"@id\":\"https:\/\/snekpl.com\/pl\/produkt\/%d1%80%d0%b8%d0%b1%d0%bd%d0%b8%d0%b9-%d0%b1%d0%be%d0%ba%d1%81-2%d0%ba%d0%b3\/#breadcrumb\",\"itemListElement\":[{\"@type\":\"ListItem\",\"position\":1,\"name\":\"Home\",\"item\":\"https:\/\/snekpl.com\/pl\/\"},{\"@type\":\"ListItem\",\"position\":2,\"name\":\"Snek\",\"item\":\"https:\/\/snekpl.com\/pl\/\"},{\"@type\":\"ListItem\",\"position\":3,\"name\":\"\u0420\u0438\u0431\u043d\u0438\u0439 \u0411\u043e\u043a\u0441 \u00ab2\u043a\u0433\u00bb\"}]},{\"@type\":\"WebSite\",\"@id\":\"https:\/\/snekpl.com\/pl\/#website\",\"url\":\"https:\/\/snekpl.com\/pl\/\",\"name\":\"SNEK.PL\",\"description\":\"SNEK.PL - \u043a\u043e\u043b\u0438 \u0445\u043e\u0447\u0435\u0448 \u0441\u043c\u0430\u0447\u043d\u043e, \u043f\u0440\u043e\u0441\u0442\u043e \u0456 \u043f\u043e-\u0441\u043f\u0440\u0430\u0432\u0436\u043d\u044c\u043e\u043c\u0443\",\"potentialAction\":[{\"@type\":\"SearchAction\",\"target\":{\"@type\":\"EntryPoint\",\"urlTemplate\":\"https:\/\/snekpl.com\/pl\/?s={search_term_string}\"},\"query-input\":{\"@type\":\"PropertyValueSpecification\",\"valueRequired\":true,\"valueName\":\"search_term_string\"}}],\"inLanguage\":\"pl-PL\"}]}<\/script>\n<!-- \/ Yoast SEO Premium plugin. -->","yoast_head_json":{"title":"\u0420\u0438\u0431\u043d\u0438\u0439 \u0411\u043e\u043a\u0441 \u00ab2\u043a\u0433\u00bb - SNEK.PL","robots":{"index":"index","follow":"follow","max-snippet":"max-snippet:-1","max-image-preview":"max-image-preview:large","max-video-preview":"max-video-preview:-1"},"canonical":"https:\/\/snekpl.com\/pl\/produkt\/\u0440\u0438\u0431\u043d\u0438\u0439-\u0431\u043e\u043a\u0441-2\u043a\u0433\/","og_locale":"pl_PL","og_type":"article","og_title":"\u0420\u0438\u0431\u043d\u0438\u0439 \u0411\u043e\u043a\u0441 \u00ab2\u043a\u0433\u00bb","og_description":"\u0426\u0435\u0439 \u0432\u0435\u043b\u0438\u043a\u0438\u0439 \u043d\u0430\u0431\u0456\u0440 \u0437\u0456\u0431\u0440\u0430\u0432 \u0443\u0441\u0456 \u043d\u0430\u0439\u043f\u043e\u043f\u0443\u043b\u044f\u0440\u043d\u0456\u0448\u0456 \u0440\u0438\u0431\u043d\u0456 \u0441\u043d\u0435\u043a\u0438, \u0449\u043e\u0431 \u043d\u0430\u0441\u043e\u043b\u043e\u0434\u0438\u0442\u0438\u0441\u044f \u043d\u0430\u0448\u0438\u043c \u0430\u0441\u043e\u0440\u0442\u0438\u043c\u0435\u043d\u0442\u043e\u043c \u043d\u0430 \u043f\u043e\u0432\u043d\u0443. \u0423 \u043d\u044c\u043e\u0433\u043e \u0432\u0445\u043e\u0434\u0438\u0442\u044c:  \u2022 \u0421\u0442\u0440\u0443\u0436\u043a\u0430 \u043a\u0430\u043b\u044c\u043c\u0430\u0440\u0430 \u2022 \u0421\u0442\u0440\u0443\u0436\u043a\u0430 \u043a\u0440\u0430\u0431\u0430 \u2022 \u0416\u043e\u0432\u0442\u0438\u0439 \u0441\u043c\u0443\u0433\u0430\u0441\u0442\u0438\u043a \u2022 \u042f\u043d\u0442\u0430\u0440\u043d\u0430 \u0437 \u043f\u0435\u0440\u0446\u0435\u043c \u2022 \u0410\u043d\u0447\u043e\u0443\u0441 \u2022 \u0420\u0438\u0431\u043d\u0430 \u043f\u0430\u0443\u0442\u0438\u043d\u043a\u0430 \u2022 \u041a\u0430\u043b\u044c\u043c\u0430\u0440 \u043f\u043e \u0448\u0430\u043d\u0445\u0430\u0439\u0441\u044c\u043a\u0438 \u2022 \u0422\u0443\u043d\u0435\u0446\u044c \u2022 \u0421\u043c\u0443\u0433\u0430 \u043a\u0440\u0430\u0431\u0430 \u2022 \u041f\u043b\u0430\u0441\u0442 \u043a\u0440\u0430\u0431\u0443 \u2022 \u041f\u043b\u0430\u0441\u0442 \u043f\u0435\u0440\u0443\u0430\u043d\u0441\u044c\u043a\u043e\u0433\u043e \u043a\u0430\u043b\u044c\u043c\u0430\u0440\u0430 \u2022 \u0424\u0456\u043b\u0435 \u043f\u0430\u0442\u0430\u0441\u0443 \u2022 \u041f'\u044f\u0442\u0430\u0447\u043a\u0438 \u0432\u043e\u0441\u044c\u043c\u0438\u043d\u043e\u0433\u0430 \u2022 \u041f'\u044f\u0442\u0430\u0447\u043a\u0438 \u043a\u0440\u0430\u0431\u0430 \u2022 \u041a\u0456\u043b\u044c\u0446\u044f \u043a\u0430\u043b\u044c\u043c\u0430\u0440\u0430 \u2022 \u0421\u0443\u0448\u0435\u043d\u0430 \u043a\u0440\u0435\u0432\u0435\u0442\u043a\u0430 \u2022 \u041a\u0456\u043b\u044c\u0446\u044f \u043a\u0440\u0430\u0431\u0430 \u2022 \u0421\u043f\u0438\u043d\u043a\u0430 \u0442\u0440\u0456\u0441\u043a\u0438 \u0437 \u043f\u0435\u0440\u0446\u0435\u043c \u2022 \u0406\u043a\u0440\u044f\u043d\u0438\u043a\u0438 \u2022 \u0420\u0438\u0431\u043d\u0430 \u043f\u0430\u0432\u0443\u0442\u0438\u043d\u043a\u0430\u2028\u0437 \u043f\u0435\u0440\u0446\u0435\u043c  \u041d\u0430\u0441\u043e\u043b\u043e\u0434\u0436\u0443\u0439\u0442\u0435\u0441\u044c \u0431\u0430\u0433\u0430\u0442\u0441\u0442\u0432\u043e\u043c \u0441\u043c\u0430\u043a\u0456\u0432 \u0443 \u0437\u0440\u0443\u0447\u043d\u0456\u0439 \u0443\u043f\u0430\u043a\u043e\u0432\u0446\u0456!  \u0413\u0440\u0430\u043c\u0438: 2\u043a\u0433","og_url":"https:\/\/snekpl.com\/pl\/produkt\/\u0440\u0438\u0431\u043d\u0438\u0439-\u0431\u043e\u043a\u0441-2\u043a\u0433\/","og_site_name":"SNEK.PL","article_modified_time":"2025-12-03T12:29:20+00:00","og_image":[{"width":2560,"height":1920,"url":"https:\/\/snekpl.com\/wp-content\/uploads\/2025\/11\/IMG_3831-scaled.jpeg","type":"image\/jpeg"}],"twitter_card":"summary_large_image","twitter_misc":{"Szacowany czas czytania":"1 minuta"},"schema":{"@context":"https:\/\/schema.org","@graph":[{"@type":"WebPage","@id":"https:\/\/snekpl.com\/pl\/produkt\/%d1%80%d0%b8%d0%b1%d0%bd%d0%b8%d0%b9-%d0%b1%d0%be%d0%ba%d1%81-2%d0%ba%d0%b3\/","url":"https:\/\/snekpl.com\/pl\/produkt\/%d1%80%d0%b8%d0%b1%d0%bd%d0%b8%d0%b9-%d0%b1%d0%be%d0%ba%d1%81-2%d0%ba%d0%b3\/","name":"\u0420\u0438\u0431\u043d\u0438\u0439 \u0411\u043e\u043a\u0441 \u00ab2\u043a\u0433\u00bb - SNEK.PL","isPartOf":{"@id":"https:\/\/snekpl.com\/pl\/#website"},"primaryImageOfPage":{"@id":"https:\/\/snekpl.com\/pl\/produkt\/%d1%80%d0%b8%d0%b1%d0%bd%d0%b8%d0%b9-%d0%b1%d0%be%d0%ba%d1%81-2%d0%ba%d0%b3\/#primaryimage"},"image":{"@id":"https:\/\/snekpl.com\/pl\/produkt\/%d1%80%d0%b8%d0%b1%d0%bd%d0%b8%d0%b9-%d0%b1%d0%be%d0%ba%d1%81-2%d0%ba%d0%b3\/#primaryimage"},"thumbnailUrl":"https:\/\/snekpl.com\/wp-content\/uploads\/2025\/11\/IMG_3831-scaled.jpeg","datePublished":"2025-11-17T09:58:09+00:00","dateModified":"2025-12-03T12:29:20+00:00","breadcrumb":{"@id":"https:\/\/snekpl.com\/pl\/produkt\/%d1%80%d0%b8%d0%b1%d0%bd%d0%b8%d0%b9-%d0%b1%d0%be%d0%ba%d1%81-2%d0%ba%d0%b3\/#breadcrumb"},"inLanguage":"pl-PL","potentialAction":[{"@type":"ReadAction","target":["https:\/\/snekpl.com\/pl\/produkt\/%d1%80%d0%b8%d0%b1%d0%bd%d0%b8%d0%b9-%d0%b1%d0%be%d0%ba%d1%81-2%d0%ba%d0%b3\/"]}]},{"@type":"ImageObject","inLanguage":"pl-PL","@id":"https:\/\/snekpl.com\/pl\/produkt\/%d1%80%d0%b8%d0%b1%d0%bd%d0%b8%d0%b9-%d0%b1%d0%be%d0%ba%d1%81-2%d0%ba%d0%b3\/#primaryimage","url":"https:\/\/snekpl.com\/wp-content\/uploads\/2025\/11\/IMG_3831-scaled.jpeg","contentUrl":"https:\/\/snekpl.com\/wp-content\/uploads\/2025\/11\/IMG_3831-scaled.jpeg","width":2560,"height":1920},{"@type":"BreadcrumbList","@id":"https:\/\/snekpl.com\/pl\/produkt\/%d1%80%d0%b8%d0%b1%d0%bd%d0%b8%d0%b9-%d0%b1%d0%be%d0%ba%d1%81-2%d0%ba%d0%b3\/#breadcrumb","itemListElement":[{"@type":"ListItem","position":1,"name":"Home","item":"https:\/\/snekpl.com\/pl\/"},{"@type":"ListItem","position":2,"name":"Snek","item":"https:\/\/snekpl.com\/pl\/"},{"@type":"ListItem","position":3,"name":"\u0420\u0438\u0431\u043d\u0438\u0439 \u0411\u043e\u043a\u0441 \u00ab2\u043a\u0433\u00bb"}]},{"@type":"WebSite","@id":"https:\/\/snekpl.com\/pl\/#website","url":"https:\/\/snekpl.com\/pl\/","name":"SNEK.PL","description":"SNEK.PL - \u043a\u043e\u043b\u0438 \u0445\u043e\u0447\u0435\u0448 \u0441\u043c\u0430\u0447\u043d\u043e, \u043f\u0440\u043e\u0441\u0442\u043e \u0456 \u043f\u043e-\u0441\u043f\u0440\u0430\u0432\u0436\u043d\u044c\u043e\u043c\u0443","potentialAction":[{"@type":"SearchAction","target":{"@type":"EntryPoint","urlTemplate":"https:\/\/snekpl.com\/pl\/?s={search_term_string}"},"query-input":{"@type":"PropertyValueSpecification","valueRequired":true,"valueName":"search_term_string"}}],"inLanguage":"pl-PL"}]}},"_links":{"self":[{"href":"https:\/\/snekpl.com\/pl\/wp-json\/wp\/v2\/product\/2648","targetHints":{"allow":["GET"]}}],"collection":[{"href":"https:\/\/snekpl.com\/pl\/wp-json\/wp\/v2\/product"}],"about":[{"href":"https:\/\/snekpl.com\/pl\/wp-json\/wp\/v2\/types\/product"}],"replies":[{"embeddable":true,"href":"https:\/\/snekpl.com\/pl\/wp-json\/wp\/v2\/comments?post=2648"}],"version-history":[{"count":4,"href":"https:\/\/snekpl.com\/pl\/wp-json\/wp\/v2\/product\/2648\/revisions"}],"predecessor-version":[{"id":2857,"href":"https:\/\/snekpl.com\/pl\/wp-json\/wp\/v2\/product\/2648\/revisions\/2857"}],"wp:featuredmedia":[{"embeddable":true,"href":"https:\/\/snekpl.com\/pl\/wp-json\/wp\/v2\/media\/2755"}],"wp:attachment":[{"href":"https:\/\/snekpl.com\/pl\/wp-json\/wp\/v2\/media?parent=2648"}],"wp:term":[{"taxonomy":"product_brand","embeddable":true,"href":"https:\/\/snekpl.com\/pl\/wp-json\/wp\/v2\/product_brand?post=2648"},{"taxonomy":"product_cat","embeddable":true,"href":"https:\/\/snekpl.com\/pl\/wp-json\/wp\/v2\/product_cat?post=2648"},{"taxonomy":"product_tag","embeddable":true,"href":"https:\/\/snekpl.com\/pl\/wp-json\/wp\/v2\/product_tag?post=2648"}],"curies":[{"name":"wp","href":"https:\/\/api.w.org\/{rel}","templated":true}]}}