{"id":3172,"date":"2026-03-01T22:57:51","date_gmt":"2026-03-01T19:57:51","guid":{"rendered":"https:\/\/snekpl.com\/?post_type=product&#038;p=3172"},"modified":"2026-03-02T01:54:48","modified_gmt":"2026-03-01T22:54:48","slug":"%d1%81%d0%b8%d1%80-%d1%81%d1%83%d0%b1%d0%bb%d1%96%d0%bc%d0%be%d0%b2%d0%b0%d0%bd%d0%b8%d0%b9-%d1%81%d1%83%d0%bb%d1%83%d0%b3%d1%83%d0%bd%d1%96-%d1%86%d0%b8%d0%b1%d1%83%d0%bb%d1%8f-100%d0%b3%d1%80%d0%b0","status":"publish","type":"product","link":"https:\/\/snekpl.com\/pl\/produkt\/%d1%81%d0%b8%d1%80-%d1%81%d1%83%d0%b1%d0%bb%d1%96%d0%bc%d0%be%d0%b2%d0%b0%d0%bd%d0%b8%d0%b9-%d1%81%d1%83%d0%bb%d1%83%d0%b3%d1%83%d0%bd%d1%96-%d1%86%d0%b8%d0%b1%d1%83%d0%bb%d1%8f-100%d0%b3%d1%80%d0%b0\/","title":{"rendered":"Ser sublimowany suluguni Cebula 100 g"},"content":{"rendered":"","protected":false},"excerpt":{"rendered":"<p>Chrupi\u0105ca i aromatyczna przek\u0105ska z delikatnego sera suluguni o smaku cebuli suszonej w technologii sublimacji. Paluszki zachowuj\u0105 wszystkie korzystne w\u0142a\u015bciwo\u015bci sera, jego mi\u0119kk\u0105 konsystencj\u0119 i bogaty smak z lekk\u0105 nut\u0105 s\u0142ono\u015bci. Idealnie nadaj\u0105 si\u0119 jako przek\u0105ska, dodatek do napoj\u00f3w lub sk\u0142adnik sa\u0142atek.\n\nGramatura: 100 gram\u00f3w<\/p>\n<p>Waga: 100 g<\/p>","protected":false},"featured_media":3195,"comment_status":"open","ping_status":"closed","template":"","meta":[],"product_brand":[],"product_cat":[273],"product_tag":[],"class_list":{"0":"post-3172","1":"product","2":"type-product","3":"status-publish","4":"has-post-thumbnail","6":"product_cat-273","8":"first","9":"instock","10":"taxable","11":"shipping-taxable","12":"purchasable","13":"product-type-simple"},"yoast_head":"<!-- This site is optimized with the Yoast SEO Premium plugin v25.6 (Yoast SEO v25.6) - https:\/\/yoast.com\/wordpress\/plugins\/seo\/ -->\n<title>\u0421\u0438\u0440 \u0441\u0443\u0431\u043b\u0456\u043c\u043e\u0432\u0430\u043d\u0438\u0439 \u0441\u0443\u043b\u0443\u0433\u0443\u043d\u0456 \u0426\u0438\u0431\u0443\u043b\u044f 100\u0433\u0440\u0430\u043c - SNEK.PL<\/title>\n<meta name=\"robots\" content=\"index, follow, max-snippet:-1, max-image-preview:large, max-video-preview:-1\" \/>\n<link rel=\"canonical\" href=\"https:\/\/snekpl.com\/pl\/produkt\/\u0441\u0438\u0440-\u0441\u0443\u0431\u043b\u0456\u043c\u043e\u0432\u0430\u043d\u0438\u0439-\u0441\u0443\u043b\u0443\u0433\u0443\u043d\u0456-\u0446\u0438\u0431\u0443\u043b\u044f-100\u0433\u0440\u0430\/\" \/>\n<meta property=\"og:locale\" content=\"pl_PL\" \/>\n<meta property=\"og:type\" content=\"article\" \/>\n<meta property=\"og:title\" content=\"\u0421\u0438\u0440 \u0441\u0443\u0431\u043b\u0456\u043c\u043e\u0432\u0430\u043d\u0438\u0439 \u0441\u0443\u043b\u0443\u0433\u0443\u043d\u0456 \u0426\u0438\u0431\u0443\u043b\u044f 100\u0433\u0440\u0430\u043c\" \/>\n<meta property=\"og:description\" content=\"\u0425\u0440\u0443\u0441\u0442\u043a\u0438\u0439 \u0442\u0430 \u0430\u0440\u043e\u043c\u0430\u0442\u043d\u0438\u0439 \u0441\u043d\u0435\u043a \u0456\u0437 \u043d\u0456\u0436\u043d\u043e\u0433\u043e \u0441\u0443\u043b\u0443\u0433\u0443\u043d\u0456,\u0437\u0456 \u0441\u043c\u0430\u043a\u043e\u043c \u0426\u0438\u0431\u0443\u043b\u0456 \u0432\u0438\u0441\u0443\u0448\u0435\u043d\u043e\u0433\u043e \u0437\u0430 \u0442\u0435\u0445\u043d\u043e\u043b\u043e\u0433\u0456\u0454\u044e \u0441\u0443\u0431\u043b\u0456\u043c\u0430\u0446\u0456\u0457. \u041f\u0430\u043b\u0438\u0447\u043a\u0438 \u0437\u0431\u0435\u0440\u0456\u0433\u0430\u044e\u0442\u044c \u0443\u0441\u0456 \u043a\u043e\u0440\u0438\u0441\u043d\u0456 \u0432\u043b\u0430\u0441\u0442\u0438\u0432\u043e\u0441\u0442\u0456 \u0441\u0438\u0440\u0443, \u0439\u043e\u0433\u043e \u043c\u2019\u044f\u043a\u0443 \u0442\u0435\u043a\u0441\u0442\u0443\u0440\u0443 \u0442\u0430 \u043d\u0430\u0441\u0438\u0447\u0435\u043d\u0438\u0439 \u0441\u043c\u0430\u043a \u0456\u0437 \u043b\u0435\u0433\u043a\u043e\u044e \u0441\u043e\u043b\u043e\u043d\u0456\u0441\u0442\u044e. \u0406\u0434\u0435\u0430\u043b\u044c\u043d\u043e \u043f\u0456\u0434\u0445\u043e\u0434\u044f\u0442\u044c \u044f\u043a \u043f\u0435\u0440\u0435\u043a\u0443\u0441, \u0437\u0430\u043a\u0443\u0441\u043a\u0430 \u0434\u043e \u043d\u0430\u043f\u043e\u0457\u0432 \u0430\u0431\u043e \u043a\u043e\u043c\u043f\u043e\u043d\u0435\u043d\u0442 \u0441\u0430\u043b\u0430\u0442\u0456\u0432.  \u0413\u0440\u0430\u043c\u0438: 100 \u0433\u0440\u0430\u043c\" \/>\n<meta property=\"og:url\" content=\"https:\/\/snekpl.com\/pl\/produkt\/\u0441\u0438\u0440-\u0441\u0443\u0431\u043b\u0456\u043c\u043e\u0432\u0430\u043d\u0438\u0439-\u0441\u0443\u043b\u0443\u0433\u0443\u043d\u0456-\u0446\u0438\u0431\u0443\u043b\u044f-100\u0433\u0440\u0430\/\" \/>\n<meta property=\"og:site_name\" content=\"SNEK.PL\" \/>\n<meta property=\"article:modified_time\" content=\"2026-03-01T22:54:48+00:00\" \/>\n<meta property=\"og:image\" content=\"https:\/\/snekpl.com\/wp-content\/uploads\/2026\/03\/IMG_6027-scaled.jpeg\" \/>\n\t<meta property=\"og:image:width\" content=\"2560\" \/>\n\t<meta property=\"og:image:height\" content=\"1920\" \/>\n\t<meta property=\"og:image:type\" content=\"image\/jpeg\" \/>\n<meta name=\"twitter:card\" content=\"summary_large_image\" \/>\n<meta name=\"twitter:label1\" content=\"Szacowany czas czytania\" \/>\n\t<meta name=\"twitter:data1\" content=\"1 minuta\" \/>\n<script type=\"application\/ld+json\" class=\"yoast-schema-graph\">{\"@context\":\"https:\/\/schema.org\",\"@graph\":[{\"@type\":\"WebPage\",\"@id\":\"https:\/\/snekpl.com\/pl\/produkt\/%d1%81%d0%b8%d1%80-%d1%81%d1%83%d0%b1%d0%bb%d1%96%d0%bc%d0%be%d0%b2%d0%b0%d0%bd%d0%b8%d0%b9-%d1%81%d1%83%d0%bb%d1%83%d0%b3%d1%83%d0%bd%d1%96-%d1%86%d0%b8%d0%b1%d1%83%d0%bb%d1%8f-100%d0%b3%d1%80%d0%b0\/\",\"url\":\"https:\/\/snekpl.com\/pl\/produkt\/%d1%81%d0%b8%d1%80-%d1%81%d1%83%d0%b1%d0%bb%d1%96%d0%bc%d0%be%d0%b2%d0%b0%d0%bd%d0%b8%d0%b9-%d1%81%d1%83%d0%bb%d1%83%d0%b3%d1%83%d0%bd%d1%96-%d1%86%d0%b8%d0%b1%d1%83%d0%bb%d1%8f-100%d0%b3%d1%80%d0%b0\/\",\"name\":\"\u0421\u0438\u0440 \u0441\u0443\u0431\u043b\u0456\u043c\u043e\u0432\u0430\u043d\u0438\u0439 \u0441\u0443\u043b\u0443\u0433\u0443\u043d\u0456 \u0426\u0438\u0431\u0443\u043b\u044f 100\u0433\u0440\u0430\u043c - SNEK.PL\",\"isPartOf\":{\"@id\":\"https:\/\/snekpl.com\/pl\/#website\"},\"primaryImageOfPage\":{\"@id\":\"https:\/\/snekpl.com\/pl\/produkt\/%d1%81%d0%b8%d1%80-%d1%81%d1%83%d0%b1%d0%bb%d1%96%d0%bc%d0%be%d0%b2%d0%b0%d0%bd%d0%b8%d0%b9-%d1%81%d1%83%d0%bb%d1%83%d0%b3%d1%83%d0%bd%d1%96-%d1%86%d0%b8%d0%b1%d1%83%d0%bb%d1%8f-100%d0%b3%d1%80%d0%b0\/#primaryimage\"},\"image\":{\"@id\":\"https:\/\/snekpl.com\/pl\/produkt\/%d1%81%d0%b8%d1%80-%d1%81%d1%83%d0%b1%d0%bb%d1%96%d0%bc%d0%be%d0%b2%d0%b0%d0%bd%d0%b8%d0%b9-%d1%81%d1%83%d0%bb%d1%83%d0%b3%d1%83%d0%bd%d1%96-%d1%86%d0%b8%d0%b1%d1%83%d0%bb%d1%8f-100%d0%b3%d1%80%d0%b0\/#primaryimage\"},\"thumbnailUrl\":\"https:\/\/snekpl.com\/wp-content\/uploads\/2026\/03\/IMG_6027-scaled.jpeg\",\"datePublished\":\"2026-03-01T19:57:51+00:00\",\"dateModified\":\"2026-03-01T22:54:48+00:00\",\"breadcrumb\":{\"@id\":\"https:\/\/snekpl.com\/pl\/produkt\/%d1%81%d0%b8%d1%80-%d1%81%d1%83%d0%b1%d0%bb%d1%96%d0%bc%d0%be%d0%b2%d0%b0%d0%bd%d0%b8%d0%b9-%d1%81%d1%83%d0%bb%d1%83%d0%b3%d1%83%d0%bd%d1%96-%d1%86%d0%b8%d0%b1%d1%83%d0%bb%d1%8f-100%d0%b3%d1%80%d0%b0\/#breadcrumb\"},\"inLanguage\":\"pl-PL\",\"potentialAction\":[{\"@type\":\"ReadAction\",\"target\":[\"https:\/\/snekpl.com\/pl\/produkt\/%d1%81%d0%b8%d1%80-%d1%81%d1%83%d0%b1%d0%bb%d1%96%d0%bc%d0%be%d0%b2%d0%b0%d0%bd%d0%b8%d0%b9-%d1%81%d1%83%d0%bb%d1%83%d0%b3%d1%83%d0%bd%d1%96-%d1%86%d0%b8%d0%b1%d1%83%d0%bb%d1%8f-100%d0%b3%d1%80%d0%b0\/\"]}]},{\"@type\":\"ImageObject\",\"inLanguage\":\"pl-PL\",\"@id\":\"https:\/\/snekpl.com\/pl\/produkt\/%d1%81%d0%b8%d1%80-%d1%81%d1%83%d0%b1%d0%bb%d1%96%d0%bc%d0%be%d0%b2%d0%b0%d0%bd%d0%b8%d0%b9-%d1%81%d1%83%d0%bb%d1%83%d0%b3%d1%83%d0%bd%d1%96-%d1%86%d0%b8%d0%b1%d1%83%d0%bb%d1%8f-100%d0%b3%d1%80%d0%b0\/#primaryimage\",\"url\":\"https:\/\/snekpl.com\/wp-content\/uploads\/2026\/03\/IMG_6027-scaled.jpeg\",\"contentUrl\":\"https:\/\/snekpl.com\/wp-content\/uploads\/2026\/03\/IMG_6027-scaled.jpeg\",\"width\":2560,\"height\":1920},{\"@type\":\"BreadcrumbList\",\"@id\":\"https:\/\/snekpl.com\/pl\/produkt\/%d1%81%d0%b8%d1%80-%d1%81%d1%83%d0%b1%d0%bb%d1%96%d0%bc%d0%be%d0%b2%d0%b0%d0%bd%d0%b8%d0%b9-%d1%81%d1%83%d0%bb%d1%83%d0%b3%d1%83%d0%bd%d1%96-%d1%86%d0%b8%d0%b1%d1%83%d0%bb%d1%8f-100%d0%b3%d1%80%d0%b0\/#breadcrumb\",\"itemListElement\":[{\"@type\":\"ListItem\",\"position\":1,\"name\":\"Home\",\"item\":\"https:\/\/snekpl.com\/pl\/\"},{\"@type\":\"ListItem\",\"position\":2,\"name\":\"Snek\",\"item\":\"https:\/\/snekpl.com\/pl\/\"},{\"@type\":\"ListItem\",\"position\":3,\"name\":\"\u0421\u0438\u0440 \u0441\u0443\u0431\u043b\u0456\u043c\u043e\u0432\u0430\u043d\u0438\u0439 \u0441\u0443\u043b\u0443\u0433\u0443\u043d\u0456 \u0426\u0438\u0431\u0443\u043b\u044f 100\u0433\u0440\u0430\u043c\"}]},{\"@type\":\"WebSite\",\"@id\":\"https:\/\/snekpl.com\/pl\/#website\",\"url\":\"https:\/\/snekpl.com\/pl\/\",\"name\":\"SNEK.PL\",\"description\":\"SNEK.PL - \u043a\u043e\u043b\u0438 \u0445\u043e\u0447\u0435\u0448 \u0441\u043c\u0430\u0447\u043d\u043e, \u043f\u0440\u043e\u0441\u0442\u043e \u0456 \u043f\u043e-\u0441\u043f\u0440\u0430\u0432\u0436\u043d\u044c\u043e\u043c\u0443\",\"potentialAction\":[{\"@type\":\"SearchAction\",\"target\":{\"@type\":\"EntryPoint\",\"urlTemplate\":\"https:\/\/snekpl.com\/pl\/?s={search_term_string}\"},\"query-input\":{\"@type\":\"PropertyValueSpecification\",\"valueRequired\":true,\"valueName\":\"search_term_string\"}}],\"inLanguage\":\"pl-PL\"}]}<\/script>\n<!-- \/ Yoast SEO Premium plugin. -->","yoast_head_json":{"title":"\u0421\u0438\u0440 \u0441\u0443\u0431\u043b\u0456\u043c\u043e\u0432\u0430\u043d\u0438\u0439 \u0441\u0443\u043b\u0443\u0433\u0443\u043d\u0456 \u0426\u0438\u0431\u0443\u043b\u044f 100\u0433\u0440\u0430\u043c - SNEK.PL","robots":{"index":"index","follow":"follow","max-snippet":"max-snippet:-1","max-image-preview":"max-image-preview:large","max-video-preview":"max-video-preview:-1"},"canonical":"https:\/\/snekpl.com\/pl\/produkt\/\u0441\u0438\u0440-\u0441\u0443\u0431\u043b\u0456\u043c\u043e\u0432\u0430\u043d\u0438\u0439-\u0441\u0443\u043b\u0443\u0433\u0443\u043d\u0456-\u0446\u0438\u0431\u0443\u043b\u044f-100\u0433\u0440\u0430\/","og_locale":"pl_PL","og_type":"article","og_title":"\u0421\u0438\u0440 \u0441\u0443\u0431\u043b\u0456\u043c\u043e\u0432\u0430\u043d\u0438\u0439 \u0441\u0443\u043b\u0443\u0433\u0443\u043d\u0456 \u0426\u0438\u0431\u0443\u043b\u044f 100\u0433\u0440\u0430\u043c","og_description":"\u0425\u0440\u0443\u0441\u0442\u043a\u0438\u0439 \u0442\u0430 \u0430\u0440\u043e\u043c\u0430\u0442\u043d\u0438\u0439 \u0441\u043d\u0435\u043a \u0456\u0437 \u043d\u0456\u0436\u043d\u043e\u0433\u043e \u0441\u0443\u043b\u0443\u0433\u0443\u043d\u0456,\u0437\u0456 \u0441\u043c\u0430\u043a\u043e\u043c \u0426\u0438\u0431\u0443\u043b\u0456 \u0432\u0438\u0441\u0443\u0448\u0435\u043d\u043e\u0433\u043e \u0437\u0430 \u0442\u0435\u0445\u043d\u043e\u043b\u043e\u0433\u0456\u0454\u044e \u0441\u0443\u0431\u043b\u0456\u043c\u0430\u0446\u0456\u0457. \u041f\u0430\u043b\u0438\u0447\u043a\u0438 \u0437\u0431\u0435\u0440\u0456\u0433\u0430\u044e\u0442\u044c \u0443\u0441\u0456 \u043a\u043e\u0440\u0438\u0441\u043d\u0456 \u0432\u043b\u0430\u0441\u0442\u0438\u0432\u043e\u0441\u0442\u0456 \u0441\u0438\u0440\u0443, \u0439\u043e\u0433\u043e \u043c\u2019\u044f\u043a\u0443 \u0442\u0435\u043a\u0441\u0442\u0443\u0440\u0443 \u0442\u0430 \u043d\u0430\u0441\u0438\u0447\u0435\u043d\u0438\u0439 \u0441\u043c\u0430\u043a \u0456\u0437 \u043b\u0435\u0433\u043a\u043e\u044e \u0441\u043e\u043b\u043e\u043d\u0456\u0441\u0442\u044e. \u0406\u0434\u0435\u0430\u043b\u044c\u043d\u043e \u043f\u0456\u0434\u0445\u043e\u0434\u044f\u0442\u044c \u044f\u043a \u043f\u0435\u0440\u0435\u043a\u0443\u0441, \u0437\u0430\u043a\u0443\u0441\u043a\u0430 \u0434\u043e \u043d\u0430\u043f\u043e\u0457\u0432 \u0430\u0431\u043e \u043a\u043e\u043c\u043f\u043e\u043d\u0435\u043d\u0442 \u0441\u0430\u043b\u0430\u0442\u0456\u0432.  \u0413\u0440\u0430\u043c\u0438: 100 \u0433\u0440\u0430\u043c","og_url":"https:\/\/snekpl.com\/pl\/produkt\/\u0441\u0438\u0440-\u0441\u0443\u0431\u043b\u0456\u043c\u043e\u0432\u0430\u043d\u0438\u0439-\u0441\u0443\u043b\u0443\u0433\u0443\u043d\u0456-\u0446\u0438\u0431\u0443\u043b\u044f-100\u0433\u0440\u0430\/","og_site_name":"SNEK.PL","article_modified_time":"2026-03-01T22:54:48+00:00","og_image":[{"width":2560,"height":1920,"url":"https:\/\/snekpl.com\/wp-content\/uploads\/2026\/03\/IMG_6027-scaled.jpeg","type":"image\/jpeg"}],"twitter_card":"summary_large_image","twitter_misc":{"Szacowany czas czytania":"1 minuta"},"schema":{"@context":"https:\/\/schema.org","@graph":[{"@type":"WebPage","@id":"https:\/\/snekpl.com\/pl\/produkt\/%d1%81%d0%b8%d1%80-%d1%81%d1%83%d0%b1%d0%bb%d1%96%d0%bc%d0%be%d0%b2%d0%b0%d0%bd%d0%b8%d0%b9-%d1%81%d1%83%d0%bb%d1%83%d0%b3%d1%83%d0%bd%d1%96-%d1%86%d0%b8%d0%b1%d1%83%d0%bb%d1%8f-100%d0%b3%d1%80%d0%b0\/","url":"https:\/\/snekpl.com\/pl\/produkt\/%d1%81%d0%b8%d1%80-%d1%81%d1%83%d0%b1%d0%bb%d1%96%d0%bc%d0%be%d0%b2%d0%b0%d0%bd%d0%b8%d0%b9-%d1%81%d1%83%d0%bb%d1%83%d0%b3%d1%83%d0%bd%d1%96-%d1%86%d0%b8%d0%b1%d1%83%d0%bb%d1%8f-100%d0%b3%d1%80%d0%b0\/","name":"\u0421\u0438\u0440 \u0441\u0443\u0431\u043b\u0456\u043c\u043e\u0432\u0430\u043d\u0438\u0439 \u0441\u0443\u043b\u0443\u0433\u0443\u043d\u0456 \u0426\u0438\u0431\u0443\u043b\u044f 100\u0433\u0440\u0430\u043c - SNEK.PL","isPartOf":{"@id":"https:\/\/snekpl.com\/pl\/#website"},"primaryImageOfPage":{"@id":"https:\/\/snekpl.com\/pl\/produkt\/%d1%81%d0%b8%d1%80-%d1%81%d1%83%d0%b1%d0%bb%d1%96%d0%bc%d0%be%d0%b2%d0%b0%d0%bd%d0%b8%d0%b9-%d1%81%d1%83%d0%bb%d1%83%d0%b3%d1%83%d0%bd%d1%96-%d1%86%d0%b8%d0%b1%d1%83%d0%bb%d1%8f-100%d0%b3%d1%80%d0%b0\/#primaryimage"},"image":{"@id":"https:\/\/snekpl.com\/pl\/produkt\/%d1%81%d0%b8%d1%80-%d1%81%d1%83%d0%b1%d0%bb%d1%96%d0%bc%d0%be%d0%b2%d0%b0%d0%bd%d0%b8%d0%b9-%d1%81%d1%83%d0%bb%d1%83%d0%b3%d1%83%d0%bd%d1%96-%d1%86%d0%b8%d0%b1%d1%83%d0%bb%d1%8f-100%d0%b3%d1%80%d0%b0\/#primaryimage"},"thumbnailUrl":"https:\/\/snekpl.com\/wp-content\/uploads\/2026\/03\/IMG_6027-scaled.jpeg","datePublished":"2026-03-01T19:57:51+00:00","dateModified":"2026-03-01T22:54:48+00:00","breadcrumb":{"@id":"https:\/\/snekpl.com\/pl\/produkt\/%d1%81%d0%b8%d1%80-%d1%81%d1%83%d0%b1%d0%bb%d1%96%d0%bc%d0%be%d0%b2%d0%b0%d0%bd%d0%b8%d0%b9-%d1%81%d1%83%d0%bb%d1%83%d0%b3%d1%83%d0%bd%d1%96-%d1%86%d0%b8%d0%b1%d1%83%d0%bb%d1%8f-100%d0%b3%d1%80%d0%b0\/#breadcrumb"},"inLanguage":"pl-PL","potentialAction":[{"@type":"ReadAction","target":["https:\/\/snekpl.com\/pl\/produkt\/%d1%81%d0%b8%d1%80-%d1%81%d1%83%d0%b1%d0%bb%d1%96%d0%bc%d0%be%d0%b2%d0%b0%d0%bd%d0%b8%d0%b9-%d1%81%d1%83%d0%bb%d1%83%d0%b3%d1%83%d0%bd%d1%96-%d1%86%d0%b8%d0%b1%d1%83%d0%bb%d1%8f-100%d0%b3%d1%80%d0%b0\/"]}]},{"@type":"ImageObject","inLanguage":"pl-PL","@id":"https:\/\/snekpl.com\/pl\/produkt\/%d1%81%d0%b8%d1%80-%d1%81%d1%83%d0%b1%d0%bb%d1%96%d0%bc%d0%be%d0%b2%d0%b0%d0%bd%d0%b8%d0%b9-%d1%81%d1%83%d0%bb%d1%83%d0%b3%d1%83%d0%bd%d1%96-%d1%86%d0%b8%d0%b1%d1%83%d0%bb%d1%8f-100%d0%b3%d1%80%d0%b0\/#primaryimage","url":"https:\/\/snekpl.com\/wp-content\/uploads\/2026\/03\/IMG_6027-scaled.jpeg","contentUrl":"https:\/\/snekpl.com\/wp-content\/uploads\/2026\/03\/IMG_6027-scaled.jpeg","width":2560,"height":1920},{"@type":"BreadcrumbList","@id":"https:\/\/snekpl.com\/pl\/produkt\/%d1%81%d0%b8%d1%80-%d1%81%d1%83%d0%b1%d0%bb%d1%96%d0%bc%d0%be%d0%b2%d0%b0%d0%bd%d0%b8%d0%b9-%d1%81%d1%83%d0%bb%d1%83%d0%b3%d1%83%d0%bd%d1%96-%d1%86%d0%b8%d0%b1%d1%83%d0%bb%d1%8f-100%d0%b3%d1%80%d0%b0\/#breadcrumb","itemListElement":[{"@type":"ListItem","position":1,"name":"Home","item":"https:\/\/snekpl.com\/pl\/"},{"@type":"ListItem","position":2,"name":"Snek","item":"https:\/\/snekpl.com\/pl\/"},{"@type":"ListItem","position":3,"name":"\u0421\u0438\u0440 \u0441\u0443\u0431\u043b\u0456\u043c\u043e\u0432\u0430\u043d\u0438\u0439 \u0441\u0443\u043b\u0443\u0433\u0443\u043d\u0456 \u0426\u0438\u0431\u0443\u043b\u044f 100\u0433\u0440\u0430\u043c"}]},{"@type":"WebSite","@id":"https:\/\/snekpl.com\/pl\/#website","url":"https:\/\/snekpl.com\/pl\/","name":"SNEK.PL","description":"SNEK.PL - \u043a\u043e\u043b\u0438 \u0445\u043e\u0447\u0435\u0448 \u0441\u043c\u0430\u0447\u043d\u043e, \u043f\u0440\u043e\u0441\u0442\u043e \u0456 \u043f\u043e-\u0441\u043f\u0440\u0430\u0432\u0436\u043d\u044c\u043e\u043c\u0443","potentialAction":[{"@type":"SearchAction","target":{"@type":"EntryPoint","urlTemplate":"https:\/\/snekpl.com\/pl\/?s={search_term_string}"},"query-input":{"@type":"PropertyValueSpecification","valueRequired":true,"valueName":"search_term_string"}}],"inLanguage":"pl-PL"}]}},"_links":{"self":[{"href":"https:\/\/snekpl.com\/pl\/wp-json\/wp\/v2\/product\/3172","targetHints":{"allow":["GET"]}}],"collection":[{"href":"https:\/\/snekpl.com\/pl\/wp-json\/wp\/v2\/product"}],"about":[{"href":"https:\/\/snekpl.com\/pl\/wp-json\/wp\/v2\/types\/product"}],"replies":[{"embeddable":true,"href":"https:\/\/snekpl.com\/pl\/wp-json\/wp\/v2\/comments?post=3172"}],"version-history":[{"count":2,"href":"https:\/\/snekpl.com\/pl\/wp-json\/wp\/v2\/product\/3172\/revisions"}],"predecessor-version":[{"id":3183,"href":"https:\/\/snekpl.com\/pl\/wp-json\/wp\/v2\/product\/3172\/revisions\/3183"}],"wp:featuredmedia":[{"embeddable":true,"href":"https:\/\/snekpl.com\/pl\/wp-json\/wp\/v2\/media\/3195"}],"wp:attachment":[{"href":"https:\/\/snekpl.com\/pl\/wp-json\/wp\/v2\/media?parent=3172"}],"wp:term":[{"taxonomy":"product_brand","embeddable":true,"href":"https:\/\/snekpl.com\/pl\/wp-json\/wp\/v2\/product_brand?post=3172"},{"taxonomy":"product_cat","embeddable":true,"href":"https:\/\/snekpl.com\/pl\/wp-json\/wp\/v2\/product_cat?post=3172"},{"taxonomy":"product_tag","embeddable":true,"href":"https:\/\/snekpl.com\/pl\/wp-json\/wp\/v2\/product_tag?post=3172"}],"curies":[{"name":"wp","href":"https:\/\/api.w.org\/{rel}","templated":true}]}}