{"id":3287,"date":"2026-03-20T19:19:55","date_gmt":"2026-03-20T16:19:55","guid":{"rendered":"https:\/\/snekpl.com\/?post_type=product&#038;p=3287"},"modified":"2026-03-20T22:21:51","modified_gmt":"2026-03-20T19:21:51","slug":"%d0%be%d0%ba%d1%83%d0%bd%d1%8c-%d0%b7-%d1%96%d0%ba%d1%80%d0%be%d1%8e","status":"publish","type":"product","link":"https:\/\/snekpl.com\/pl\/produkt\/%d0%be%d0%ba%d1%83%d0%bd%d1%8c-%d0%b7-%d1%96%d0%ba%d1%80%d0%be%d1%8e\/","title":{"rendered":"Oko\u0144 z ikr\u0105"},"content":{"rendered":"","protected":false},"excerpt":{"rendered":"<p>Pyszny suszony oko\u0144 z naturaln\u0105 ikr\u0105 \u2014 idealna przek\u0105ska dla mi\u0142o\u015bnik\u00f3w ryb. Ryba ma bogaty smak, przyjemn\u0105 konsystencj\u0119 i delikatn\u0105 s\u0142ono\u015b\u0107, a ikra w \u015brodku dodaje jej wyj\u0105tkowej pikantno\u015bci i sprawia, \u017ce ka\u017cdy kawa\u0142ek jest jeszcze bardziej aromatyczny.<\/p>\n<p>Oko\u0144 jest dobrze wysuszony, zachowuje naturalny smak ryby bez zb\u0119dnych dodatk\u00f3w, doskonale pasuje do piwa lub jako samodzielna przek\u0105ska.<\/p>\n<p>Jedna rybka wa\u017cy 60\u2013110 gram\u00f3w<\/p>","protected":false},"featured_media":3293,"comment_status":"open","ping_status":"closed","template":"","meta":[],"product_brand":[],"product_cat":[290],"product_tag":[],"class_list":{"0":"post-3287","1":"product","2":"type-product","3":"status-publish","4":"has-post-thumbnail","6":"product_cat-ryba-ikra","8":"first","9":"instock","10":"taxable","11":"shipping-taxable","12":"purchasable","13":"product-type-variable"},"yoast_head":"<!-- This site is optimized with the Yoast SEO Premium plugin v25.6 (Yoast SEO v25.6) - https:\/\/yoast.com\/wordpress\/plugins\/seo\/ -->\n<title>\u041e\u043a\u0443\u043d\u044c \u0437 \u0456\u043a\u0440\u043e\u044e - SNEK.PL<\/title>\n<meta name=\"robots\" content=\"index, follow, max-snippet:-1, max-image-preview:large, max-video-preview:-1\" \/>\n<link rel=\"canonical\" href=\"https:\/\/snekpl.com\/pl\/produkt\/\u043e\u043a\u0443\u043d\u044c-\u0437-\u0456\u043a\u0440\u043e\u044e\/\" \/>\n<meta property=\"og:locale\" content=\"pl_PL\" \/>\n<meta property=\"og:type\" content=\"article\" \/>\n<meta property=\"og:title\" content=\"\u041e\u043a\u0443\u043d\u044c \u0437 \u0456\u043a\u0440\u043e\u044e\" \/>\n<meta property=\"og:description\" content=\"\u0421\u043c\u0430\u0447\u043d\u0438\u0439 \u0432\u2019\u044f\u043b\u0435\u043d\u0438\u0439 \u043e\u043a\u0443\u043d\u044c \u0437 \u043d\u0430\u0442\u0443\u0440\u0430\u043b\u044c\u043d\u043e\u044e \u0456\u043a\u0440\u043e\u044e \u2014 \u0456\u0434\u0435\u0430\u043b\u044c\u043d\u0430 \u0437\u0430\u043a\u0443\u0441\u043a\u0430 \u0434\u043b\u044f \u043f\u043e\u0446\u0456\u043d\u043e\u0432\u0443\u0432\u0430\u0447\u0456\u0432 \u0440\u0438\u0431\u043a\u0438. \u0420\u0438\u0431\u0430 \u043c\u0430\u0454 \u043d\u0430\u0441\u0438\u0447\u0435\u043d\u0438\u0439 \u0441\u043c\u0430\u043a, \u043f\u0440\u0438\u0454\u043c\u043d\u0443 \u0442\u0435\u043a\u0441\u0442\u0443\u0440\u0443 \u0442\u0430 \u043b\u0435\u0433\u043a\u0443 \u0441\u043e\u043b\u043e\u043d\u0456\u0441\u0442\u044c, \u0430 \u0456\u043a\u0440\u0430 \u0432\u0441\u0435\u0440\u0435\u0434\u0438\u043d\u0456 \u0434\u043e\u0434\u0430\u0454 \u043e\u0441\u043e\u0431\u043b\u0438\u0432\u043e\u0457 \u043f\u0456\u043a\u0430\u043d\u0442\u043d\u043e\u0441\u0442\u0456 \u0439 \u0440\u043e\u0431\u0438\u0442\u044c \u043a\u043e\u0436\u0435\u043d \u0448\u043c\u0430\u0442\u043e\u0447\u043e\u043a \u0449\u0435 \u0431\u0456\u043b\u044c\u0448 \u0430\u0440\u043e\u043c\u0430\u0442\u043d\u0438\u043c.  \u041e\u043a\u0443\u043d\u044c \u0434\u043e\u0431\u0440\u0435 \u043f\u0440\u043e\u0441\u0443\u0448\u0435\u043d\u0438\u0439, \u0437\u0431\u0435\u0440\u0456\u0433\u0430\u0454 \u043f\u0440\u0438\u0440\u043e\u0434\u043d\u0438\u0439 \u0441\u043c\u0430\u043a \u0440\u0438\u0431\u0438 \u0431\u0435\u0437 \u0437\u0430\u0439\u0432\u0438\u0445 \u0434\u043e\u0431\u0430\u0432\u043e\u043a, \u0447\u0443\u0434\u043e\u0432\u043e \u043f\u0456\u0434\u0445\u043e\u0434\u0438\u0442\u044c \u0434\u043e \u043f\u0438\u0432\u0430 \u0430\u0431\u043e \u044f\u043a \u0441\u0430\u043c\u043e\u0441\u0442\u0456\u0439\u043d\u0438\u0439 \u0441\u043d\u0435\u043a.  \u041e\u0434\u043d\u0430 \u0440\u0438\u0431\u043a\u0430 \u0437\u0430\u0432\u0430\u0436\u0443\u0454 60-110 \u0433\u0440\u0430\u043c\" \/>\n<meta property=\"og:url\" content=\"https:\/\/snekpl.com\/pl\/produkt\/\u043e\u043a\u0443\u043d\u044c-\u0437-\u0456\u043a\u0440\u043e\u044e\/\" \/>\n<meta property=\"og:site_name\" content=\"SNEK.PL\" \/>\n<meta property=\"article:modified_time\" content=\"2026-03-20T19:21:51+00:00\" \/>\n<meta property=\"og:image\" content=\"https:\/\/snekpl.com\/wp-content\/uploads\/2026\/03\/IMG_6685-scaled.jpg\" \/>\n\t<meta property=\"og:image:width\" content=\"2560\" \/>\n\t<meta property=\"og:image:height\" content=\"1920\" \/>\n\t<meta property=\"og:image:type\" content=\"image\/jpeg\" \/>\n<meta name=\"twitter:card\" content=\"summary_large_image\" \/>\n<meta name=\"twitter:label1\" content=\"Szacowany czas czytania\" \/>\n\t<meta name=\"twitter:data1\" content=\"1 minuta\" \/>\n<script type=\"application\/ld+json\" class=\"yoast-schema-graph\">{\"@context\":\"https:\/\/schema.org\",\"@graph\":[{\"@type\":\"WebPage\",\"@id\":\"https:\/\/snekpl.com\/pl\/produkt\/%d0%be%d0%ba%d1%83%d0%bd%d1%8c-%d0%b7-%d1%96%d0%ba%d1%80%d0%be%d1%8e\/\",\"url\":\"https:\/\/snekpl.com\/pl\/produkt\/%d0%be%d0%ba%d1%83%d0%bd%d1%8c-%d0%b7-%d1%96%d0%ba%d1%80%d0%be%d1%8e\/\",\"name\":\"\u041e\u043a\u0443\u043d\u044c \u0437 \u0456\u043a\u0440\u043e\u044e - SNEK.PL\",\"isPartOf\":{\"@id\":\"https:\/\/snekpl.com\/pl\/#website\"},\"primaryImageOfPage\":{\"@id\":\"https:\/\/snekpl.com\/pl\/produkt\/%d0%be%d0%ba%d1%83%d0%bd%d1%8c-%d0%b7-%d1%96%d0%ba%d1%80%d0%be%d1%8e\/#primaryimage\"},\"image\":{\"@id\":\"https:\/\/snekpl.com\/pl\/produkt\/%d0%be%d0%ba%d1%83%d0%bd%d1%8c-%d0%b7-%d1%96%d0%ba%d1%80%d0%be%d1%8e\/#primaryimage\"},\"thumbnailUrl\":\"https:\/\/snekpl.com\/wp-content\/uploads\/2026\/03\/IMG_6685-scaled.jpg\",\"datePublished\":\"2026-03-20T16:19:55+00:00\",\"dateModified\":\"2026-03-20T19:21:51+00:00\",\"breadcrumb\":{\"@id\":\"https:\/\/snekpl.com\/pl\/produkt\/%d0%be%d0%ba%d1%83%d0%bd%d1%8c-%d0%b7-%d1%96%d0%ba%d1%80%d0%be%d1%8e\/#breadcrumb\"},\"inLanguage\":\"pl-PL\",\"potentialAction\":[{\"@type\":\"ReadAction\",\"target\":[\"https:\/\/snekpl.com\/pl\/produkt\/%d0%be%d0%ba%d1%83%d0%bd%d1%8c-%d0%b7-%d1%96%d0%ba%d1%80%d0%be%d1%8e\/\"]}]},{\"@type\":\"ImageObject\",\"inLanguage\":\"pl-PL\",\"@id\":\"https:\/\/snekpl.com\/pl\/produkt\/%d0%be%d0%ba%d1%83%d0%bd%d1%8c-%d0%b7-%d1%96%d0%ba%d1%80%d0%be%d1%8e\/#primaryimage\",\"url\":\"https:\/\/snekpl.com\/wp-content\/uploads\/2026\/03\/IMG_6685-scaled.jpg\",\"contentUrl\":\"https:\/\/snekpl.com\/wp-content\/uploads\/2026\/03\/IMG_6685-scaled.jpg\",\"width\":2560,\"height\":1920},{\"@type\":\"BreadcrumbList\",\"@id\":\"https:\/\/snekpl.com\/pl\/produkt\/%d0%be%d0%ba%d1%83%d0%bd%d1%8c-%d0%b7-%d1%96%d0%ba%d1%80%d0%be%d1%8e\/#breadcrumb\",\"itemListElement\":[{\"@type\":\"ListItem\",\"position\":1,\"name\":\"Home\",\"item\":\"https:\/\/snekpl.com\/pl\/\"},{\"@type\":\"ListItem\",\"position\":2,\"name\":\"Snek\",\"item\":\"https:\/\/snekpl.com\/pl\/\"},{\"@type\":\"ListItem\",\"position\":3,\"name\":\"\u041e\u043a\u0443\u043d\u044c \u0437 \u0456\u043a\u0440\u043e\u044e\"}]},{\"@type\":\"WebSite\",\"@id\":\"https:\/\/snekpl.com\/pl\/#website\",\"url\":\"https:\/\/snekpl.com\/pl\/\",\"name\":\"SNEK.PL\",\"description\":\"SNEK.PL - \u043a\u043e\u043b\u0438 \u0445\u043e\u0447\u0435\u0448 \u0441\u043c\u0430\u0447\u043d\u043e, \u043f\u0440\u043e\u0441\u0442\u043e \u0456 \u043f\u043e-\u0441\u043f\u0440\u0430\u0432\u0436\u043d\u044c\u043e\u043c\u0443\",\"potentialAction\":[{\"@type\":\"SearchAction\",\"target\":{\"@type\":\"EntryPoint\",\"urlTemplate\":\"https:\/\/snekpl.com\/pl\/?s={search_term_string}\"},\"query-input\":{\"@type\":\"PropertyValueSpecification\",\"valueRequired\":true,\"valueName\":\"search_term_string\"}}],\"inLanguage\":\"pl-PL\"}]}<\/script>\n<!-- \/ Yoast SEO Premium plugin. -->","yoast_head_json":{"title":"\u041e\u043a\u0443\u043d\u044c \u0437 \u0456\u043a\u0440\u043e\u044e - SNEK.PL","robots":{"index":"index","follow":"follow","max-snippet":"max-snippet:-1","max-image-preview":"max-image-preview:large","max-video-preview":"max-video-preview:-1"},"canonical":"https:\/\/snekpl.com\/pl\/produkt\/\u043e\u043a\u0443\u043d\u044c-\u0437-\u0456\u043a\u0440\u043e\u044e\/","og_locale":"pl_PL","og_type":"article","og_title":"\u041e\u043a\u0443\u043d\u044c \u0437 \u0456\u043a\u0440\u043e\u044e","og_description":"\u0421\u043c\u0430\u0447\u043d\u0438\u0439 \u0432\u2019\u044f\u043b\u0435\u043d\u0438\u0439 \u043e\u043a\u0443\u043d\u044c \u0437 \u043d\u0430\u0442\u0443\u0440\u0430\u043b\u044c\u043d\u043e\u044e \u0456\u043a\u0440\u043e\u044e \u2014 \u0456\u0434\u0435\u0430\u043b\u044c\u043d\u0430 \u0437\u0430\u043a\u0443\u0441\u043a\u0430 \u0434\u043b\u044f \u043f\u043e\u0446\u0456\u043d\u043e\u0432\u0443\u0432\u0430\u0447\u0456\u0432 \u0440\u0438\u0431\u043a\u0438. \u0420\u0438\u0431\u0430 \u043c\u0430\u0454 \u043d\u0430\u0441\u0438\u0447\u0435\u043d\u0438\u0439 \u0441\u043c\u0430\u043a, \u043f\u0440\u0438\u0454\u043c\u043d\u0443 \u0442\u0435\u043a\u0441\u0442\u0443\u0440\u0443 \u0442\u0430 \u043b\u0435\u0433\u043a\u0443 \u0441\u043e\u043b\u043e\u043d\u0456\u0441\u0442\u044c, \u0430 \u0456\u043a\u0440\u0430 \u0432\u0441\u0435\u0440\u0435\u0434\u0438\u043d\u0456 \u0434\u043e\u0434\u0430\u0454 \u043e\u0441\u043e\u0431\u043b\u0438\u0432\u043e\u0457 \u043f\u0456\u043a\u0430\u043d\u0442\u043d\u043e\u0441\u0442\u0456 \u0439 \u0440\u043e\u0431\u0438\u0442\u044c \u043a\u043e\u0436\u0435\u043d \u0448\u043c\u0430\u0442\u043e\u0447\u043e\u043a \u0449\u0435 \u0431\u0456\u043b\u044c\u0448 \u0430\u0440\u043e\u043c\u0430\u0442\u043d\u0438\u043c.  \u041e\u043a\u0443\u043d\u044c \u0434\u043e\u0431\u0440\u0435 \u043f\u0440\u043e\u0441\u0443\u0448\u0435\u043d\u0438\u0439, \u0437\u0431\u0435\u0440\u0456\u0433\u0430\u0454 \u043f\u0440\u0438\u0440\u043e\u0434\u043d\u0438\u0439 \u0441\u043c\u0430\u043a \u0440\u0438\u0431\u0438 \u0431\u0435\u0437 \u0437\u0430\u0439\u0432\u0438\u0445 \u0434\u043e\u0431\u0430\u0432\u043e\u043a, \u0447\u0443\u0434\u043e\u0432\u043e \u043f\u0456\u0434\u0445\u043e\u0434\u0438\u0442\u044c \u0434\u043e \u043f\u0438\u0432\u0430 \u0430\u0431\u043e \u044f\u043a \u0441\u0430\u043c\u043e\u0441\u0442\u0456\u0439\u043d\u0438\u0439 \u0441\u043d\u0435\u043a.  \u041e\u0434\u043d\u0430 \u0440\u0438\u0431\u043a\u0430 \u0437\u0430\u0432\u0430\u0436\u0443\u0454 60-110 \u0433\u0440\u0430\u043c","og_url":"https:\/\/snekpl.com\/pl\/produkt\/\u043e\u043a\u0443\u043d\u044c-\u0437-\u0456\u043a\u0440\u043e\u044e\/","og_site_name":"SNEK.PL","article_modified_time":"2026-03-20T19:21:51+00:00","og_image":[{"width":2560,"height":1920,"url":"https:\/\/snekpl.com\/wp-content\/uploads\/2026\/03\/IMG_6685-scaled.jpg","type":"image\/jpeg"}],"twitter_card":"summary_large_image","twitter_misc":{"Szacowany czas czytania":"1 minuta"},"schema":{"@context":"https:\/\/schema.org","@graph":[{"@type":"WebPage","@id":"https:\/\/snekpl.com\/pl\/produkt\/%d0%be%d0%ba%d1%83%d0%bd%d1%8c-%d0%b7-%d1%96%d0%ba%d1%80%d0%be%d1%8e\/","url":"https:\/\/snekpl.com\/pl\/produkt\/%d0%be%d0%ba%d1%83%d0%bd%d1%8c-%d0%b7-%d1%96%d0%ba%d1%80%d0%be%d1%8e\/","name":"\u041e\u043a\u0443\u043d\u044c \u0437 \u0456\u043a\u0440\u043e\u044e - SNEK.PL","isPartOf":{"@id":"https:\/\/snekpl.com\/pl\/#website"},"primaryImageOfPage":{"@id":"https:\/\/snekpl.com\/pl\/produkt\/%d0%be%d0%ba%d1%83%d0%bd%d1%8c-%d0%b7-%d1%96%d0%ba%d1%80%d0%be%d1%8e\/#primaryimage"},"image":{"@id":"https:\/\/snekpl.com\/pl\/produkt\/%d0%be%d0%ba%d1%83%d0%bd%d1%8c-%d0%b7-%d1%96%d0%ba%d1%80%d0%be%d1%8e\/#primaryimage"},"thumbnailUrl":"https:\/\/snekpl.com\/wp-content\/uploads\/2026\/03\/IMG_6685-scaled.jpg","datePublished":"2026-03-20T16:19:55+00:00","dateModified":"2026-03-20T19:21:51+00:00","breadcrumb":{"@id":"https:\/\/snekpl.com\/pl\/produkt\/%d0%be%d0%ba%d1%83%d0%bd%d1%8c-%d0%b7-%d1%96%d0%ba%d1%80%d0%be%d1%8e\/#breadcrumb"},"inLanguage":"pl-PL","potentialAction":[{"@type":"ReadAction","target":["https:\/\/snekpl.com\/pl\/produkt\/%d0%be%d0%ba%d1%83%d0%bd%d1%8c-%d0%b7-%d1%96%d0%ba%d1%80%d0%be%d1%8e\/"]}]},{"@type":"ImageObject","inLanguage":"pl-PL","@id":"https:\/\/snekpl.com\/pl\/produkt\/%d0%be%d0%ba%d1%83%d0%bd%d1%8c-%d0%b7-%d1%96%d0%ba%d1%80%d0%be%d1%8e\/#primaryimage","url":"https:\/\/snekpl.com\/wp-content\/uploads\/2026\/03\/IMG_6685-scaled.jpg","contentUrl":"https:\/\/snekpl.com\/wp-content\/uploads\/2026\/03\/IMG_6685-scaled.jpg","width":2560,"height":1920},{"@type":"BreadcrumbList","@id":"https:\/\/snekpl.com\/pl\/produkt\/%d0%be%d0%ba%d1%83%d0%bd%d1%8c-%d0%b7-%d1%96%d0%ba%d1%80%d0%be%d1%8e\/#breadcrumb","itemListElement":[{"@type":"ListItem","position":1,"name":"Home","item":"https:\/\/snekpl.com\/pl\/"},{"@type":"ListItem","position":2,"name":"Snek","item":"https:\/\/snekpl.com\/pl\/"},{"@type":"ListItem","position":3,"name":"\u041e\u043a\u0443\u043d\u044c \u0437 \u0456\u043a\u0440\u043e\u044e"}]},{"@type":"WebSite","@id":"https:\/\/snekpl.com\/pl\/#website","url":"https:\/\/snekpl.com\/pl\/","name":"SNEK.PL","description":"SNEK.PL - \u043a\u043e\u043b\u0438 \u0445\u043e\u0447\u0435\u0448 \u0441\u043c\u0430\u0447\u043d\u043e, \u043f\u0440\u043e\u0441\u0442\u043e \u0456 \u043f\u043e-\u0441\u043f\u0440\u0430\u0432\u0436\u043d\u044c\u043e\u043c\u0443","potentialAction":[{"@type":"SearchAction","target":{"@type":"EntryPoint","urlTemplate":"https:\/\/snekpl.com\/pl\/?s={search_term_string}"},"query-input":{"@type":"PropertyValueSpecification","valueRequired":true,"valueName":"search_term_string"}}],"inLanguage":"pl-PL"}]}},"_links":{"self":[{"href":"https:\/\/snekpl.com\/pl\/wp-json\/wp\/v2\/product\/3287","targetHints":{"allow":["GET"]}}],"collection":[{"href":"https:\/\/snekpl.com\/pl\/wp-json\/wp\/v2\/product"}],"about":[{"href":"https:\/\/snekpl.com\/pl\/wp-json\/wp\/v2\/types\/product"}],"replies":[{"embeddable":true,"href":"https:\/\/snekpl.com\/pl\/wp-json\/wp\/v2\/comments?post=3287"}],"version-history":[{"count":2,"href":"https:\/\/snekpl.com\/pl\/wp-json\/wp\/v2\/product\/3287\/revisions"}],"predecessor-version":[{"id":3295,"href":"https:\/\/snekpl.com\/pl\/wp-json\/wp\/v2\/product\/3287\/revisions\/3295"}],"wp:featuredmedia":[{"embeddable":true,"href":"https:\/\/snekpl.com\/pl\/wp-json\/wp\/v2\/media\/3293"}],"wp:attachment":[{"href":"https:\/\/snekpl.com\/pl\/wp-json\/wp\/v2\/media?parent=3287"}],"wp:term":[{"taxonomy":"product_brand","embeddable":true,"href":"https:\/\/snekpl.com\/pl\/wp-json\/wp\/v2\/product_brand?post=3287"},{"taxonomy":"product_cat","embeddable":true,"href":"https:\/\/snekpl.com\/pl\/wp-json\/wp\/v2\/product_cat?post=3287"},{"taxonomy":"product_tag","embeddable":true,"href":"https:\/\/snekpl.com\/pl\/wp-json\/wp\/v2\/product_tag?post=3287"}],"curies":[{"name":"wp","href":"https:\/\/api.w.org\/{rel}","templated":true}]}}