{"id":3305,"date":"2026-03-20T21:28:40","date_gmt":"2026-03-20T18:28:40","guid":{"rendered":"https:\/\/snekpl.com\/?post_type=product&#038;p=3305"},"modified":"2026-03-20T21:28:40","modified_gmt":"2026-03-20T18:28:40","slug":"%d0%ba%d0%be%d1%80%d1%8e%d1%88%d0%ba%d0%b0-%d0%b7-%d1%96%d0%ba%d1%80%d0%be%d1%8e","status":"publish","type":"product","link":"https:\/\/snekpl.com\/pl\/produkt\/%d0%ba%d0%be%d1%80%d1%8e%d1%88%d0%ba%d0%b0-%d0%b7-%d1%96%d0%ba%d1%80%d0%be%d1%8e\/","title":{"rendered":"Stynka z ikr\u0105"},"content":{"rendered":"","protected":false},"excerpt":{"rendered":"<p>Suszone \u015bledzie z naturaln\u0105 ikr\u0105 \u2014 to wykwintna przek\u0105ska rybna o delikatnym smaku i przyjemnym aromacie. Ryba charakteryzuje si\u0119 mi\u0119kk\u0105 konsystencj\u0105, umiarkowanym stopniem zasolenia oraz wyj\u0105tkowym akcentem \u2014 ikr\u0105 w \u015brodku, kt\u00f3ra nadaje jej g\u0142\u0119bi\u0119 i sprawia, \u017ce smak jest bardziej wyrazisty.<\/p>\n<p>Doskonale nadaje si\u0119 jako przek\u0105ska do napoj\u00f3w lub dla prawdziwych koneser\u00f3w suszonych ryb.<\/p>\n<p>Na 100 gram\u00f3w przypada 10\u201312 sztuk<\/p>","protected":false},"featured_media":3311,"comment_status":"open","ping_status":"closed","template":"","meta":[],"product_brand":[],"product_cat":[290],"product_tag":[],"class_list":{"0":"post-3305","1":"product","2":"type-product","3":"status-publish","4":"has-post-thumbnail","6":"product_cat-ryba-ikra","8":"first","9":"instock","10":"taxable","11":"shipping-taxable","12":"purchasable","13":"product-type-variable"},"yoast_head":"<!-- This site is optimized with the Yoast SEO Premium plugin v25.6 (Yoast SEO v25.6) - https:\/\/yoast.com\/wordpress\/plugins\/seo\/ -->\n<title>\u041a\u043e\u0440\u044e\u0448\u043a\u0430 \u0437 \u0456\u043a\u0440\u043e\u044e - SNEK.PL<\/title>\n<meta name=\"robots\" content=\"index, follow, max-snippet:-1, max-image-preview:large, max-video-preview:-1\" \/>\n<link rel=\"canonical\" href=\"https:\/\/snekpl.com\/pl\/produkt\/\u043a\u043e\u0440\u044e\u0448\u043a\u0430-\u0437-\u0456\u043a\u0440\u043e\u044e\/\" \/>\n<meta property=\"og:locale\" content=\"pl_PL\" \/>\n<meta property=\"og:type\" content=\"article\" \/>\n<meta property=\"og:title\" content=\"\u041a\u043e\u0440\u044e\u0448\u043a\u0430 \u0437 \u0456\u043a\u0440\u043e\u044e\" \/>\n<meta property=\"og:description\" content=\"\u0412\u2019\u044f\u043b\u0435\u043d\u0430 \u043a\u043e\u0440\u044e\u0448\u043a\u0430 \u0437 \u043d\u0430\u0442\u0443\u0440\u0430\u043b\u044c\u043d\u043e\u044e \u0456\u043a\u0440\u043e\u044e \u2014 \u0434\u0435\u043b\u0456\u043a\u0430\u0442\u0435\u0441\u043d\u0438\u0439 \u0440\u0438\u0431\u043d\u0438\u0439 \u0441\u043d\u0435\u043a \u0456\u0437 \u043d\u0456\u0436\u043d\u0438\u043c \u0441\u043c\u0430\u043a\u043e\u043c \u0442\u0430 \u043f\u0440\u0438\u0454\u043c\u043d\u0438\u043c \u0430\u0440\u043e\u043c\u0430\u0442\u043e\u043c. \u0420\u0438\u0431\u0430 \u043c\u0430\u0454 \u043c\u2019\u044f\u043a\u0443 \u0442\u0435\u043a\u0441\u0442\u0443\u0440\u0443, \u043f\u043e\u043c\u0456\u0440\u043d\u0443 \u0441\u043e\u043b\u043e\u043d\u0456\u0441\u0442\u044c \u0456 \u043e\u0441\u043e\u0431\u043b\u0438\u0432\u0443 \u0440\u043e\u0434\u0437\u0438\u043d\u043a\u0443 \u2014 \u0456\u043a\u0440\u0443 \u0432\u0441\u0435\u0440\u0435\u0434\u0438\u043d\u0456, \u044f\u043a\u0430 \u0434\u043e\u0434\u0430\u0454 \u043d\u0430\u0441\u0438\u0447\u0435\u043d\u043e\u0441\u0442\u0456 \u0442\u0430 \u0440\u043e\u0431\u0438\u0442\u044c \u0441\u043c\u0430\u043a \u0431\u0456\u043b\u044c\u0448 \u0432\u0438\u0440\u0430\u0437\u043d\u0438\u043c.  \u0427\u0443\u0434\u043e\u0432\u043e \u043f\u0456\u0434\u0445\u043e\u0434\u0438\u0442\u044c \u044f\u043a \u0437\u0430\u043a\u0443\u0441\u043a\u0430 \u0434\u043e \u043d\u0430\u043f\u043e\u0457\u0432 \u0430\u0431\u043e \u0434\u043b\u044f \u0441\u043f\u0440\u0430\u0432\u0436\u043d\u0456\u0445 \u043f\u043e\u0446\u0456\u043d\u043e\u0432\u0443\u0432\u0430\u0447\u0456\u0432 \u0432\u2019\u044f\u043b\u0435\u043d\u043e\u0457 \u0440\u0438\u0431\u0438.  \u041d\u0430 100 \u0433\u0440\u0430\u043c \u0432\u0438\u0445\u043e\u0434\u0438\u0442\u044c 10-12 \u0448\u0442\" \/>\n<meta property=\"og:url\" content=\"https:\/\/snekpl.com\/pl\/produkt\/\u043a\u043e\u0440\u044e\u0448\u043a\u0430-\u0437-\u0456\u043a\u0440\u043e\u044e\/\" \/>\n<meta property=\"og:site_name\" content=\"SNEK.PL\" \/>\n<meta property=\"og:image\" content=\"https:\/\/snekpl.com\/wp-content\/uploads\/2026\/03\/IMG_6659-scaled.jpg\" \/>\n\t<meta property=\"og:image:width\" content=\"2560\" \/>\n\t<meta property=\"og:image:height\" content=\"1920\" \/>\n\t<meta property=\"og:image:type\" content=\"image\/jpeg\" \/>\n<meta name=\"twitter:card\" content=\"summary_large_image\" \/>\n<meta name=\"twitter:label1\" content=\"Szacowany czas czytania\" \/>\n\t<meta name=\"twitter:data1\" content=\"1 minuta\" \/>\n<script type=\"application\/ld+json\" class=\"yoast-schema-graph\">{\"@context\":\"https:\/\/schema.org\",\"@graph\":[{\"@type\":\"WebPage\",\"@id\":\"https:\/\/snekpl.com\/pl\/produkt\/%d0%ba%d0%be%d1%80%d1%8e%d1%88%d0%ba%d0%b0-%d0%b7-%d1%96%d0%ba%d1%80%d0%be%d1%8e\/\",\"url\":\"https:\/\/snekpl.com\/pl\/produkt\/%d0%ba%d0%be%d1%80%d1%8e%d1%88%d0%ba%d0%b0-%d0%b7-%d1%96%d0%ba%d1%80%d0%be%d1%8e\/\",\"name\":\"\u041a\u043e\u0440\u044e\u0448\u043a\u0430 \u0437 \u0456\u043a\u0440\u043e\u044e - SNEK.PL\",\"isPartOf\":{\"@id\":\"https:\/\/snekpl.com\/pl\/#website\"},\"primaryImageOfPage\":{\"@id\":\"https:\/\/snekpl.com\/pl\/produkt\/%d0%ba%d0%be%d1%80%d1%8e%d1%88%d0%ba%d0%b0-%d0%b7-%d1%96%d0%ba%d1%80%d0%be%d1%8e\/#primaryimage\"},\"image\":{\"@id\":\"https:\/\/snekpl.com\/pl\/produkt\/%d0%ba%d0%be%d1%80%d1%8e%d1%88%d0%ba%d0%b0-%d0%b7-%d1%96%d0%ba%d1%80%d0%be%d1%8e\/#primaryimage\"},\"thumbnailUrl\":\"https:\/\/snekpl.com\/wp-content\/uploads\/2026\/03\/IMG_6659-scaled.jpg\",\"datePublished\":\"2026-03-20T18:28:40+00:00\",\"breadcrumb\":{\"@id\":\"https:\/\/snekpl.com\/pl\/produkt\/%d0%ba%d0%be%d1%80%d1%8e%d1%88%d0%ba%d0%b0-%d0%b7-%d1%96%d0%ba%d1%80%d0%be%d1%8e\/#breadcrumb\"},\"inLanguage\":\"pl-PL\",\"potentialAction\":[{\"@type\":\"ReadAction\",\"target\":[\"https:\/\/snekpl.com\/pl\/produkt\/%d0%ba%d0%be%d1%80%d1%8e%d1%88%d0%ba%d0%b0-%d0%b7-%d1%96%d0%ba%d1%80%d0%be%d1%8e\/\"]}]},{\"@type\":\"ImageObject\",\"inLanguage\":\"pl-PL\",\"@id\":\"https:\/\/snekpl.com\/pl\/produkt\/%d0%ba%d0%be%d1%80%d1%8e%d1%88%d0%ba%d0%b0-%d0%b7-%d1%96%d0%ba%d1%80%d0%be%d1%8e\/#primaryimage\",\"url\":\"https:\/\/snekpl.com\/wp-content\/uploads\/2026\/03\/IMG_6659-scaled.jpg\",\"contentUrl\":\"https:\/\/snekpl.com\/wp-content\/uploads\/2026\/03\/IMG_6659-scaled.jpg\",\"width\":2560,\"height\":1920},{\"@type\":\"BreadcrumbList\",\"@id\":\"https:\/\/snekpl.com\/pl\/produkt\/%d0%ba%d0%be%d1%80%d1%8e%d1%88%d0%ba%d0%b0-%d0%b7-%d1%96%d0%ba%d1%80%d0%be%d1%8e\/#breadcrumb\",\"itemListElement\":[{\"@type\":\"ListItem\",\"position\":1,\"name\":\"Home\",\"item\":\"https:\/\/snekpl.com\/pl\/\"},{\"@type\":\"ListItem\",\"position\":2,\"name\":\"Snek\",\"item\":\"https:\/\/snekpl.com\/pl\/\"},{\"@type\":\"ListItem\",\"position\":3,\"name\":\"\u041a\u043e\u0440\u044e\u0448\u043a\u0430 \u0437 \u0456\u043a\u0440\u043e\u044e\"}]},{\"@type\":\"WebSite\",\"@id\":\"https:\/\/snekpl.com\/pl\/#website\",\"url\":\"https:\/\/snekpl.com\/pl\/\",\"name\":\"SNEK.PL\",\"description\":\"SNEK.PL - \u043a\u043e\u043b\u0438 \u0445\u043e\u0447\u0435\u0448 \u0441\u043c\u0430\u0447\u043d\u043e, \u043f\u0440\u043e\u0441\u0442\u043e \u0456 \u043f\u043e-\u0441\u043f\u0440\u0430\u0432\u0436\u043d\u044c\u043e\u043c\u0443\",\"potentialAction\":[{\"@type\":\"SearchAction\",\"target\":{\"@type\":\"EntryPoint\",\"urlTemplate\":\"https:\/\/snekpl.com\/pl\/?s={search_term_string}\"},\"query-input\":{\"@type\":\"PropertyValueSpecification\",\"valueRequired\":true,\"valueName\":\"search_term_string\"}}],\"inLanguage\":\"pl-PL\"}]}<\/script>\n<!-- \/ Yoast SEO Premium plugin. -->","yoast_head_json":{"title":"\u041a\u043e\u0440\u044e\u0448\u043a\u0430 \u0437 \u0456\u043a\u0440\u043e\u044e - SNEK.PL","robots":{"index":"index","follow":"follow","max-snippet":"max-snippet:-1","max-image-preview":"max-image-preview:large","max-video-preview":"max-video-preview:-1"},"canonical":"https:\/\/snekpl.com\/pl\/produkt\/\u043a\u043e\u0440\u044e\u0448\u043a\u0430-\u0437-\u0456\u043a\u0440\u043e\u044e\/","og_locale":"pl_PL","og_type":"article","og_title":"\u041a\u043e\u0440\u044e\u0448\u043a\u0430 \u0437 \u0456\u043a\u0440\u043e\u044e","og_description":"\u0412\u2019\u044f\u043b\u0435\u043d\u0430 \u043a\u043e\u0440\u044e\u0448\u043a\u0430 \u0437 \u043d\u0430\u0442\u0443\u0440\u0430\u043b\u044c\u043d\u043e\u044e \u0456\u043a\u0440\u043e\u044e \u2014 \u0434\u0435\u043b\u0456\u043a\u0430\u0442\u0435\u0441\u043d\u0438\u0439 \u0440\u0438\u0431\u043d\u0438\u0439 \u0441\u043d\u0435\u043a \u0456\u0437 \u043d\u0456\u0436\u043d\u0438\u043c \u0441\u043c\u0430\u043a\u043e\u043c \u0442\u0430 \u043f\u0440\u0438\u0454\u043c\u043d\u0438\u043c \u0430\u0440\u043e\u043c\u0430\u0442\u043e\u043c. \u0420\u0438\u0431\u0430 \u043c\u0430\u0454 \u043c\u2019\u044f\u043a\u0443 \u0442\u0435\u043a\u0441\u0442\u0443\u0440\u0443, \u043f\u043e\u043c\u0456\u0440\u043d\u0443 \u0441\u043e\u043b\u043e\u043d\u0456\u0441\u0442\u044c \u0456 \u043e\u0441\u043e\u0431\u043b\u0438\u0432\u0443 \u0440\u043e\u0434\u0437\u0438\u043d\u043a\u0443 \u2014 \u0456\u043a\u0440\u0443 \u0432\u0441\u0435\u0440\u0435\u0434\u0438\u043d\u0456, \u044f\u043a\u0430 \u0434\u043e\u0434\u0430\u0454 \u043d\u0430\u0441\u0438\u0447\u0435\u043d\u043e\u0441\u0442\u0456 \u0442\u0430 \u0440\u043e\u0431\u0438\u0442\u044c \u0441\u043c\u0430\u043a \u0431\u0456\u043b\u044c\u0448 \u0432\u0438\u0440\u0430\u0437\u043d\u0438\u043c.  \u0427\u0443\u0434\u043e\u0432\u043e \u043f\u0456\u0434\u0445\u043e\u0434\u0438\u0442\u044c \u044f\u043a \u0437\u0430\u043a\u0443\u0441\u043a\u0430 \u0434\u043e \u043d\u0430\u043f\u043e\u0457\u0432 \u0430\u0431\u043e \u0434\u043b\u044f \u0441\u043f\u0440\u0430\u0432\u0436\u043d\u0456\u0445 \u043f\u043e\u0446\u0456\u043d\u043e\u0432\u0443\u0432\u0430\u0447\u0456\u0432 \u0432\u2019\u044f\u043b\u0435\u043d\u043e\u0457 \u0440\u0438\u0431\u0438.  \u041d\u0430 100 \u0433\u0440\u0430\u043c \u0432\u0438\u0445\u043e\u0434\u0438\u0442\u044c 10-12 \u0448\u0442","og_url":"https:\/\/snekpl.com\/pl\/produkt\/\u043a\u043e\u0440\u044e\u0448\u043a\u0430-\u0437-\u0456\u043a\u0440\u043e\u044e\/","og_site_name":"SNEK.PL","og_image":[{"width":2560,"height":1920,"url":"https:\/\/snekpl.com\/wp-content\/uploads\/2026\/03\/IMG_6659-scaled.jpg","type":"image\/jpeg"}],"twitter_card":"summary_large_image","twitter_misc":{"Szacowany czas czytania":"1 minuta"},"schema":{"@context":"https:\/\/schema.org","@graph":[{"@type":"WebPage","@id":"https:\/\/snekpl.com\/pl\/produkt\/%d0%ba%d0%be%d1%80%d1%8e%d1%88%d0%ba%d0%b0-%d0%b7-%d1%96%d0%ba%d1%80%d0%be%d1%8e\/","url":"https:\/\/snekpl.com\/pl\/produkt\/%d0%ba%d0%be%d1%80%d1%8e%d1%88%d0%ba%d0%b0-%d0%b7-%d1%96%d0%ba%d1%80%d0%be%d1%8e\/","name":"\u041a\u043e\u0440\u044e\u0448\u043a\u0430 \u0437 \u0456\u043a\u0440\u043e\u044e - SNEK.PL","isPartOf":{"@id":"https:\/\/snekpl.com\/pl\/#website"},"primaryImageOfPage":{"@id":"https:\/\/snekpl.com\/pl\/produkt\/%d0%ba%d0%be%d1%80%d1%8e%d1%88%d0%ba%d0%b0-%d0%b7-%d1%96%d0%ba%d1%80%d0%be%d1%8e\/#primaryimage"},"image":{"@id":"https:\/\/snekpl.com\/pl\/produkt\/%d0%ba%d0%be%d1%80%d1%8e%d1%88%d0%ba%d0%b0-%d0%b7-%d1%96%d0%ba%d1%80%d0%be%d1%8e\/#primaryimage"},"thumbnailUrl":"https:\/\/snekpl.com\/wp-content\/uploads\/2026\/03\/IMG_6659-scaled.jpg","datePublished":"2026-03-20T18:28:40+00:00","breadcrumb":{"@id":"https:\/\/snekpl.com\/pl\/produkt\/%d0%ba%d0%be%d1%80%d1%8e%d1%88%d0%ba%d0%b0-%d0%b7-%d1%96%d0%ba%d1%80%d0%be%d1%8e\/#breadcrumb"},"inLanguage":"pl-PL","potentialAction":[{"@type":"ReadAction","target":["https:\/\/snekpl.com\/pl\/produkt\/%d0%ba%d0%be%d1%80%d1%8e%d1%88%d0%ba%d0%b0-%d0%b7-%d1%96%d0%ba%d1%80%d0%be%d1%8e\/"]}]},{"@type":"ImageObject","inLanguage":"pl-PL","@id":"https:\/\/snekpl.com\/pl\/produkt\/%d0%ba%d0%be%d1%80%d1%8e%d1%88%d0%ba%d0%b0-%d0%b7-%d1%96%d0%ba%d1%80%d0%be%d1%8e\/#primaryimage","url":"https:\/\/snekpl.com\/wp-content\/uploads\/2026\/03\/IMG_6659-scaled.jpg","contentUrl":"https:\/\/snekpl.com\/wp-content\/uploads\/2026\/03\/IMG_6659-scaled.jpg","width":2560,"height":1920},{"@type":"BreadcrumbList","@id":"https:\/\/snekpl.com\/pl\/produkt\/%d0%ba%d0%be%d1%80%d1%8e%d1%88%d0%ba%d0%b0-%d0%b7-%d1%96%d0%ba%d1%80%d0%be%d1%8e\/#breadcrumb","itemListElement":[{"@type":"ListItem","position":1,"name":"Home","item":"https:\/\/snekpl.com\/pl\/"},{"@type":"ListItem","position":2,"name":"Snek","item":"https:\/\/snekpl.com\/pl\/"},{"@type":"ListItem","position":3,"name":"\u041a\u043e\u0440\u044e\u0448\u043a\u0430 \u0437 \u0456\u043a\u0440\u043e\u044e"}]},{"@type":"WebSite","@id":"https:\/\/snekpl.com\/pl\/#website","url":"https:\/\/snekpl.com\/pl\/","name":"SNEK.PL","description":"SNEK.PL - \u043a\u043e\u043b\u0438 \u0445\u043e\u0447\u0435\u0448 \u0441\u043c\u0430\u0447\u043d\u043e, \u043f\u0440\u043e\u0441\u0442\u043e \u0456 \u043f\u043e-\u0441\u043f\u0440\u0430\u0432\u0436\u043d\u044c\u043e\u043c\u0443","potentialAction":[{"@type":"SearchAction","target":{"@type":"EntryPoint","urlTemplate":"https:\/\/snekpl.com\/pl\/?s={search_term_string}"},"query-input":{"@type":"PropertyValueSpecification","valueRequired":true,"valueName":"search_term_string"}}],"inLanguage":"pl-PL"}]}},"_links":{"self":[{"href":"https:\/\/snekpl.com\/pl\/wp-json\/wp\/v2\/product\/3305","targetHints":{"allow":["GET"]}}],"collection":[{"href":"https:\/\/snekpl.com\/pl\/wp-json\/wp\/v2\/product"}],"about":[{"href":"https:\/\/snekpl.com\/pl\/wp-json\/wp\/v2\/types\/product"}],"replies":[{"embeddable":true,"href":"https:\/\/snekpl.com\/pl\/wp-json\/wp\/v2\/comments?post=3305"}],"version-history":[{"count":1,"href":"https:\/\/snekpl.com\/pl\/wp-json\/wp\/v2\/product\/3305\/revisions"}],"predecessor-version":[{"id":3312,"href":"https:\/\/snekpl.com\/pl\/wp-json\/wp\/v2\/product\/3305\/revisions\/3312"}],"wp:featuredmedia":[{"embeddable":true,"href":"https:\/\/snekpl.com\/pl\/wp-json\/wp\/v2\/media\/3311"}],"wp:attachment":[{"href":"https:\/\/snekpl.com\/pl\/wp-json\/wp\/v2\/media?parent=3305"}],"wp:term":[{"taxonomy":"product_brand","embeddable":true,"href":"https:\/\/snekpl.com\/pl\/wp-json\/wp\/v2\/product_brand?post=3305"},{"taxonomy":"product_cat","embeddable":true,"href":"https:\/\/snekpl.com\/pl\/wp-json\/wp\/v2\/product_cat?post=3305"},{"taxonomy":"product_tag","embeddable":true,"href":"https:\/\/snekpl.com\/pl\/wp-json\/wp\/v2\/product_tag?post=3305"}],"curies":[{"name":"wp","href":"https:\/\/api.w.org\/{rel}","templated":true}]}}