{"id":3327,"date":"2026-03-21T00:48:39","date_gmt":"2026-03-20T21:48:39","guid":{"rendered":"https:\/\/snekpl.com\/?post_type=product&#038;p=3327"},"modified":"2026-03-21T00:48:40","modified_gmt":"2026-03-20T21:48:40","slug":"%d1%96%d0%ba%d1%80%d0%b0-%d0%be%d0%ba%d1%83%d0%bd%d1%8f-100%d0%b3%d1%80%d0%b0%d0%bc","status":"publish","type":"product","link":"https:\/\/snekpl.com\/pl\/produkt\/%d1%96%d0%ba%d1%80%d0%b0-%d0%be%d0%ba%d1%83%d0%bd%d1%8f-100%d0%b3%d1%80%d0%b0%d0%bc\/","title":{"rendered":"Ikra \u041ekonia 100 g"},"content":{"rendered":"","protected":false},"excerpt":{"rendered":"<p>Suszone ikry okonia to pyszny rybny przysmak o bogatym smaku i przyjemnej, zwartej konsystencji. Umiarkowana s\u0142ono\u015b\u0107 i naturalny aromat sprawiaj\u0105, \u017ce jest to idealna przek\u0105ska do piwa oraz doskona\u0142a propozycja dla mi\u0142o\u015bnik\u00f3w rybnych przek\u0105sek.<\/p>\n<p>\u015awietnie smakuje jako samodzielna przek\u0105ska lub w po\u0142\u0105czeniu z ulubionymi napojami.<br \/>\nNie przykleja si\u0119 do z\u0119b\u00f3w, ma delikatn\u0105 goryczk\u0119, w 100 gramach mie\u015bci si\u0119 3-4 sztuki ikry<\/p>\n<p>Waga: 100 g<\/p>","protected":false},"featured_media":3329,"comment_status":"open","ping_status":"closed","template":"","meta":[],"product_brand":[],"product_cat":[290],"product_tag":[],"class_list":{"0":"post-3327","1":"product","2":"type-product","3":"status-publish","4":"has-post-thumbnail","6":"product_cat-ryba-ikra","8":"first","9":"instock","10":"taxable","11":"shipping-taxable","12":"purchasable","13":"product-type-simple"},"yoast_head":"<!-- This site is optimized with the Yoast SEO Premium plugin v25.6 (Yoast SEO v25.6) - https:\/\/yoast.com\/wordpress\/plugins\/seo\/ -->\n<title>\u0406\u043a\u0440\u0430 \u041e\u043a\u0443\u043d\u044f 100\u0433\u0440\u0430\u043c - SNEK.PL<\/title>\n<meta name=\"robots\" content=\"index, follow, max-snippet:-1, max-image-preview:large, max-video-preview:-1\" \/>\n<link rel=\"canonical\" href=\"https:\/\/snekpl.com\/pl\/produkt\/\u0456\u043a\u0440\u0430-\u043e\u043a\u0443\u043d\u044f-100\u0433\u0440\u0430\u043c\/\" \/>\n<meta property=\"og:locale\" content=\"pl_PL\" \/>\n<meta property=\"og:type\" content=\"article\" \/>\n<meta property=\"og:title\" content=\"\u0406\u043a\u0440\u0430 \u041e\u043a\u0443\u043d\u044f 100\u0433\u0440\u0430\u043c\" \/>\n<meta property=\"og:description\" content=\"\u0412\u2019\u044f\u043b\u0435\u043d\u0430 \u0456\u043a\u0440\u0430 \u043e\u043a\u0443\u043d\u044f \u2014 \u0441\u043c\u0430\u0447\u043d\u0438\u0439 \u0440\u0438\u0431\u043d\u0438\u0439 \u0434\u0435\u043b\u0456\u043a\u0430\u0442\u0435\u0441 \u0456\u0437 \u043d\u0430\u0441\u0438\u0447\u0435\u043d\u0438\u043c \u0441\u043c\u0430\u043a\u043e\u043c \u0442\u0430 \u043f\u0440\u0438\u0454\u043c\u043d\u043e\u044e \u0449\u0456\u043b\u044c\u043d\u043e\u044e \u0442\u0435\u043a\u0441\u0442\u0443\u0440\u043e\u044e. \u041f\u043e\u043c\u0456\u0440\u043d\u0430 \u0441\u043e\u043b\u043e\u043d\u0456\u0441\u0442\u044c \u0456 \u043f\u0440\u0438\u0440\u043e\u0434\u043d\u0438\u0439 \u0430\u0440\u043e\u043c\u0430\u0442 \u0440\u043e\u0431\u043b\u044f\u0442\u044c \u0457\u0457 \u0456\u0434\u0435\u0430\u043b\u044c\u043d\u043e\u044e \u0437\u0430\u043a\u0443\u0441\u043a\u043e\u044e \u0434\u043e \u043f\u0438\u0432\u0430 \u0442\u0430 \u0447\u0443\u0434\u043e\u0432\u0438\u043c \u0432\u0430\u0440\u0456\u0430\u043d\u0442\u043e\u043c \u0434\u043b\u044f \u043f\u043e\u0446\u0456\u043d\u043e\u0432\u0443\u0432\u0430\u0447\u0456\u0432 \u0440\u0438\u0431\u043d\u0438\u0445 \u0441\u043d\u0435\u043a\u0456\u0432.  \u0414\u043e\u0431\u0440\u0435 \u0441\u043c\u0430\u043a\u0443\u0454 \u044f\u043a \u0441\u0430\u043c\u043e\u0441\u0442\u0456\u0439\u043d\u0438\u0439 \u043f\u0435\u0440\u0435\u043a\u0443\u0441 \u0430\u0431\u043e \u0443 \u043a\u043e\u043c\u043f\u0430\u043d\u0456\u0457 \u0437 \u0443\u043b\u044e\u0431\u043b\u0435\u043d\u0438\u043c\u0438 \u043d\u0430\u043f\u043e\u044f\u043c\u0438. \u041d\u0435 \u043b\u0438\u043f\u043d\u0435 \u0434\u043e \u0437\u0443\u0431\u0456\u0432, \u043c\u0430\u0454 \u043b\u0435\u0433\u0435\u043d\u044c\u043a\u0443 \u0433\u0456\u0440\u0447\u0438\u043d\u043a\u0443, \u043d\u0430 100 \u0433\u0440\u0430\u043c \u0432\u0438\u0445\u043e\u0434\u0438\u0442\u044c 3-4 \u0448\u0442 \u0456\u043a\u0440\u0438  \u0413\u0440\u0430\u043c\u0438: 100 \u0433\u0440\u0430\u043c\" \/>\n<meta property=\"og:url\" content=\"https:\/\/snekpl.com\/pl\/produkt\/\u0456\u043a\u0440\u0430-\u043e\u043a\u0443\u043d\u044f-100\u0433\u0440\u0430\u043c\/\" \/>\n<meta property=\"og:site_name\" content=\"SNEK.PL\" \/>\n<meta property=\"article:modified_time\" content=\"2026-03-20T21:48:40+00:00\" \/>\n<meta property=\"og:image\" content=\"https:\/\/snekpl.com\/wp-content\/uploads\/2026\/03\/11zon_IMG_6486-scaled.webp\" \/>\n\t<meta property=\"og:image:width\" content=\"2560\" \/>\n\t<meta property=\"og:image:height\" content=\"1920\" \/>\n\t<meta property=\"og:image:type\" content=\"image\/webp\" \/>\n<meta name=\"twitter:card\" content=\"summary_large_image\" \/>\n<meta name=\"twitter:label1\" content=\"Szacowany czas czytania\" \/>\n\t<meta name=\"twitter:data1\" content=\"1 minuta\" \/>\n<script type=\"application\/ld+json\" class=\"yoast-schema-graph\">{\"@context\":\"https:\/\/schema.org\",\"@graph\":[{\"@type\":\"WebPage\",\"@id\":\"https:\/\/snekpl.com\/pl\/produkt\/%d1%96%d0%ba%d1%80%d0%b0-%d0%be%d0%ba%d1%83%d0%bd%d1%8f-100%d0%b3%d1%80%d0%b0%d0%bc\/\",\"url\":\"https:\/\/snekpl.com\/pl\/produkt\/%d1%96%d0%ba%d1%80%d0%b0-%d0%be%d0%ba%d1%83%d0%bd%d1%8f-100%d0%b3%d1%80%d0%b0%d0%bc\/\",\"name\":\"\u0406\u043a\u0440\u0430 \u041e\u043a\u0443\u043d\u044f 100\u0433\u0440\u0430\u043c - SNEK.PL\",\"isPartOf\":{\"@id\":\"https:\/\/snekpl.com\/pl\/#website\"},\"primaryImageOfPage\":{\"@id\":\"https:\/\/snekpl.com\/pl\/produkt\/%d1%96%d0%ba%d1%80%d0%b0-%d0%be%d0%ba%d1%83%d0%bd%d1%8f-100%d0%b3%d1%80%d0%b0%d0%bc\/#primaryimage\"},\"image\":{\"@id\":\"https:\/\/snekpl.com\/pl\/produkt\/%d1%96%d0%ba%d1%80%d0%b0-%d0%be%d0%ba%d1%83%d0%bd%d1%8f-100%d0%b3%d1%80%d0%b0%d0%bc\/#primaryimage\"},\"thumbnailUrl\":\"https:\/\/snekpl.com\/wp-content\/uploads\/2026\/03\/11zon_IMG_6486-scaled.webp\",\"datePublished\":\"2026-03-20T21:48:39+00:00\",\"dateModified\":\"2026-03-20T21:48:40+00:00\",\"breadcrumb\":{\"@id\":\"https:\/\/snekpl.com\/pl\/produkt\/%d1%96%d0%ba%d1%80%d0%b0-%d0%be%d0%ba%d1%83%d0%bd%d1%8f-100%d0%b3%d1%80%d0%b0%d0%bc\/#breadcrumb\"},\"inLanguage\":\"pl-PL\",\"potentialAction\":[{\"@type\":\"ReadAction\",\"target\":[\"https:\/\/snekpl.com\/pl\/produkt\/%d1%96%d0%ba%d1%80%d0%b0-%d0%be%d0%ba%d1%83%d0%bd%d1%8f-100%d0%b3%d1%80%d0%b0%d0%bc\/\"]}]},{\"@type\":\"ImageObject\",\"inLanguage\":\"pl-PL\",\"@id\":\"https:\/\/snekpl.com\/pl\/produkt\/%d1%96%d0%ba%d1%80%d0%b0-%d0%be%d0%ba%d1%83%d0%bd%d1%8f-100%d0%b3%d1%80%d0%b0%d0%bc\/#primaryimage\",\"url\":\"https:\/\/snekpl.com\/wp-content\/uploads\/2026\/03\/11zon_IMG_6486-scaled.webp\",\"contentUrl\":\"https:\/\/snekpl.com\/wp-content\/uploads\/2026\/03\/11zon_IMG_6486-scaled.webp\",\"width\":2560,\"height\":1920},{\"@type\":\"BreadcrumbList\",\"@id\":\"https:\/\/snekpl.com\/pl\/produkt\/%d1%96%d0%ba%d1%80%d0%b0-%d0%be%d0%ba%d1%83%d0%bd%d1%8f-100%d0%b3%d1%80%d0%b0%d0%bc\/#breadcrumb\",\"itemListElement\":[{\"@type\":\"ListItem\",\"position\":1,\"name\":\"Home\",\"item\":\"https:\/\/snekpl.com\/pl\/\"},{\"@type\":\"ListItem\",\"position\":2,\"name\":\"Snek\",\"item\":\"https:\/\/snekpl.com\/pl\/\"},{\"@type\":\"ListItem\",\"position\":3,\"name\":\"\u0406\u043a\u0440\u0430 \u041e\u043a\u0443\u043d\u044f 100\u0433\u0440\u0430\u043c\"}]},{\"@type\":\"WebSite\",\"@id\":\"https:\/\/snekpl.com\/pl\/#website\",\"url\":\"https:\/\/snekpl.com\/pl\/\",\"name\":\"SNEK.PL\",\"description\":\"SNEK.PL - \u043a\u043e\u043b\u0438 \u0445\u043e\u0447\u0435\u0448 \u0441\u043c\u0430\u0447\u043d\u043e, \u043f\u0440\u043e\u0441\u0442\u043e \u0456 \u043f\u043e-\u0441\u043f\u0440\u0430\u0432\u0436\u043d\u044c\u043e\u043c\u0443\",\"potentialAction\":[{\"@type\":\"SearchAction\",\"target\":{\"@type\":\"EntryPoint\",\"urlTemplate\":\"https:\/\/snekpl.com\/pl\/?s={search_term_string}\"},\"query-input\":{\"@type\":\"PropertyValueSpecification\",\"valueRequired\":true,\"valueName\":\"search_term_string\"}}],\"inLanguage\":\"pl-PL\"}]}<\/script>\n<!-- \/ Yoast SEO Premium plugin. -->","yoast_head_json":{"title":"\u0406\u043a\u0440\u0430 \u041e\u043a\u0443\u043d\u044f 100\u0433\u0440\u0430\u043c - SNEK.PL","robots":{"index":"index","follow":"follow","max-snippet":"max-snippet:-1","max-image-preview":"max-image-preview:large","max-video-preview":"max-video-preview:-1"},"canonical":"https:\/\/snekpl.com\/pl\/produkt\/\u0456\u043a\u0440\u0430-\u043e\u043a\u0443\u043d\u044f-100\u0433\u0440\u0430\u043c\/","og_locale":"pl_PL","og_type":"article","og_title":"\u0406\u043a\u0440\u0430 \u041e\u043a\u0443\u043d\u044f 100\u0433\u0440\u0430\u043c","og_description":"\u0412\u2019\u044f\u043b\u0435\u043d\u0430 \u0456\u043a\u0440\u0430 \u043e\u043a\u0443\u043d\u044f \u2014 \u0441\u043c\u0430\u0447\u043d\u0438\u0439 \u0440\u0438\u0431\u043d\u0438\u0439 \u0434\u0435\u043b\u0456\u043a\u0430\u0442\u0435\u0441 \u0456\u0437 \u043d\u0430\u0441\u0438\u0447\u0435\u043d\u0438\u043c \u0441\u043c\u0430\u043a\u043e\u043c \u0442\u0430 \u043f\u0440\u0438\u0454\u043c\u043d\u043e\u044e \u0449\u0456\u043b\u044c\u043d\u043e\u044e \u0442\u0435\u043a\u0441\u0442\u0443\u0440\u043e\u044e. \u041f\u043e\u043c\u0456\u0440\u043d\u0430 \u0441\u043e\u043b\u043e\u043d\u0456\u0441\u0442\u044c \u0456 \u043f\u0440\u0438\u0440\u043e\u0434\u043d\u0438\u0439 \u0430\u0440\u043e\u043c\u0430\u0442 \u0440\u043e\u0431\u043b\u044f\u0442\u044c \u0457\u0457 \u0456\u0434\u0435\u0430\u043b\u044c\u043d\u043e\u044e \u0437\u0430\u043a\u0443\u0441\u043a\u043e\u044e \u0434\u043e \u043f\u0438\u0432\u0430 \u0442\u0430 \u0447\u0443\u0434\u043e\u0432\u0438\u043c \u0432\u0430\u0440\u0456\u0430\u043d\u0442\u043e\u043c \u0434\u043b\u044f \u043f\u043e\u0446\u0456\u043d\u043e\u0432\u0443\u0432\u0430\u0447\u0456\u0432 \u0440\u0438\u0431\u043d\u0438\u0445 \u0441\u043d\u0435\u043a\u0456\u0432.  \u0414\u043e\u0431\u0440\u0435 \u0441\u043c\u0430\u043a\u0443\u0454 \u044f\u043a \u0441\u0430\u043c\u043e\u0441\u0442\u0456\u0439\u043d\u0438\u0439 \u043f\u0435\u0440\u0435\u043a\u0443\u0441 \u0430\u0431\u043e \u0443 \u043a\u043e\u043c\u043f\u0430\u043d\u0456\u0457 \u0437 \u0443\u043b\u044e\u0431\u043b\u0435\u043d\u0438\u043c\u0438 \u043d\u0430\u043f\u043e\u044f\u043c\u0438. \u041d\u0435 \u043b\u0438\u043f\u043d\u0435 \u0434\u043e \u0437\u0443\u0431\u0456\u0432, \u043c\u0430\u0454 \u043b\u0435\u0433\u0435\u043d\u044c\u043a\u0443 \u0433\u0456\u0440\u0447\u0438\u043d\u043a\u0443, \u043d\u0430 100 \u0433\u0440\u0430\u043c \u0432\u0438\u0445\u043e\u0434\u0438\u0442\u044c 3-4 \u0448\u0442 \u0456\u043a\u0440\u0438  \u0413\u0440\u0430\u043c\u0438: 100 \u0433\u0440\u0430\u043c","og_url":"https:\/\/snekpl.com\/pl\/produkt\/\u0456\u043a\u0440\u0430-\u043e\u043a\u0443\u043d\u044f-100\u0433\u0440\u0430\u043c\/","og_site_name":"SNEK.PL","article_modified_time":"2026-03-20T21:48:40+00:00","og_image":[{"width":2560,"height":1920,"url":"https:\/\/snekpl.com\/wp-content\/uploads\/2026\/03\/11zon_IMG_6486-scaled.webp","type":"image\/webp"}],"twitter_card":"summary_large_image","twitter_misc":{"Szacowany czas czytania":"1 minuta"},"schema":{"@context":"https:\/\/schema.org","@graph":[{"@type":"WebPage","@id":"https:\/\/snekpl.com\/pl\/produkt\/%d1%96%d0%ba%d1%80%d0%b0-%d0%be%d0%ba%d1%83%d0%bd%d1%8f-100%d0%b3%d1%80%d0%b0%d0%bc\/","url":"https:\/\/snekpl.com\/pl\/produkt\/%d1%96%d0%ba%d1%80%d0%b0-%d0%be%d0%ba%d1%83%d0%bd%d1%8f-100%d0%b3%d1%80%d0%b0%d0%bc\/","name":"\u0406\u043a\u0440\u0430 \u041e\u043a\u0443\u043d\u044f 100\u0433\u0440\u0430\u043c - SNEK.PL","isPartOf":{"@id":"https:\/\/snekpl.com\/pl\/#website"},"primaryImageOfPage":{"@id":"https:\/\/snekpl.com\/pl\/produkt\/%d1%96%d0%ba%d1%80%d0%b0-%d0%be%d0%ba%d1%83%d0%bd%d1%8f-100%d0%b3%d1%80%d0%b0%d0%bc\/#primaryimage"},"image":{"@id":"https:\/\/snekpl.com\/pl\/produkt\/%d1%96%d0%ba%d1%80%d0%b0-%d0%be%d0%ba%d1%83%d0%bd%d1%8f-100%d0%b3%d1%80%d0%b0%d0%bc\/#primaryimage"},"thumbnailUrl":"https:\/\/snekpl.com\/wp-content\/uploads\/2026\/03\/11zon_IMG_6486-scaled.webp","datePublished":"2026-03-20T21:48:39+00:00","dateModified":"2026-03-20T21:48:40+00:00","breadcrumb":{"@id":"https:\/\/snekpl.com\/pl\/produkt\/%d1%96%d0%ba%d1%80%d0%b0-%d0%be%d0%ba%d1%83%d0%bd%d1%8f-100%d0%b3%d1%80%d0%b0%d0%bc\/#breadcrumb"},"inLanguage":"pl-PL","potentialAction":[{"@type":"ReadAction","target":["https:\/\/snekpl.com\/pl\/produkt\/%d1%96%d0%ba%d1%80%d0%b0-%d0%be%d0%ba%d1%83%d0%bd%d1%8f-100%d0%b3%d1%80%d0%b0%d0%bc\/"]}]},{"@type":"ImageObject","inLanguage":"pl-PL","@id":"https:\/\/snekpl.com\/pl\/produkt\/%d1%96%d0%ba%d1%80%d0%b0-%d0%be%d0%ba%d1%83%d0%bd%d1%8f-100%d0%b3%d1%80%d0%b0%d0%bc\/#primaryimage","url":"https:\/\/snekpl.com\/wp-content\/uploads\/2026\/03\/11zon_IMG_6486-scaled.webp","contentUrl":"https:\/\/snekpl.com\/wp-content\/uploads\/2026\/03\/11zon_IMG_6486-scaled.webp","width":2560,"height":1920},{"@type":"BreadcrumbList","@id":"https:\/\/snekpl.com\/pl\/produkt\/%d1%96%d0%ba%d1%80%d0%b0-%d0%be%d0%ba%d1%83%d0%bd%d1%8f-100%d0%b3%d1%80%d0%b0%d0%bc\/#breadcrumb","itemListElement":[{"@type":"ListItem","position":1,"name":"Home","item":"https:\/\/snekpl.com\/pl\/"},{"@type":"ListItem","position":2,"name":"Snek","item":"https:\/\/snekpl.com\/pl\/"},{"@type":"ListItem","position":3,"name":"\u0406\u043a\u0440\u0430 \u041e\u043a\u0443\u043d\u044f 100\u0433\u0440\u0430\u043c"}]},{"@type":"WebSite","@id":"https:\/\/snekpl.com\/pl\/#website","url":"https:\/\/snekpl.com\/pl\/","name":"SNEK.PL","description":"SNEK.PL - \u043a\u043e\u043b\u0438 \u0445\u043e\u0447\u0435\u0448 \u0441\u043c\u0430\u0447\u043d\u043e, \u043f\u0440\u043e\u0441\u0442\u043e \u0456 \u043f\u043e-\u0441\u043f\u0440\u0430\u0432\u0436\u043d\u044c\u043e\u043c\u0443","potentialAction":[{"@type":"SearchAction","target":{"@type":"EntryPoint","urlTemplate":"https:\/\/snekpl.com\/pl\/?s={search_term_string}"},"query-input":{"@type":"PropertyValueSpecification","valueRequired":true,"valueName":"search_term_string"}}],"inLanguage":"pl-PL"}]}},"_links":{"self":[{"href":"https:\/\/snekpl.com\/pl\/wp-json\/wp\/v2\/product\/3327","targetHints":{"allow":["GET"]}}],"collection":[{"href":"https:\/\/snekpl.com\/pl\/wp-json\/wp\/v2\/product"}],"about":[{"href":"https:\/\/snekpl.com\/pl\/wp-json\/wp\/v2\/types\/product"}],"replies":[{"embeddable":true,"href":"https:\/\/snekpl.com\/pl\/wp-json\/wp\/v2\/comments?post=3327"}],"version-history":[{"count":1,"href":"https:\/\/snekpl.com\/pl\/wp-json\/wp\/v2\/product\/3327\/revisions"}],"predecessor-version":[{"id":3331,"href":"https:\/\/snekpl.com\/pl\/wp-json\/wp\/v2\/product\/3327\/revisions\/3331"}],"wp:featuredmedia":[{"embeddable":true,"href":"https:\/\/snekpl.com\/pl\/wp-json\/wp\/v2\/media\/3329"}],"wp:attachment":[{"href":"https:\/\/snekpl.com\/pl\/wp-json\/wp\/v2\/media?parent=3327"}],"wp:term":[{"taxonomy":"product_brand","embeddable":true,"href":"https:\/\/snekpl.com\/pl\/wp-json\/wp\/v2\/product_brand?post=3327"},{"taxonomy":"product_cat","embeddable":true,"href":"https:\/\/snekpl.com\/pl\/wp-json\/wp\/v2\/product_cat?post=3327"},{"taxonomy":"product_tag","embeddable":true,"href":"https:\/\/snekpl.com\/pl\/wp-json\/wp\/v2\/product_tag?post=3327"}],"curies":[{"name":"wp","href":"https:\/\/api.w.org\/{rel}","templated":true}]}}